{"id":2328,"date":"2015-08-10T05:53:44","date_gmt":"2015-08-10T05:53:44","guid":{"rendered":"http:\/\/yachtcharter-connection.com.w01e47c6.kasserver.com\/fethiye-938\/"},"modified":"2017-07-16T05:57:53","modified_gmt":"2017-07-16T03:57:53","slug":"fethiye-938","status":"publish","type":"page","link":"https:\/\/yachtcharter-connection.com\/de\/regionen\/mittelmeer\/yachtcharter-tuerkische-kueste\/fethiye-938\/","title":{"rendered":"Fethiye"},"content":{"rendered":"<h3>Yachtcharter Fethiye<\/h3>\n<p><img loading=\"lazy\" class=\"content-image\"  width=\"300\" height=\"200\" alt=\"\" src=\"https:\/\/yachtcharter-connection.com\/wp-content\/uploads\/converted_files\/19822\/19822-5624e311e1973.jpg\" \/>Die Yachtcharter-Destination Fethiye, Hafenstadt mit \u00fcber 60.000 Einwohnern, beliebter Ferienort und Sitz mehrerer Yachtcharter Fethiye-Anbieter, liegt im S\u00fcden der t\u00fcrkischen Mittelmeerk\u00fcste. Nur rund 50 Kilometer vom Flughafen Dalaman entfernt befindet sich  das eher beschauliche, sehr beliebte und vertr\u00e4umte Seglerparadies, wo auch weniger erfahrene Yachtcharter Fethiye- Crews mit ihren Segelyachten voll auf ihre Kosten kommen. <\/p>\n<p>Der Golf von Fethiye gilt als wellenarm &#8211; trotzdem weht in der Gegend um die t\u00fcrkische Mittelmeerstadt meist ein stetiger Wind:  Der Meltemi kommt hier von April bis September haupts\u00e4chlich aus westlicher Richtung und sorgt f\u00fcr ideales Segelwetter. <\/p>\n<p>\nDas idyllische Yachtcharter Fethiye-Revier verf\u00fcgt \u00fcber zahlreiche kleine Ankerbuchten, Kaps und Inseln, sowie tolle M\u00f6glichkeiten zum Baden und Schnorcheln. Besonders beliebt ist der in einer Bucht gelegene wei\u00dfe Sandstrand \u00d6l\u00fcdeniz mit t\u00fcrkisblauem Meer, nur etwa 14 Kilometer vom Stadtzentrum entfernt. Vom Yachtcharter Fethiye-St\u00fctzpunkt aus stehen die Segelreviere gen Westen Richtung <a href=\"https:\/\/yachtcharter-connection.com\/wp-content\/uploads\/converted_files\/19822\/19822-5624e3135a973.jpg\">Marmaris<\/a> und<a href=\"https:\/\/yachtcharter-connection.com\/wp-content\/uploads\/converted_files\/19822\/19822-5624e3147b858.jpg\"> Bodrum<\/a> ebenso offen wie der Kurs gen Osten. Auch Abstecher in den Dodekanes nach <a href=\"~\/Yachtcharter_griechenland\/rhodos.html\">Rhodos<\/a> oder <a href=\"~\/Yachtcharter_griechenland\/kos.html\">Kos<\/a> sind kein Problem,<\/p>\n<h4>Yachtcharter Fethiye &#8211; Yachth\u00e4fen und die Stadt<\/h4>\n<p>\nF\u00fcr Yachtcharter Fethiye-Crews bieten zwei Marinas s\u00e4mtliche Service-Leistungen mit den gewohnten Standards. Hier liegen Segelyachten und Boote aller Gr\u00f6\u00dfenklassen. Die 2003 in Betrieb genommene ECE Marina &ndash; Ece Saray Marina &#038; Resort &#8211;  mit 465 Liegepl\u00e4tzen bietet neben einer beeindruckenden Architektur auch ein 5-Sterne-Hotel mit Fitness- und Wellness-Einrichtungen. Das Stadtzentrum ist von hier aus in weniger als einer halben Stunde zu Fu\u00df erreichbar. Die Yes-Marina mit 30 Liegepl\u00e4tzen im s\u00fcdwestlichen Teil der Bucht von Fethiye liegt etwa 15 Fu\u00dfminuten vom Ort entfernt.<\/p>\n<p>\nAls Yachtcharter-Destination ist Fethiye ideal: Die Altstadt bietet Bars, Restaurants, Cafes und Shops sowie Sehensw\u00fcrdigkeiten als Tagesausflugsziele. Ein Besuch eines der zahlreichen Restaurants ist wegen der sehr abwechslungsreichen K\u00fcche ohnehin ein Muss. Doch die Stadt hat Yachtcharter Fethiye-Crews weit mehr zu bieten. Fethye wurde erbaut auf den Ruinen der antiken Stadt Telmessos, deren Geschichte bis ins 5. Jahrhundert vor Christus zur\u00fcckverfolgt werden kann, und 1957 von einem Erdbeben fast zerst\u00f6rt. Einiges aus der alten Zeit ist erhalten geblieben, sehenswert f\u00fcr an der Historie interessierte Yachtcharter Fethye-Crews. Einen \u00dcberblick \u00fcber die verschiedenen Kulturen gibt es im Historischen Museum von Fethiye. Direkt oberhalb des Ortes in einer steilen Felswand sollte man sich auf jeden Fall die lykischen Felsengr\u00e4ber mit dem Tempelgrab des Amyntas aus dem 4. Jahrhundert v. Christus anschauen. Im n\u00e4heren Umkreis des Grabes befinden sich eine Reihe weiterer Felsengr\u00e4ber-. Einige davon stammen aus dem 6. Jahrhundert v. Christus. Allein wegen der atemberaubenden Sicht, die man von hier aus \u00fcber die Stadt und die gesamte Bucht hat, lohnt sich die Besichtigung! Auch sehenswert f\u00fcr Yachtcharter-Crews: die Ruinen des hellenistischen Theaters Im S\u00fcdwesten von Fethiye, das f\u00fcr 6.000 Zuschauer angelegt ist und in dem auch heute noch gelegentlich Auff\u00fchrungen stattfinden. Auch die Reste der mit Hilfe Genuas erbauten Johanniterburg auf dem H\u00fcgel \u00fcber der Stadt aus dem 15. Jahrhundert, die Moschee Eski Cami und das traditionelle t\u00fcrkische Hamam sind einen Besuch wert.<\/p>\n<p>\n<strong>Charteryachten Fethiye: <\/strong>F\u00fcr Yachtcharter Fethiye-Crews steht eine Charterflotte von Segelyachten fast aller gro\u00dfen Hersteller &ndash; Beneteau mit Oceanis und Cyclades, Hanse Yachten, Bavaria, Jeanneau Sun Odyssey, Dufour sowie Segelkatamarane von Lagoon und Fountaine Pajot zur Verf\u00fcgung. Chartern Sie die beste  Yacht f\u00fcr Ihren Segelurlaub in der T\u00fcrkei ab Fethiye online &ndash; oder fragen Sie uns nach Angeboten &ndash; wir beraten Sie gern. <\/p>\n","protected":false},"excerpt":{"rendered":"<p>Yachtcharter Fethiye Die Yachtcharter-Destination Fethiye, Hafenstadt mit \u00fcber 60.000 Einwohnern, beliebter Ferienort und Sitz mehrerer Yachtcharter Fethiye-Anbieter, liegt im S\u00fcden der t\u00fcrkischen Mittelmeerk\u00fcste. Nur rund 50 Kilometer vom Flughafen Dalaman entfernt befindet sich das eher beschauliche, sehr beliebte und vertr\u00e4umte Seglerparadies, wo auch weniger erfahrene Yachtcharter Fethiye- Crews mit ihren<\/p>\n","protected":false},"author":11,"featured_media":0,"parent":740,"menu_order":0,"comment_status":"open","ping_status":"open","template":"","meta":[],"aioseo_notices":[],"_links":{"self":[{"href":"https:\/\/yachtcharter-connection.com\/de\/wp-json\/wp\/v2\/pages\/2328"}],"collection":[{"href":"https:\/\/yachtcharter-connection.com\/de\/wp-json\/wp\/v2\/pages"}],"about":[{"href":"https:\/\/yachtcharter-connection.com\/de\/wp-json\/wp\/v2\/types\/page"}],"author":[{"embeddable":true,"href":"https:\/\/yachtcharter-connection.com\/de\/wp-json\/wp\/v2\/users\/11"}],"replies":[{"embeddable":true,"href":"https:\/\/yachtcharter-connection.com\/de\/wp-json\/wp\/v2\/comments?post=2328"}],"version-history":[{"count":1,"href":"https:\/\/yachtcharter-connection.com\/de\/wp-json\/wp\/v2\/pages\/2328\/revisions"}],"predecessor-version":[{"id":13048,"href":"https:\/\/yachtcharter-connection.com\/de\/wp-json\/wp\/v2\/pages\/2328\/revisions\/13048"}],"up":[{"embeddable":true,"href":"https:\/\/yachtcharter-connection.com\/de\/wp-json\/wp\/v2\/pages\/740"}],"wp:attachment":[{"href":"https:\/\/yachtcharter-connection.com\/de\/wp-json\/wp\/v2\/media?parent=2328"}],"curies":[{"name":"wp","href":"https:\/\/api.w.org\/{rel}","templated":true}]}}