{"id":2329,"date":"2015-08-10T05:53:44","date_gmt":"2015-08-10T05:53:44","guid":{"rendered":"http:\/\/yachtcharter-connection.com.w01e47c6.kasserver.com\/bodrum-277\/"},"modified":"2017-07-16T05:48:00","modified_gmt":"2017-07-16T03:48:00","slug":"bodrum-277","status":"publish","type":"page","link":"https:\/\/yachtcharter-connection.com\/de\/regionen\/mittelmeer\/yachtcharter-tuerkische-kueste\/bodrum-277\/","title":{"rendered":"Bodrum"},"content":{"rendered":"<h3>Yachtcharter Bodrum<\/h3>\n<p>\n<img class=\"content-image\"  src=\"https:\/\/yachtcharter-connection.com\/wp-content\/uploads\/converted_files\/19823\/19823-5624e31913971.jpg\" alt=\"T&#252;rkei-Yachtcharter-Bodrum\" style=\"width: 300px; height: 200px;\" \/>Bodrum, eine moderne quirlige Stadt mit historischem Flair und beliebter Ausgangspunkt f\u00fcr Yachtcharter T\u00fcrkei-T\u00f6rns, wurde auf den Ruinen einer Siedlung der Griechen gebaut und gilt als eine der \u00e4ltestesten t\u00fcrkischen K\u00fcstenst\u00e4dte. Heute ist die Yachtcharter-Destination Bodrum, manchmal auch als &quot;St. Topez der T\u00fcrkei&quot; bezeichnet, attraktiver Treffpunkt f\u00fcr eine gehobene Urlauber-Klientel und ein Zentrum, f\u00fcr alles was schwimmt &ndash; Yachten, Fischerboote, Ausflugsschiffe. Auch die beliebten Gulets gehen von hier auf ihre &bdquo;Blaue Reise&ldquo; &ndash; oft oneway nach Marmaris. Yachtcharter Bodrum-Crews haben beim Shoppen im Ort und im Bazaar die Qual der Wahl zwischen \u00fcber tausend Shops f\u00fcr Gold, Teppiche, Kleidung etc. &#8211; und k\u00f6nnen vor dem Start zum Yachtcharter Bodrum-T\u00f6rn noch ausgiebig die Restaurantszene testen oder Nightlife genie\u00dfen. Touristisches Highlight, das eine Besichtigung lohnen: das Kastell St. Peter, eine Kreuzritterburg, die fast original erhalten ist &#8211; darin befindet sich auch ein Museum mit Exponaten, die teils mehrere tausend Jahre alt sind.<\/p>\n<h3>Yachtcharter Bodrum-Marinas: Milta Marina, Turgutreis Marina und Palmarina \/ Port Bodrum Yalikavak<\/h3>\n<p>\nDie Yachtcharter Bodrum-St\u00fctzpunkte befinden sich in drei verschiedenen Yachtcharter-Marinas: die Marina Milta liegt direkt im Ort,  die Turgutreis-Marina etwas au\u00dferhalb in westlicher Richtung, und die <a target=\"_blank\" href=\"https:\/\/yachtcharter-connection.com\/wp-content\/uploads\/converted_files\/19823\/19823-5624e31aa64af.jpg\">Palmarina, ehemals Port Bodrum Marina Yalikavak<\/a> etwas weiter entfernt auf der Bodrum-Halbinsel. Alle Yachtcharter Bodrum-Anbieter organisieren auch Transfers. <\/p>\n<p>An Infrastruktur f\u00fcr die Yachtcharter Bodrum-Crews l\u00e4sst die Marina Milta in der gro\u00dfen Hafenbucht, dir von dem alten Kastell \u00fcberragt wird, nichts zu w\u00fcnschen \u00fcbrig. Sie gilt als eine der besten Europas &#8211; und bietet neben Sanit\u00e4ranlagen, W\u00e4scherei und Supermarkt nat\u00fcrlich mehrere Restaurants und Bars &#8211; die Bordk\u00fcche der Yachtcharter Bodrum-Crews sollte hier besser kalt bleiben &#8211; sowie Designer-Boutiquen. Die malerischen Gassen und die Promenade am Meer mit vielen Palmen laden zu einem ausf\u00fchrlichen Spaziergang ein.<\/p>\n<p><img loading=\"lazy\" class=\"content-image\"  width=\"300\" height=\"199\" src=\"https:\/\/yachtcharter-connection.com\/wp-content\/uploads\/converted_files\/19823\/19823-5624e31bba818.jpg\" alt=\"\" \/>Die moderne Turgutreis-Marina im gleichnamigen Ort im Westen der Bodrum-Halbinsel wurde im Jahr 2003 neu er\u00f6ffnet. Namensgeber ist der in der T\u00fcrkei bekannte Admiral Turgut Reis. Von hier aus k\u00f6nnen Yachtcharter Bodrum-Crews ein herrliches Panorama genie\u00dfen: mit einem kleinen Archipel diverser Inseln direkt vor der K\u00fcste &#8211; und am Horizont die Inseln des<a href=\"https:\/\/yachtcharter-connection.com\/wp-content\/uploads\/converted_files\/19823\/19823-5624e31d2c91d.jpg\" target=\"_blank\"> Dodekanes<\/a> wie Kalymnos und Leros.<\/p>\n<p>Yachtcharter Bodrum-Crews k\u00f6nnen den Golf von Mandalay ersegeln, Fischerd\u00f6rfer und antike St\u00e4tten besuchen. Der Golf von G\u00f6kova reicht weit nacht Osten. Im Golf von Hisaron\u00fc und auf der Halbinsel Datca gibt es noch viele ruhige, vom Tourismus wenig ber\u00fchrte kleine Fischerh\u00e4fen. Vor Knidos, der alten Ruinenstadt, ankern Yachtcharter Bodrum-Crews direkt vor alten Gem\u00e4uern und Ruinen. Malerische Buchten und h\u00fcbsche Orte gleich in der N\u00e4he der Yachtcharter-Destination Bodrum: das nette \u00d6rtchen Torba in einer gesch\u00fctzten Bucht mit klarem Wasser und flachen Str\u00e4nden, n\u00f6rdlich die Bucht G\u00f6lt\u00fcrkb\u00fck\u00fc mit Holzstegen und Beachclubs, auch bei Crews von Luxusyachten beliebt &#8211; und G\u00fcm\u00fcsl\u00fck, ein Fischerdorf, das f\u00fcr seine Fischrestaurants beliebt ist. G\u00fcm\u00fcsl\u00fck wurde auf den Ruinen des antiken Myndos errichten. \u00dcber den von K\u00f6nig Maussolos gebauten &quot;K\u00f6nigsweg&quot; kann man von hier zur Haseninsel waten.<\/p>\n<p>In Bodrum gibt es gro\u00dfe Charterflotten mit Segelyachten und Katamaranen. Chartern Sie die beste Yacht f\u00fcr Ihren T\u00f6rn an der t\u00fcrkischen K\u00fcste online &#8211; oder fragen Sie uns nach Angeboten.<\/p>\n","protected":false},"excerpt":{"rendered":"<p>Yachtcharter Bodrum Bodrum, eine moderne quirlige Stadt mit historischem Flair und beliebter Ausgangspunkt f\u00fcr Yachtcharter T\u00fcrkei-T\u00f6rns, wurde auf den Ruinen einer Siedlung der Griechen gebaut und gilt als eine der \u00e4ltestesten t\u00fcrkischen K\u00fcstenst\u00e4dte. Heute ist die Yachtcharter-Destination Bodrum, manchmal auch als &quot;St. Topez der T\u00fcrkei&quot; bezeichnet, attraktiver Treffpunkt f\u00fcr eine<\/p>\n","protected":false},"author":11,"featured_media":0,"parent":740,"menu_order":0,"comment_status":"open","ping_status":"open","template":"","meta":[],"aioseo_notices":[],"_links":{"self":[{"href":"https:\/\/yachtcharter-connection.com\/de\/wp-json\/wp\/v2\/pages\/2329"}],"collection":[{"href":"https:\/\/yachtcharter-connection.com\/de\/wp-json\/wp\/v2\/pages"}],"about":[{"href":"https:\/\/yachtcharter-connection.com\/de\/wp-json\/wp\/v2\/types\/page"}],"author":[{"embeddable":true,"href":"https:\/\/yachtcharter-connection.com\/de\/wp-json\/wp\/v2\/users\/11"}],"replies":[{"embeddable":true,"href":"https:\/\/yachtcharter-connection.com\/de\/wp-json\/wp\/v2\/comments?post=2329"}],"version-history":[{"count":2,"href":"https:\/\/yachtcharter-connection.com\/de\/wp-json\/wp\/v2\/pages\/2329\/revisions"}],"predecessor-version":[{"id":24290,"href":"https:\/\/yachtcharter-connection.com\/de\/wp-json\/wp\/v2\/pages\/2329\/revisions\/24290"}],"up":[{"embeddable":true,"href":"https:\/\/yachtcharter-connection.com\/de\/wp-json\/wp\/v2\/pages\/740"}],"wp:attachment":[{"href":"https:\/\/yachtcharter-connection.com\/de\/wp-json\/wp\/v2\/media?parent=2329"}],"curies":[{"name":"wp","href":"https:\/\/api.w.org\/{rel}","templated":true}]}}