{"id":2330,"date":"2015-05-10T06:03:54","date_gmt":"2015-05-10T06:03:54","guid":{"rendered":"http:\/\/yachtcharter-connection.com.w01e47c6.kasserver.com\/antalya-680\/"},"modified":"2016-10-29T18:04:25","modified_gmt":"2016-10-29T16:04:25","slug":"antalya-680","status":"publish","type":"page","link":"https:\/\/yachtcharter-connection.com\/de\/regionen\/mittelmeer\/yachtcharter-tuerkische-kueste\/antalya-680\/","title":{"rendered":"Antalya"},"content":{"rendered":"<h3>Yachtcharter Antalya<\/h3>\n<p>\n<img loading=\"lazy\" class=\"content-image\"  width=\"300\" height=\"199\" src=\"https:\/\/yachtcharter-connection.com\/wp-content\/uploads\/converted_files\/19824\/19824-5624e31e25356.jpg\" alt=\"T\u00fcrkei_Antalya\" \/>Antalya ist einer der bekanntesten Touristenorte &ndash; die t\u00fcrkische Riviera ist bekannt f\u00fcr viele Hotels mit gehobenem Niveau, tolle Str\u00e4nde und ein breites Unterhaltungsangebot. Ausfl\u00fcge von hier aus f\u00fchren unter anderem nach Termessos, Side oder Perge.<\/p>\n","protected":false},"excerpt":{"rendered":"<p>Yachtcharter Antalya Antalya ist einer der bekanntesten Touristenorte &ndash; die t\u00fcrkische Riviera ist bekannt f\u00fcr viele Hotels mit gehobenem Niveau, tolle Str\u00e4nde und ein breites Unterhaltungsangebot. Ausfl\u00fcge von hier aus f\u00fchren unter anderem nach Termessos, Side oder Perge.<\/p>\n","protected":false},"author":11,"featured_media":0,"parent":740,"menu_order":0,"comment_status":"open","ping_status":"open","template":"","meta":[],"aioseo_notices":[],"_links":{"self":[{"href":"https:\/\/yachtcharter-connection.com\/de\/wp-json\/wp\/v2\/pages\/2330"}],"collection":[{"href":"https:\/\/yachtcharter-connection.com\/de\/wp-json\/wp\/v2\/pages"}],"about":[{"href":"https:\/\/yachtcharter-connection.com\/de\/wp-json\/wp\/v2\/types\/page"}],"author":[{"embeddable":true,"href":"https:\/\/yachtcharter-connection.com\/de\/wp-json\/wp\/v2\/users\/11"}],"replies":[{"embeddable":true,"href":"https:\/\/yachtcharter-connection.com\/de\/wp-json\/wp\/v2\/comments?post=2330"}],"version-history":[{"count":1,"href":"https:\/\/yachtcharter-connection.com\/de\/wp-json\/wp\/v2\/pages\/2330\/revisions"}],"predecessor-version":[{"id":13043,"href":"https:\/\/yachtcharter-connection.com\/de\/wp-json\/wp\/v2\/pages\/2330\/revisions\/13043"}],"up":[{"embeddable":true,"href":"https:\/\/yachtcharter-connection.com\/de\/wp-json\/wp\/v2\/pages\/740"}],"wp:attachment":[{"href":"https:\/\/yachtcharter-connection.com\/de\/wp-json\/wp\/v2\/media?parent=2330"}],"curies":[{"name":"wp","href":"https:\/\/api.w.org\/{rel}","templated":true}]}}