{"id":2333,"date":"2015-08-10T05:53:44","date_gmt":"2015-08-10T05:53:44","guid":{"rendered":"http:\/\/yachtcharter-connection.com.w01e47c6.kasserver.com\/heiligenhafen-669\/"},"modified":"2017-07-14T02:02:39","modified_gmt":"2017-07-14T00:02:39","slug":"heiligenhafen-669","status":"publish","type":"page","link":"https:\/\/yachtcharter-connection.com\/de\/regionen\/ostsee\/yachtcharter-deutsche-ostsee\/heiligenhafen-669\/","title":{"rendered":"Heiligenhafen"},"content":{"rendered":"<h3>Yachtcharter Heiligenhafen<\/h3>\n<p>Die moderne Yachtcharter-Marina in Heiligenhafen bietet die perfekte Kombination: Authentisches Ambiente einer lebhaften Hafenstadt und 5-Sterne-Komfort f\u00fcr Yachtcharter-Crews . Von der Marina bis zum Stadthafen ist es nur ein kurzer Spaziergang &ndash; dort wartet der Charme einer Fischer-Hochburg mit Fischernetzen, kreischenden M\u00f6wen &ndash; und jede Menge gute Fischrestaurants. Dazu abends pralles Leben in der historischen Altstadt. Vor der Marina l\u00e4dt eine Promenade die Yachtcharter-Urlauber zum Flanieren ein, Grillpl\u00e4tze und Wasserterrassen k\u00f6nnen genutzt werden, der Strand ist auch nur f\u00fcnf Minuten nah. <\/p>\n<p>Waschmaschinen und Trockner, Br\u00f6tchenservice an der Charteryacht, Shuttleservice zum Bahnhof oder zur Wellness-Anlage, gro\u00dfer Spielplatz f\u00fcr kleine Skipper sind zus\u00e4tzliche Annehmlichkeiten f\u00fcr einen erholsamen Yachtcharter-Urlaub. Und last but not least: das Yachtcharter-Angebot mit Segelyachten zahlreicher Hersteller, unter anderem Hanse, Bavaria, Dehler oder Jeanneau (Gib Sea) ist sehr gut.<\/p>\n","protected":false},"excerpt":{"rendered":"<p>Yachtcharter Heiligenhafen Die moderne Yachtcharter-Marina in Heiligenhafen bietet die perfekte Kombination: Authentisches Ambiente einer lebhaften Hafenstadt und 5-Sterne-Komfort f\u00fcr Yachtcharter-Crews . Von der Marina bis zum Stadthafen ist es nur ein kurzer Spaziergang &ndash; dort wartet der Charme einer Fischer-Hochburg mit Fischernetzen, kreischenden M\u00f6wen &ndash; und jede Menge gute Fischrestaurants.<\/p>\n","protected":false},"author":11,"featured_media":0,"parent":747,"menu_order":0,"comment_status":"open","ping_status":"open","template":"","meta":[],"aioseo_notices":[],"_links":{"self":[{"href":"https:\/\/yachtcharter-connection.com\/de\/wp-json\/wp\/v2\/pages\/2333"}],"collection":[{"href":"https:\/\/yachtcharter-connection.com\/de\/wp-json\/wp\/v2\/pages"}],"about":[{"href":"https:\/\/yachtcharter-connection.com\/de\/wp-json\/wp\/v2\/types\/page"}],"author":[{"embeddable":true,"href":"https:\/\/yachtcharter-connection.com\/de\/wp-json\/wp\/v2\/users\/11"}],"replies":[{"embeddable":true,"href":"https:\/\/yachtcharter-connection.com\/de\/wp-json\/wp\/v2\/comments?post=2333"}],"version-history":[{"count":1,"href":"https:\/\/yachtcharter-connection.com\/de\/wp-json\/wp\/v2\/pages\/2333\/revisions"}],"predecessor-version":[{"id":13103,"href":"https:\/\/yachtcharter-connection.com\/de\/wp-json\/wp\/v2\/pages\/2333\/revisions\/13103"}],"up":[{"embeddable":true,"href":"https:\/\/yachtcharter-connection.com\/de\/wp-json\/wp\/v2\/pages\/747"}],"wp:attachment":[{"href":"https:\/\/yachtcharter-connection.com\/de\/wp-json\/wp\/v2\/media?parent=2333"}],"curies":[{"name":"wp","href":"https:\/\/api.w.org\/{rel}","templated":true}]}}