{"id":2334,"date":"2015-08-10T05:53:46","date_gmt":"2015-08-10T05:53:46","guid":{"rendered":"http:\/\/yachtcharter-connection.com.w01e47c6.kasserver.com\/seychellen-mahe\/"},"modified":"2017-07-14T16:06:09","modified_gmt":"2017-07-14T14:06:09","slug":"seychellen-mahe","status":"publish","type":"page","link":"https:\/\/yachtcharter-connection.com\/de\/regionen\/indischer-ozean\/yachtcharter-seychellen-archipel\/seychellen-mahe\/","title":{"rendered":"Seychellen \/ Mahe"},"content":{"rendered":"<h3>Yachtcharter Seychellen \/ Mah\u00e9<\/h3>\n<p>\n<img loading=\"lazy\" class=\"content-image\"  width=\"300\" height=\"225\" src=\"https:\/\/yachtcharter-connection.com\/wp-content\/uploads\/converted_files\/19828\/19828-5624e3208065e.jpg\" alt=\"Seychellen_Katamaran_Flotte\" \/>Mah\u00e9, Standort des internationalen Flughafens, ist die gr\u00f6\u00dfte und auch h\u00f6chste Insel: Der Morne Seychelles ist 900 Meter hoch. Gro\u00dfe Mangrovengebiete im Norden, Nebelw\u00e4lder und zahlreiche vorgelagerte Inseln kennzeichnen das Landschaftsbild. Fast 90 Prozent der Bev\u00f6lkerung der Seychellen, \u00fcber 70.000 Menschen,leben auf Mah\u00e9. Die wichtigsten Sehensw\u00fcrdigkeiten: Der Morne Seychelles Nationalpark, das National Museum in Victoria, der botanische Garten &ndash; aber vor allem auch die koloniale Architektur Victorias.<br type=\"_moz\" \/><\/p>\n","protected":false},"excerpt":{"rendered":"<p>Yachtcharter Seychellen \/ Mah\u00e9 Mah\u00e9, Standort des internationalen Flughafens, ist die gr\u00f6\u00dfte und auch h\u00f6chste Insel: Der Morne Seychelles ist 900 Meter hoch. Gro\u00dfe Mangrovengebiete im Norden, Nebelw\u00e4lder und zahlreiche vorgelagerte Inseln kennzeichnen das Landschaftsbild. Fast 90 Prozent der Bev\u00f6lkerung der Seychellen, \u00fcber 70.000 Menschen,leben auf Mah\u00e9. Die wichtigsten Sehensw\u00fcrdigkeiten:<\/p>\n","protected":false},"author":11,"featured_media":0,"parent":750,"menu_order":0,"comment_status":"open","ping_status":"open","template":"","meta":[],"aioseo_notices":[],"_links":{"self":[{"href":"https:\/\/yachtcharter-connection.com\/de\/wp-json\/wp\/v2\/pages\/2334"}],"collection":[{"href":"https:\/\/yachtcharter-connection.com\/de\/wp-json\/wp\/v2\/pages"}],"about":[{"href":"https:\/\/yachtcharter-connection.com\/de\/wp-json\/wp\/v2\/types\/page"}],"author":[{"embeddable":true,"href":"https:\/\/yachtcharter-connection.com\/de\/wp-json\/wp\/v2\/users\/11"}],"replies":[{"embeddable":true,"href":"https:\/\/yachtcharter-connection.com\/de\/wp-json\/wp\/v2\/comments?post=2334"}],"version-history":[{"count":1,"href":"https:\/\/yachtcharter-connection.com\/de\/wp-json\/wp\/v2\/pages\/2334\/revisions"}],"predecessor-version":[{"id":13127,"href":"https:\/\/yachtcharter-connection.com\/de\/wp-json\/wp\/v2\/pages\/2334\/revisions\/13127"}],"up":[{"embeddable":true,"href":"https:\/\/yachtcharter-connection.com\/de\/wp-json\/wp\/v2\/pages\/750"}],"wp:attachment":[{"href":"https:\/\/yachtcharter-connection.com\/de\/wp-json\/wp\/v2\/media?parent=2334"}],"curies":[{"name":"wp","href":"https:\/\/api.w.org\/{rel}","templated":true}]}}