{"id":2336,"date":"2015-08-10T05:53:46","date_gmt":"2015-08-10T05:53:46","guid":{"rendered":"http:\/\/yachtcharter-connection.com.w01e47c6.kasserver.com\/volos-568\/"},"modified":"2024-01-25T14:08:07","modified_gmt":"2024-01-25T12:08:07","slug":"volos-568","status":"publish","type":"page","link":"https:\/\/yachtcharter-connection.com\/de\/regionen\/mittelmeer\/yachtcharter-%c3%a4g%c3%a4is-sporaden\/volos-568\/","title":{"rendered":"Volos"},"content":{"rendered":"<h3>Yachtcharter Volos<\/h3>\n<p><iframe loading=\"lazy\" class=\"wbm\" src=\"https:\/\/www.booking-manager.com\/wbm2\/page.html?companyid=662&amp;setlang=de&amp;view=SmallSearchForm&amp;hidetitle=true&amp;target=_top&amp;controllerPage=https:\/\/yachtcharter-connection.com\/mmk-results-en&amp;target=_top&amp;filter_country=GR\" frameborder=\"0\" height=\"200\" width=\"100%\" scrolling=\"yes\" id=\"wbmResult\"><\/iframe><\/p>\n<p>Die Hafenstadt Volos am Golf von Volos (Pagasitischen Golf) liegt im Westen der Inselgruppe des Yachtcharter-Reviers Sporaden. Eine Halbinsel mit dem Pilion-Gebirge begrenzt den Golf zum \u00e4g\u00e4ischen Meer hin. Volos liegt etwa auf halbem Weg zwischen Athen und Thessaloniki. Der gesch\u00fctzte Naturhafen wird f\u00fcr Handel, Fischerei und F\u00e4hrverkehr zu den Sporaden genutzt. Yachtcharter-Crews erreichen den Golf von Volos \u00fcber den Flughafen Nea Anchialos, der etwa 30 Kilometer von der Stadt entfernt liegt. Der Golf von Volos und die Stra\u00dfe von Eub\u00f6a (Elvia) bilden ein gesch\u00fctztes Yachtcharter-Revier, das sich gut f\u00fcr entspannte Familien-Yachtcharter-T\u00f6rns eignet.<br \/>\nCharteryachten in Volos: Ab Volos steht eine Flotte von Segelyachten f\u00fcr Chartert\u00f6rns in den westlichen Sporaden zur Verf\u00fcgung.<\/p>\n","protected":false},"excerpt":{"rendered":"<p>Yachtcharter Volos Die Hafenstadt Volos am Golf von Volos (Pagasitischen Golf) liegt im Westen der Inselgruppe des Yachtcharter-Reviers Sporaden. Eine Halbinsel mit dem Pilion-Gebirge begrenzt den Golf zum \u00e4g\u00e4ischen Meer hin. Volos liegt etwa auf halbem Weg zwischen Athen und Thessaloniki. Der gesch\u00fctzte Naturhafen wird f\u00fcr Handel, Fischerei und F\u00e4hrverkehr<\/p>\n","protected":false},"author":11,"featured_media":0,"parent":754,"menu_order":0,"comment_status":"open","ping_status":"open","template":"","meta":[],"aioseo_notices":[],"_links":{"self":[{"href":"https:\/\/yachtcharter-connection.com\/de\/wp-json\/wp\/v2\/pages\/2336"}],"collection":[{"href":"https:\/\/yachtcharter-connection.com\/de\/wp-json\/wp\/v2\/pages"}],"about":[{"href":"https:\/\/yachtcharter-connection.com\/de\/wp-json\/wp\/v2\/types\/page"}],"author":[{"embeddable":true,"href":"https:\/\/yachtcharter-connection.com\/de\/wp-json\/wp\/v2\/users\/11"}],"replies":[{"embeddable":true,"href":"https:\/\/yachtcharter-connection.com\/de\/wp-json\/wp\/v2\/comments?post=2336"}],"version-history":[{"count":3,"href":"https:\/\/yachtcharter-connection.com\/de\/wp-json\/wp\/v2\/pages\/2336\/revisions"}],"predecessor-version":[{"id":30988,"href":"https:\/\/yachtcharter-connection.com\/de\/wp-json\/wp\/v2\/pages\/2336\/revisions\/30988"}],"up":[{"embeddable":true,"href":"https:\/\/yachtcharter-connection.com\/de\/wp-json\/wp\/v2\/pages\/754"}],"wp:attachment":[{"href":"https:\/\/yachtcharter-connection.com\/de\/wp-json\/wp\/v2\/media?parent=2336"}],"curies":[{"name":"wp","href":"https:\/\/api.w.org\/{rel}","templated":true}]}}