{"id":2337,"date":"2015-08-10T05:53:46","date_gmt":"2015-08-10T05:53:46","guid":{"rendered":"http:\/\/yachtcharter-connection.com.w01e47c6.kasserver.com\/preveza-412\/"},"modified":"2017-07-15T21:33:36","modified_gmt":"2017-07-15T19:33:36","slug":"preveza-412","status":"publish","type":"page","link":"https:\/\/yachtcharter-connection.com\/de\/regionen\/mittelmeer\/yachtcharter-ionisches-meer\/preveza-412\/","title":{"rendered":"Preveza"},"content":{"rendered":"<h3>Yachtcharter Preveza<\/h3>\n<p>\nDie kleine Hafenstadt Preveza liegt am Yachtcharter-Revier Ionisches Meer, auf dem Festland nah der Insel Lefkas, am Ausgang des Ambrakischen Golfes. Yachtcharter-Crews, die nach Preveza fliegen, \u00fcbernehmen ihre Yachten meist direkt in den Yachtcharter-St\u00fctzpunkten auf Lefkas. Nach Absprache sind manchmal auch Yachtcharter-T\u00f6rns direkt ab Preveza m\u00f6glich.<\/p>\n","protected":false},"excerpt":{"rendered":"<p>Yachtcharter Preveza Die kleine Hafenstadt Preveza liegt am Yachtcharter-Revier Ionisches Meer, auf dem Festland nah der Insel Lefkas, am Ausgang des Ambrakischen Golfes. Yachtcharter-Crews, die nach Preveza fliegen, \u00fcbernehmen ihre Yachten meist direkt in den Yachtcharter-St\u00fctzpunkten auf Lefkas. Nach Absprache sind manchmal auch Yachtcharter-T\u00f6rns direkt ab Preveza m\u00f6glich.<\/p>\n","protected":false},"author":11,"featured_media":0,"parent":739,"menu_order":0,"comment_status":"open","ping_status":"open","template":"","meta":[],"aioseo_notices":[],"_links":{"self":[{"href":"https:\/\/yachtcharter-connection.com\/de\/wp-json\/wp\/v2\/pages\/2337"}],"collection":[{"href":"https:\/\/yachtcharter-connection.com\/de\/wp-json\/wp\/v2\/pages"}],"about":[{"href":"https:\/\/yachtcharter-connection.com\/de\/wp-json\/wp\/v2\/types\/page"}],"author":[{"embeddable":true,"href":"https:\/\/yachtcharter-connection.com\/de\/wp-json\/wp\/v2\/users\/11"}],"replies":[{"embeddable":true,"href":"https:\/\/yachtcharter-connection.com\/de\/wp-json\/wp\/v2\/comments?post=2337"}],"version-history":[{"count":1,"href":"https:\/\/yachtcharter-connection.com\/de\/wp-json\/wp\/v2\/pages\/2337\/revisions"}],"predecessor-version":[{"id":12936,"href":"https:\/\/yachtcharter-connection.com\/de\/wp-json\/wp\/v2\/pages\/2337\/revisions\/12936"}],"up":[{"embeddable":true,"href":"https:\/\/yachtcharter-connection.com\/de\/wp-json\/wp\/v2\/pages\/739"}],"wp:attachment":[{"href":"https:\/\/yachtcharter-connection.com\/de\/wp-json\/wp\/v2\/media?parent=2337"}],"curies":[{"name":"wp","href":"https:\/\/api.w.org\/{rel}","templated":true}]}}