{"id":2338,"date":"2011-03-14T05:09:23","date_gmt":"2011-03-14T05:09:23","guid":{"rendered":"http:\/\/yachtcharter-connection.com.w01e47c6.kasserver.com\/kalymnos-646\/"},"modified":"2016-10-29T18:14:27","modified_gmt":"2016-10-29T16:14:27","slug":"kalymnos-646","status":"publish","type":"page","link":"https:\/\/yachtcharter-connection.com\/de\/regionen\/mittelmeer\/yachtcharter-aegaeis-dodekanes\/kalymnos-646\/","title":{"rendered":"Kalymnos"},"content":{"rendered":"<h3>Yachtcharter Kalymnos<\/h3>\n<p>\nDie Insel Kalymnos liegt nur wenige Meilen von Kos entfernt. Yachtcharter-Crews, die Kalymnos erkunden wollen, k\u00f6nnen entweder ihre Yacht ab der Yachtcharter-Basis in Kos chartern, von Rhodos aus hierhersegeln oder von einem der Yachtcharter-H\u00e4fen an der t\u00fcrkischen K\u00fcste &ndash; die Bodrum-Halbinsel ist nur 17 km entfernt. Kalymnos ist die viertgr\u00f6\u00dfte Insel des Yachtcharter-Reviers Dodekanes. Kalymnos ist ein Zentrum f\u00fcr Fischerei, insbesondere der Schwertfisch-Fang spielt eine gr\u00f6\u00dfere Rolle, sowie f\u00fcr Schafzucht.<\/p>\n","protected":false},"excerpt":{"rendered":"<p>Yachtcharter Kalymnos Die Insel Kalymnos liegt nur wenige Meilen von Kos entfernt. Yachtcharter-Crews, die Kalymnos erkunden wollen, k\u00f6nnen entweder ihre Yacht ab der Yachtcharter-Basis in Kos chartern, von Rhodos aus hierhersegeln oder von einem der Yachtcharter-H\u00e4fen an der t\u00fcrkischen K\u00fcste &ndash; die Bodrum-Halbinsel ist nur 17 km entfernt. Kalymnos ist<\/p>\n","protected":false},"author":11,"featured_media":0,"parent":763,"menu_order":0,"comment_status":"open","ping_status":"open","template":"","meta":[],"aioseo_notices":[],"_links":{"self":[{"href":"https:\/\/yachtcharter-connection.com\/de\/wp-json\/wp\/v2\/pages\/2338"}],"collection":[{"href":"https:\/\/yachtcharter-connection.com\/de\/wp-json\/wp\/v2\/pages"}],"about":[{"href":"https:\/\/yachtcharter-connection.com\/de\/wp-json\/wp\/v2\/types\/page"}],"author":[{"embeddable":true,"href":"https:\/\/yachtcharter-connection.com\/de\/wp-json\/wp\/v2\/users\/11"}],"replies":[{"embeddable":true,"href":"https:\/\/yachtcharter-connection.com\/de\/wp-json\/wp\/v2\/comments?post=2338"}],"version-history":[{"count":1,"href":"https:\/\/yachtcharter-connection.com\/de\/wp-json\/wp\/v2\/pages\/2338\/revisions"}],"predecessor-version":[{"id":13233,"href":"https:\/\/yachtcharter-connection.com\/de\/wp-json\/wp\/v2\/pages\/2338\/revisions\/13233"}],"up":[{"embeddable":true,"href":"https:\/\/yachtcharter-connection.com\/de\/wp-json\/wp\/v2\/pages\/763"}],"wp:attachment":[{"href":"https:\/\/yachtcharter-connection.com\/de\/wp-json\/wp\/v2\/media?parent=2338"}],"curies":[{"name":"wp","href":"https:\/\/api.w.org\/{rel}","templated":true}]}}