{"id":2340,"date":"2015-08-10T05:53:46","date_gmt":"2015-08-10T05:53:46","guid":{"rendered":"http:\/\/yachtcharter-connection.com.w01e47c6.kasserver.com\/skiathos-379\/"},"modified":"2024-01-25T14:00:17","modified_gmt":"2024-01-25T12:00:17","slug":"skiathos-379","status":"publish","type":"page","link":"https:\/\/yachtcharter-connection.com\/de\/regionen\/mittelmeer\/yachtcharter-%c3%a4g%c3%a4is-sporaden\/skiathos-379\/","title":{"rendered":"Skiathos"},"content":{"rendered":"<h3>Yachtcharter Skiathos<\/h3>\n<p><iframe loading=\"lazy\" class=\"wbm\" src=\"https:\/\/www.booking-manager.com\/wbm2\/page.html?companyid=662&amp;setlang=de&amp;view=SmallSearchForm&amp;hidetitle=true&amp;target=_top&amp;controllerPage=https:\/\/yachtcharter-connection.com\/mmk-results-en&amp;target=_top&amp;filter_country=GR\" frameborder=\"0\" height=\"200\" width=\"100%\" scrolling=\"yes\" id=\"wbmResult\"><\/iframe><\/p>\n<p><img loading=\"lazy\" class=\"content-image\"  width=\"300\" height=\"200\" alt=\"\" src=\"https:\/\/yachtcharter-connection.com\/wp-content\/uploads\/converted_files\/19834\/19834-5624e322d65aa.jpg\" \/>Skiathos ist die westlichste der Inseln der n\u00f6rdlichen Sporaden, die viertgr\u00f6\u00dfte und damit auch die kleinste, die \u00fcberhaupt bewohnt ist &ndash; idealer Ausgangspunkt f\u00fcr Yachtcharter-T\u00f6rns in diese Inselwelt. Das St\u00e4dtchen Skiathos mit der Skiathos Marina liegt im S\u00fcdosten der Insel. Die Yachtcharter-Basis auf Skiathos ist sowohl per Flugzeug als auch per F\u00e4hre (u.a. von Volos und Thessaloniki aus) gut erreichbar. <\/p>\n<p>In der Marina finden Yachtcharter-Crews gute Versorgungsm\u00f6glichkeiten &ndash; Proviant f\u00fcr den Yachtcharter-T\u00f6rn ab Skiathos in die n\u00f6rdlichen Sporaden gibt es in den nahegelegenen Superm\u00e4rkten. Direkt am F\u00e4hranleger beginnt schon die Flaniermeile Papadiamanti, die die Yachtcharter-Touristen zum Bummeln und Shoppen einl\u00e4dt. In der Altstadt finden die Yachtcharter-Crews pulsierendes Stadt- und auch Nachtleben.<\/p>\n<p>Das Hinterland der Insel ist gr\u00fcn, mit bewaldeten H\u00fcgeln &ndash; als typische Produkte von Skiathos werden vor allem Oliven und Wein angebaut. Ein Ausflug zur Festung Kastro im Norden lohnt sich f\u00fcr Yachtcharter-Crews. Zum Badestopp laden die Buchten Koukounaries und Platanias ein. Die ersten nahen Ziele auf den Yachtcharter-T\u00f6rn: Die etwa 4 Seemeilen \u00f6stlich gelegene Insel Skopelos sowie die Inseln Repi, Arko und Marangos-  oder auch die langgestreckte Insel Eub\u00f6a.<\/p>\n","protected":false},"excerpt":{"rendered":"<p>Yachtcharter Skiathos Skiathos ist die westlichste der Inseln der n\u00f6rdlichen Sporaden, die viertgr\u00f6\u00dfte und damit auch die kleinste, die \u00fcberhaupt bewohnt ist &ndash; idealer Ausgangspunkt f\u00fcr Yachtcharter-T\u00f6rns in diese Inselwelt. Das St\u00e4dtchen Skiathos mit der Skiathos Marina liegt im S\u00fcdosten der Insel. Die Yachtcharter-Basis auf Skiathos ist sowohl per Flugzeug<\/p>\n","protected":false},"author":11,"featured_media":0,"parent":754,"menu_order":0,"comment_status":"open","ping_status":"open","template":"","meta":[],"aioseo_notices":[],"_links":{"self":[{"href":"https:\/\/yachtcharter-connection.com\/de\/wp-json\/wp\/v2\/pages\/2340"}],"collection":[{"href":"https:\/\/yachtcharter-connection.com\/de\/wp-json\/wp\/v2\/pages"}],"about":[{"href":"https:\/\/yachtcharter-connection.com\/de\/wp-json\/wp\/v2\/types\/page"}],"author":[{"embeddable":true,"href":"https:\/\/yachtcharter-connection.com\/de\/wp-json\/wp\/v2\/users\/11"}],"replies":[{"embeddable":true,"href":"https:\/\/yachtcharter-connection.com\/de\/wp-json\/wp\/v2\/comments?post=2340"}],"version-history":[{"count":2,"href":"https:\/\/yachtcharter-connection.com\/de\/wp-json\/wp\/v2\/pages\/2340\/revisions"}],"predecessor-version":[{"id":30984,"href":"https:\/\/yachtcharter-connection.com\/de\/wp-json\/wp\/v2\/pages\/2340\/revisions\/30984"}],"up":[{"embeddable":true,"href":"https:\/\/yachtcharter-connection.com\/de\/wp-json\/wp\/v2\/pages\/754"}],"wp:attachment":[{"href":"https:\/\/yachtcharter-connection.com\/de\/wp-json\/wp\/v2\/media?parent=2340"}],"curies":[{"name":"wp","href":"https:\/\/api.w.org\/{rel}","templated":true}]}}