{"id":2341,"date":"2015-08-10T05:53:46","date_gmt":"2015-08-10T05:53:46","guid":{"rendered":"http:\/\/yachtcharter-connection.com.w01e47c6.kasserver.com\/santorin-968\/"},"modified":"2017-07-15T15:20:57","modified_gmt":"2017-07-15T13:20:57","slug":"santorin-968","status":"publish","type":"page","link":"https:\/\/yachtcharter-connection.com\/de\/regionen\/mittelmeer\/yachtcharter-aegaeis-saronischer-golf-kykladen\/santorin-968\/","title":{"rendered":"Santorin"},"content":{"rendered":"<h3>Yachtcharter Santorin<\/h3>\n<p>\n<img loading=\"lazy\" class=\"content-image\"  width=\"300\" height=\"198\" alt=\"Yachtcharter_Griechenland_Santorin\" src=\"https:\/\/yachtcharter-connection.com\/wp-content\/uploads\/converted_files\/19835\/19835-5624e3242080a.jpg\" \/>Im Yachtcharter-Revier Kykladen gilt Santorin als eine der sch\u00f6nsten Inseln, ber\u00fchmt f\u00fcr die schwarzen Str\u00e4nde, mit den wei\u00df-blauen H\u00e4usern am Berg ist das Panorama ein Inbegriff daf\u00fcr, wie man sich die Yachtcharter-Destination Griechenland vorstellt. Allerdings liegt Santorin abseits der \u00fcblichen Routen der Yachtcharter-T\u00f6rns in den Kykladen: Yachtcharter-Crews, die das Archipel Santorin erkunden wollen, das in der s\u00fcdlichen \u00c4g\u00e4is etwa 120 km n\u00f6rdlich von Kreta liegt, m\u00fcssen sich entweder deutlich mehr Zeit f\u00fcr ihren Yachtcharter-Urlaub nehmen, wenn sie etwa ab Athen starten &ndash; oder ihre Yacht direkt ab einer der Yachtcharter-St\u00fctzpunkte in den Kykladen oder gleich direkt ab Santorin chartern. Die n\u00e4chstgelegenen Inseln sind Anafi (ca. 22 km \u00f6stlich) und Ios (19 km n\u00f6rdlich).<\/p>\n<p>\n<img class=\"content-image\"  style=\"width:300px; height:200px;\" alt=\"Santorini-air.JPG\" src=\"https:\/\/yachtcharter-connection.com\/wp-content\/uploads\/converted_files\/19835\/19835-5624e3255de39.jpg\" \/>Das Archipel Santorin, nicht einmal 100 Quadratkilometer gro\u00df, besteht aus den drei Hauptinseln Thira, Thirasia und Aspronisi. Yachtcharter-Crews, die ihre Segelyacht in Santorin \u00fcbernehmen, landen auf der gr\u00f6\u00dften Insel Thira &ndash; entweder auf dem Airport im Osten der Insel oder mit der F\u00e4hre im Hafen Port Athinios an der Westk\u00fcste im Golf von Santorin, dem Kratersee des mittlerweile erloschenen Vulkans, dessen Ausbruch vor \u00fcber 3.500 Jahren das Archipel gebildet hat. Im Golf gibt es weitere Inseln: Nea Kameni und Palea Kameni, Agios Nikolaos, Kimina, Chrisiani und Askania. Die anderen H\u00e4fen im Golf &ndash;auf Thira der alte Hafen in der Hauptstadt Fira, Ammoudi und Armeni unterhalb von Oia, auf Thirasia Korfos und Riva &ndash; werden \u00fcberwiegend von Fischern und Ausflugsbooten genutzt, Yachtcharter-Crews k\u00f6nnen oft in der N\u00e4he ankern und von per Dinghy an Land gehen.<\/p>\n<p>\n<img class=\"content-image\"  style=\"width:300px; height:191px;\" alt=\"Santorin.JPG\" src=\"https:\/\/yachtcharter-connection.com\/wp-content\/uploads\/converted_files\/19835\/19835-5624e3268ac5d.jpg\" \/>Der einzige wirklich sichere Hafen f\u00fcr Yachtcharter Crews in Santorin ist die neue Marina Vlychada im S\u00fcden von Thira, mit allen Service-Leistungen f\u00fcr Yachtcharter wie Restaurants und Tavernen, WLan und WCs sowie einem Hotel am Hafen (Notos Hotel). Und nat\u00fcrlich mit einer Motorroller-Vermietung, f\u00fcr Yachtcharter-Touristen neben der nicht allzu teuren Taxifahrt die beste M\u00f6glichkeit, die Insel zu erkunden. Zu besichtigen gibt es neben den wei\u00dfgekalkten H\u00e4uschen circa 250 Kirchen, darunter die Kathedrale in Fira, die allein schon wegen der tollen Aussicht vom Kraterrand einen Besuch lohnt. Sehenswert auch Akrotiri &ndash; hier wurde eine von Lava versch\u00fcttete Stadt freigelegt. Sch\u00f6ne Str\u00e4nde gibt es nat\u00fcrlich auch &ndash; ebenso wie vertr\u00e4umte D\u00f6rfer, quirlige enge Altstadtgassen zum Bummeln in Fira. Yachtcharter-Crews, die abends gern ausgehen, finden hier Tavernen, Bouzukias, Bars und Discos. Highlight: ein Ausflug zur Stadt Oia, um von hier aus den spektakul\u00e4ren Sonnenuntergang zu genie\u00dfen.<\/p>\n<p><\/p>\n","protected":false},"excerpt":{"rendered":"<p>Yachtcharter Santorin Im Yachtcharter-Revier Kykladen gilt Santorin als eine der sch\u00f6nsten Inseln, ber\u00fchmt f\u00fcr die schwarzen Str\u00e4nde, mit den wei\u00df-blauen H\u00e4usern am Berg ist das Panorama ein Inbegriff daf\u00fcr, wie man sich die Yachtcharter-Destination Griechenland vorstellt. Allerdings liegt Santorin abseits der \u00fcblichen Routen der Yachtcharter-T\u00f6rns in den Kykladen: Yachtcharter-Crews, die<\/p>\n","protected":false},"author":11,"featured_media":0,"parent":741,"menu_order":0,"comment_status":"open","ping_status":"open","template":"","meta":[],"aioseo_notices":[],"_links":{"self":[{"href":"https:\/\/yachtcharter-connection.com\/de\/wp-json\/wp\/v2\/pages\/2341"}],"collection":[{"href":"https:\/\/yachtcharter-connection.com\/de\/wp-json\/wp\/v2\/pages"}],"about":[{"href":"https:\/\/yachtcharter-connection.com\/de\/wp-json\/wp\/v2\/types\/page"}],"author":[{"embeddable":true,"href":"https:\/\/yachtcharter-connection.com\/de\/wp-json\/wp\/v2\/users\/11"}],"replies":[{"embeddable":true,"href":"https:\/\/yachtcharter-connection.com\/de\/wp-json\/wp\/v2\/comments?post=2341"}],"version-history":[{"count":1,"href":"https:\/\/yachtcharter-connection.com\/de\/wp-json\/wp\/v2\/pages\/2341\/revisions"}],"predecessor-version":[{"id":13254,"href":"https:\/\/yachtcharter-connection.com\/de\/wp-json\/wp\/v2\/pages\/2341\/revisions\/13254"}],"up":[{"embeddable":true,"href":"https:\/\/yachtcharter-connection.com\/de\/wp-json\/wp\/v2\/pages\/741"}],"wp:attachment":[{"href":"https:\/\/yachtcharter-connection.com\/de\/wp-json\/wp\/v2\/media?parent=2341"}],"curies":[{"name":"wp","href":"https:\/\/api.w.org\/{rel}","templated":true}]}}