{"id":2342,"date":"2015-08-10T05:53:46","date_gmt":"2015-08-10T05:53:46","guid":{"rendered":"http:\/\/yachtcharter-connection.com.w01e47c6.kasserver.com\/lavrion-400\/"},"modified":"2017-10-16T08:35:13","modified_gmt":"2017-10-16T06:35:13","slug":"lavrion-400","status":"publish","type":"page","link":"https:\/\/yachtcharter-connection.com\/de\/regionen\/mittelmeer\/yachtcharter-aegaeis-saronischer-golf-kykladen\/lavrion-400\/","title":{"rendered":"Lavrion"},"content":{"rendered":"<h3>Yachtcharter Lavrion<\/h3>\n<p>\n<img loading=\"lazy\" class=\"content-image\"  width=\"300\" height=\"200\" alt=\"Yachtcharter Lavrion - nahe bei Kap Sounion\" src=\"https:\/\/yachtcharter-connection.com\/wp-content\/uploads\/converted_files\/19836\/19836-5624e327beda4.jpg\" \/>Lavrion, neben Kalamaki und Pir\u00e4us die dritte wichtige Yachtcharter-Marina von Athen, liegt etwa 35 Kilometer s\u00fcd\u00f6stlich vom Airport an der K\u00fcste der Halbinsel Attika. Die Transferdauer zur Yachtcharter-Basis in Lavrion ist kaum l\u00e4nger als etwa vom Flughafen nach Kalamaki. <\/p>\n<p>Lavrion ist als Ausgangshafen nicht nur f\u00fcr Yachtcharter-T\u00f6rns durch den Saronischen Golf und zu den Kykladen geeignet. Auch die n\u00f6rdlichen Sporaden, Skiathos oder die Insel Eub\u00f6a bieten sich als T\u00f6rnziele f\u00fcr Yachtcharter-Crews von hier aus an.<\/p>\n<p>Die Marina Lavrion ist gro\u00df und ziemlich ruhig. Von hier aus ein Muss f\u00fcr Yachtcharter-Crews: Ein Ausflug zum nur f\u00fcnf Kilometer nahen Kap Sounion, um hier den ber\u00fchmten Sonnenuntergang zu genie\u00dfen!<\/p>\n<p><\/p>\n","protected":false},"excerpt":{"rendered":"<p>Yachtcharter Lavrion Lavrion, neben Kalamaki und Pir\u00e4us die dritte wichtige Yachtcharter-Marina von Athen, liegt etwa 35 Kilometer s\u00fcd\u00f6stlich vom Airport an der K\u00fcste der Halbinsel Attika. Die Transferdauer zur Yachtcharter-Basis in Lavrion ist kaum l\u00e4nger als etwa vom Flughafen nach Kalamaki. Lavrion ist als Ausgangshafen nicht nur f\u00fcr Yachtcharter-T\u00f6rns durch<\/p>\n","protected":false},"author":11,"featured_media":0,"parent":741,"menu_order":0,"comment_status":"open","ping_status":"open","template":"","meta":[],"aioseo_notices":[],"_links":{"self":[{"href":"https:\/\/yachtcharter-connection.com\/de\/wp-json\/wp\/v2\/pages\/2342"}],"collection":[{"href":"https:\/\/yachtcharter-connection.com\/de\/wp-json\/wp\/v2\/pages"}],"about":[{"href":"https:\/\/yachtcharter-connection.com\/de\/wp-json\/wp\/v2\/types\/page"}],"author":[{"embeddable":true,"href":"https:\/\/yachtcharter-connection.com\/de\/wp-json\/wp\/v2\/users\/11"}],"replies":[{"embeddable":true,"href":"https:\/\/yachtcharter-connection.com\/de\/wp-json\/wp\/v2\/comments?post=2342"}],"version-history":[{"count":1,"href":"https:\/\/yachtcharter-connection.com\/de\/wp-json\/wp\/v2\/pages\/2342\/revisions"}],"predecessor-version":[{"id":13246,"href":"https:\/\/yachtcharter-connection.com\/de\/wp-json\/wp\/v2\/pages\/2342\/revisions\/13246"}],"up":[{"embeddable":true,"href":"https:\/\/yachtcharter-connection.com\/de\/wp-json\/wp\/v2\/pages\/741"}],"wp:attachment":[{"href":"https:\/\/yachtcharter-connection.com\/de\/wp-json\/wp\/v2\/media?parent=2342"}],"curies":[{"name":"wp","href":"https:\/\/api.w.org\/{rel}","templated":true}]}}