{"id":2343,"date":"2015-08-10T05:53:46","date_gmt":"2015-08-10T05:53:46","guid":{"rendered":"http:\/\/yachtcharter-connection.com.w01e47c6.kasserver.com\/lefkas-341\/"},"modified":"2017-10-16T18:09:10","modified_gmt":"2017-10-16T16:09:10","slug":"lefkas-341","status":"publish","type":"page","link":"https:\/\/yachtcharter-connection.com\/de\/regionen\/mittelmeer\/yachtcharter-ionisches-meer\/lefkas-341\/","title":{"rendered":"Lefkas"},"content":{"rendered":"<h3>Yachtcharter Lefkas<\/h3>\n<p>\n<img loading=\"lazy\" class=\"content-image\"  width=\"300\" height=\"168\" alt=\"\" src=\"https:\/\/yachtcharter-connection.com\/wp-content\/uploads\/converted_files\/19837\/19837-5624e3291d75f.jpg\" \/>Lefkas ist ein beliebter Ausgangspunkt f\u00fcr Yachtcharter-T\u00f6rns im familienfreundlichen Yachtcharter-Revier Ionisches Meer,  auch f\u00fcr Oneway-Yachtcharter-T\u00f6rns nach Korfu oder durch den Golf von Korinth. \u00dcber eine Br\u00fccke ist Lefkas, auch Lefkada genannt, mit dem Festland verbunden &ndash; viele Yachtcharter-Crews reisen \u00fcber den dort gelegenen Flughafen Preveza an. Nachbarinseln sind Ithaka, die Insel des Odysseus, und Kefalonia. Die Br\u00fccke des Kanals wird f\u00fcr Segelyachten jeweils zur vollen Stunde ge\u00f6ffnet.<\/p>\n<p>Die Yachtcharter-Destination Lefkas ist mit weniger als 300 Quadratkilometern nur etwa halb so gro\u00df wie R\u00fcgen, echten Massentourismus gibt es hier nicht, die Zentren sind der Hauptort Lefkada, an der Br\u00fccke gelegen, und Nidri. Daf\u00fcr lockt herrliche Natur: gr\u00fcne Berge und T\u00e4ler mit Olivenhainen, Zypressen und Pinienw\u00e4ldern, kilometerlange Sandstr\u00e4nde, tiefeingeschnittene Fjorde wie bei Nidri im Osten und die wei\u00dfen Kreidefelsen von Porto Katsiki im S\u00fcden &ndash; deutlich leichter f\u00fcr Yachtcharter-Crews erreichbar als f\u00fcr &bdquo;Landtouristen&ldquo;.<\/p>\n<p>Die relativ neue, gro\u00dfe Yachtcharter-Marina mit mehreren Yachtcharter-Unternehmen liegt neben dem alten Stadthafen von Lefkas. Sowohl in der Marina als auch im lebhaften Ort gibt es s\u00e4mtliche Versorgungsm\u00f6glichkeiten f\u00fcr Yachtcharter-Crews.<\/p>\n<p>Der Hafen von<a href=\"~\/Yachtcharter_griechenland\/lefkas_nidri.html\"> Nidri<\/a> ist der F\u00e4hrhafen,ebenfalls Sitz von Yachtcharter-Unternehmen und bietet ebenfalls alles, was Yachtcharter-Crews brauchen. Gute Ankerbuchten f\u00fcr den Yachtcharter-T\u00f6rn rund Lefkas: Vlycho s\u00fcdlich von Nidri und der Naturhafen Syvota. <\/p>\n<p><\/p>\n","protected":false},"excerpt":{"rendered":"<p>Yachtcharter Lefkas Lefkas ist ein beliebter Ausgangspunkt f\u00fcr Yachtcharter-T\u00f6rns im familienfreundlichen Yachtcharter-Revier Ionisches Meer, auch f\u00fcr Oneway-Yachtcharter-T\u00f6rns nach Korfu oder durch den Golf von Korinth. \u00dcber eine Br\u00fccke ist Lefkas, auch Lefkada genannt, mit dem Festland verbunden &ndash; viele Yachtcharter-Crews reisen \u00fcber den dort gelegenen Flughafen Preveza an. Nachbarinseln sind<\/p>\n","protected":false},"author":11,"featured_media":0,"parent":739,"menu_order":0,"comment_status":"open","ping_status":"open","template":"","meta":[],"aioseo_notices":[],"_links":{"self":[{"href":"https:\/\/yachtcharter-connection.com\/de\/wp-json\/wp\/v2\/pages\/2343"}],"collection":[{"href":"https:\/\/yachtcharter-connection.com\/de\/wp-json\/wp\/v2\/pages"}],"about":[{"href":"https:\/\/yachtcharter-connection.com\/de\/wp-json\/wp\/v2\/types\/page"}],"author":[{"embeddable":true,"href":"https:\/\/yachtcharter-connection.com\/de\/wp-json\/wp\/v2\/users\/11"}],"replies":[{"embeddable":true,"href":"https:\/\/yachtcharter-connection.com\/de\/wp-json\/wp\/v2\/comments?post=2343"}],"version-history":[{"count":2,"href":"https:\/\/yachtcharter-connection.com\/de\/wp-json\/wp\/v2\/pages\/2343\/revisions"}],"predecessor-version":[{"id":25250,"href":"https:\/\/yachtcharter-connection.com\/de\/wp-json\/wp\/v2\/pages\/2343\/revisions\/25250"}],"up":[{"embeddable":true,"href":"https:\/\/yachtcharter-connection.com\/de\/wp-json\/wp\/v2\/pages\/739"}],"wp:attachment":[{"href":"https:\/\/yachtcharter-connection.com\/de\/wp-json\/wp\/v2\/media?parent=2343"}],"curies":[{"name":"wp","href":"https:\/\/api.w.org\/{rel}","templated":true}]}}