{"id":2344,"date":"2015-08-10T05:53:46","date_gmt":"2015-08-10T05:53:46","guid":{"rendered":"http:\/\/yachtcharter-connection.com.w01e47c6.kasserver.com\/korfu-marina-gouvia\/"},"modified":"2017-10-16T17:05:00","modified_gmt":"2017-10-16T15:05:00","slug":"korfu-marina-gouvia","status":"publish","type":"page","link":"https:\/\/yachtcharter-connection.com\/de\/regionen\/mittelmeer\/yachtcharter-ionisches-meer\/korfu-marina-gouvia\/","title":{"rendered":"Korfu \/ Marina Gouvia"},"content":{"rendered":"<h3>Yachtcharter Korfu \/ Marina Gouvia<\/h3>\n<p>\n<img loading=\"lazy\" class=\"content-image\"  width=\"300\" height=\"400\" alt=\"Segelrevier_Griechenland_Ionisches_Meer_Korfu_Koroula\" src=\"https:\/\/yachtcharter-connection.com\/wp-content\/uploads\/converted_files\/19838\/19838-5624e32bafc0b.jpg\" \/>Die Yachtcharter-Destination Korfu ist die n\u00f6rdlichste der Ionischen Inseln &ndash; und der ideale Ausgangspunkt f\u00fcr einen Yachtcharter-T\u00f6rn im Ionischen Meer. Von der K\u00fcste Albaniens trennt die Insel nur die etwa zwei Kilometer breite Stra\u00dfe von Korfu. Der n\u00e4chste gr\u00f6\u00dfere Hafen auf dem griechischen Festland ist Igoumenitsa, ein gro\u00dfer F\u00e4hrhafen. Wegen der \u00fcppigen Vegetation wird Korfu auch die &bdquo;gr\u00fcne Insel&ldquo; genannt. Der Hauptort hei\u00dft ebenfalls Korfu bzw. Kerkyra. Yachtcharter-Crew erreichen die Yachtcharter-St\u00fctzpunkte \u00fcber den internationalen Flughafen von Korfu.<\/p>\n<p>\nDer wichtigste Ausgangshafen f\u00fcr Yachtcharter-T\u00f6rns ist die Marina Gouvia mit mehreren Yachtcharter-Unternehmen, die n\u00f6rdlich von Kerkyra relativ nahe am Flughafen liegt. In Korfu-Stadt sebst gibt es mehrere H\u00e4fen: der Stadthafen ist relativ klein und laut &ndash; im Yachtclub NAOK s\u00fcdlich der alten Festung liegen Yachtcharter-Crews dagegen gut und sind auch schnell zu Fuss in der Altstadt, die Weltkulturerbe der Unesco ist. Etwa vier Kilometer s\u00fcdlich der Stadt liegt der  Ort Benitses mit seinem Hafen, der \u00fcberwiegend von Fischern und Ausflugsbooten genutzt wird. F\u00fcr Yachtcharter-Crews ist Benitses als Starthafen Richtung Festland und nach Paxi und Antipaxi ideal. Mit Motorrollern k\u00f6nnen Yachtcharter-Crews auch von hier aus den Hauptort erkunden, Verpflegung f\u00fcr den Yachtcharter-T\u00f6rn gibt es hier in den \u00f6rtlichen Superm\u00e4rkten. Einen weiteren kleinen Hafen gibt es im Nordosten der Insel, etwa 15 km von Korfu-Stadt entfernt, im kleinen Ort Ipsos.<\/p>\n<p>\nDie Yachtcharter-Marina Gouvia, Sitz der meisten Yachtcharter-Unternehmen auf Korfu und Ausgangspunkt f\u00fcr viele Yachtcharter-T\u00f6rns im Ionischen Meer (und f\u00fcr Oneway- Yachtcharter Richtung Lefkas, liegt in Kontokali, einem Fischerort mit typisch griechischem Charme. Fr\u00fcher diente die Bucht als gro\u00dfer Naturhafen bereits als Ausgangspunkt der Venezianer f\u00fcr Handelreisen. Heute ist die gro\u00dfe moderne Marina der sicherste Yachthafen im Ionischen Meer, auch gegen Schwell gut gesch\u00fctzt. Die Altstadt von Korfu \/ Kerkyra liegt nur einige Kilometer entfernt, ist aber f\u00fcr Yachtcharter-Crews mit dem Taxi gut zu erreichen. In der Marina Gouvia sind alle Versorgungsm\u00f6glichkeiten f\u00fcr Yachtcharter-Crews vorhanden.<\/p>\n<p>\nYachtcharter-Crews sollten sich in jedem Fall die Zeit nehmen, durch die engen Gassen der Altstadt von Korfu zu bummeln. Sehenswert: die Kirche des Heiligen Spyridon, Schutzpatron der Yachtcharter-Destination und das Banknotenmuseum mit griechischem Geld aus Vor-Euro-Zeiten. Weitere Sehensw\u00fcrdigkeiten, die einen Ausflug wert sind: das Achilleon, das \u00e4lteste Dorf der Insel Palaia Perithea, die Kl\u00f6ster Panagia Mirtiotissa an der Westk\u00fcste und Paleokastritsa in einer kleinen Bucht, die Klosterinsel Vlacherna, die Burgruine Angelokastro und der Berg Pantokrator mit toller Aussicht bis Albanien. <\/p>\n<p>\nEin Tip f\u00fcr den besonderen Yachtcharter-T\u00f6rn: Wer im Fr\u00fchjahr Zeit f\u00fcr einen Yachtcharter-Urlaub hat, sollte sich Zeit f\u00fcr die Feiern zum griechischen Osterfest mit pr\u00e4chtigen Prozessionen nehmen!<\/p>\n<p><\/p>\n","protected":false},"excerpt":{"rendered":"<p>Yachtcharter Korfu \/ Marina Gouvia Die Yachtcharter-Destination Korfu ist die n\u00f6rdlichste der Ionischen Inseln &ndash; und der ideale Ausgangspunkt f\u00fcr einen Yachtcharter-T\u00f6rn im Ionischen Meer. Von der K\u00fcste Albaniens trennt die Insel nur die etwa zwei Kilometer breite Stra\u00dfe von Korfu. Der n\u00e4chste gr\u00f6\u00dfere Hafen auf dem griechischen Festland ist<\/p>\n","protected":false},"author":11,"featured_media":0,"parent":739,"menu_order":0,"comment_status":"open","ping_status":"open","template":"","meta":[],"aioseo_notices":[],"_links":{"self":[{"href":"https:\/\/yachtcharter-connection.com\/de\/wp-json\/wp\/v2\/pages\/2344"}],"collection":[{"href":"https:\/\/yachtcharter-connection.com\/de\/wp-json\/wp\/v2\/pages"}],"about":[{"href":"https:\/\/yachtcharter-connection.com\/de\/wp-json\/wp\/v2\/types\/page"}],"author":[{"embeddable":true,"href":"https:\/\/yachtcharter-connection.com\/de\/wp-json\/wp\/v2\/users\/11"}],"replies":[{"embeddable":true,"href":"https:\/\/yachtcharter-connection.com\/de\/wp-json\/wp\/v2\/comments?post=2344"}],"version-history":[{"count":1,"href":"https:\/\/yachtcharter-connection.com\/de\/wp-json\/wp\/v2\/pages\/2344\/revisions"}],"predecessor-version":[{"id":12929,"href":"https:\/\/yachtcharter-connection.com\/de\/wp-json\/wp\/v2\/pages\/2344\/revisions\/12929"}],"up":[{"embeddable":true,"href":"https:\/\/yachtcharter-connection.com\/de\/wp-json\/wp\/v2\/pages\/739"}],"wp:attachment":[{"href":"https:\/\/yachtcharter-connection.com\/de\/wp-json\/wp\/v2\/media?parent=2344"}],"curies":[{"name":"wp","href":"https:\/\/api.w.org\/{rel}","templated":true}]}}