{"id":2345,"date":"2015-08-10T05:53:46","date_gmt":"2015-08-10T05:53:46","guid":{"rendered":"http:\/\/yachtcharter-connection.com.w01e47c6.kasserver.com\/sardinien-alghero\/"},"modified":"2017-11-14T12:17:09","modified_gmt":"2017-11-14T10:17:09","slug":"sardinien-alghero","status":"publish","type":"page","link":"https:\/\/yachtcharter-connection.com\/de\/regionen\/mittelmeer\/yachtcharter-sardinien\/sardinien-alghero\/","title":{"rendered":"Sardinien \/ Alghero"},"content":{"rendered":"<h1><strong>Yachtcharter Sardinien &#8211; Alghero<\/strong><\/h1>\n<p><img loading=\"lazy\" class=\"alignleft  wp-image-25760\" src=\"https:\/\/yachtcharter-connection.com\/wp-content\/uploads\/2015\/08\/Alghero-Yachtcharter-Sardinia.jpg\" alt=\"Yachtcharter Sardinien - Alghero\" width=\"597\" height=\"323\" srcset=\"https:\/\/yachtcharter-connection.com\/wp-content\/uploads\/2015\/08\/Alghero-Yachtcharter-Sardinia.jpg 740w, https:\/\/yachtcharter-connection.com\/wp-content\/uploads\/2015\/08\/Alghero-Yachtcharter-Sardinia-300x162.jpg 300w\" sizes=\"(max-width: 597px) 100vw, 597px\" \/>Alghero ist eine lebhafte Stadt an der Nordwestk\u00fcste Sardiniens in der Provinz Sassari und eines der touristischen Zentren der Insel. Die malerische Altstadt mit vielen Erinnerungen an das Mittelalter l\u00e4dt zum Bummeln ein. Kirchen, Pl\u00e4tze, enge Gassen, viele Shops&#8230;ein Spaziergang macht hier wirklich Spass. Die Marina di Alghero ist Standort einiger Yachtcharter-St\u00fctzpunkte und ein guter Starthafen f\u00fcr einen Sardinien-T\u00f6rn.<\/p>\n<p>Alghero hat einen eigenen Flughafen und ist damit f\u00fcr Yachtcharter-Crews leicht erreichbar.<\/p>\n<p><strong>Charteryachten Alghero:<\/strong> F\u00fcr Ihren Yachtcharter-Urlaub\u00a0 ab Alghero sind hier Yachten mehrerer Anbieter stationiert, Segelyachten und Katamarane. Luxusyachten mit Crew ab Alghero bieten wir auf Anfrage gern an.<\/p>\n<p>&nbsp;<\/p>\n","protected":false},"excerpt":{"rendered":"<p>Yachtcharter Sardinien &#8211; Alghero Alghero ist eine lebhafte Stadt an der Nordwestk\u00fcste Sardiniens in der Provinz Sassari und eines der touristischen Zentren der Insel. Die malerische Altstadt mit vielen Erinnerungen an das Mittelalter l\u00e4dt zum Bummeln ein. Kirchen, Pl\u00e4tze, enge Gassen, viele Shops&#8230;ein Spaziergang macht hier wirklich Spass. Die Marina<\/p>\n","protected":false},"author":11,"featured_media":0,"parent":760,"menu_order":0,"comment_status":"open","ping_status":"open","template":"","meta":[],"aioseo_notices":[],"_links":{"self":[{"href":"https:\/\/yachtcharter-connection.com\/de\/wp-json\/wp\/v2\/pages\/2345"}],"collection":[{"href":"https:\/\/yachtcharter-connection.com\/de\/wp-json\/wp\/v2\/pages"}],"about":[{"href":"https:\/\/yachtcharter-connection.com\/de\/wp-json\/wp\/v2\/types\/page"}],"author":[{"embeddable":true,"href":"https:\/\/yachtcharter-connection.com\/de\/wp-json\/wp\/v2\/users\/11"}],"replies":[{"embeddable":true,"href":"https:\/\/yachtcharter-connection.com\/de\/wp-json\/wp\/v2\/comments?post=2345"}],"version-history":[{"count":3,"href":"https:\/\/yachtcharter-connection.com\/de\/wp-json\/wp\/v2\/pages\/2345\/revisions"}],"predecessor-version":[{"id":25763,"href":"https:\/\/yachtcharter-connection.com\/de\/wp-json\/wp\/v2\/pages\/2345\/revisions\/25763"}],"up":[{"embeddable":true,"href":"https:\/\/yachtcharter-connection.com\/de\/wp-json\/wp\/v2\/pages\/760"}],"wp:attachment":[{"href":"https:\/\/yachtcharter-connection.com\/de\/wp-json\/wp\/v2\/media?parent=2345"}],"curies":[{"name":"wp","href":"https:\/\/api.w.org\/{rel}","templated":true}]}}