{"id":2348,"date":"2014-05-06T23:59:09","date_gmt":"2014-05-06T23:59:09","guid":{"rendered":"http:\/\/yachtcharter-connection.com.w01e47c6.kasserver.com\/phuket-laem-phrao-372\/"},"modified":"2016-10-29T18:13:34","modified_gmt":"2016-10-29T16:13:34","slug":"phuket-laem-phrao-372","status":"publish","type":"page","link":"https:\/\/yachtcharter-connection.com\/de\/regionen\/indischer-ozean\/yachtcharter-thailand-burma\/phuket-laem-phrao-372\/","title":{"rendered":"Phuket \/ Laem Phrao"},"content":{"rendered":"<h3>Yachtcharter Phuket \/ Laem Phrao<\/h3>\n<p><img class=\"content-image\"  alt=\"\" src=\"https:\/\/yachtcharter-connection.com\/wp-content\/uploads\/converted_files\/19842\/19842-5624e32e63509.jpg\" \/>Die Bucht von Laem Phrao gilt ganzj\u00e4hrig als sicherer Ankerplatz und ist von Osten her jederzeit leicht zug\u00e4nglich. In der Bucht, die als perfekter Ausgangspunkt f\u00fcr T\u00f6rns in der Phang Nga Bay gilt, liegt auch die <a href=\"~\/Yachtcharter_thailand.html\">Yacht Haven Marina, <\/a>Sitz mehrerer Yachtcharter-St\u00fctzpunkte.<\/p>\n<p><\/p>\n","protected":false},"excerpt":{"rendered":"<p>Yachtcharter Phuket \/ Laem Phrao Die Bucht von Laem Phrao gilt ganzj\u00e4hrig als sicherer Ankerplatz und ist von Osten her jederzeit leicht zug\u00e4nglich. In der Bucht, die als perfekter Ausgangspunkt f\u00fcr T\u00f6rns in der Phang Nga Bay gilt, liegt auch die Yacht Haven Marina, Sitz mehrerer Yachtcharter-St\u00fctzpunkte.<\/p>\n","protected":false},"author":11,"featured_media":0,"parent":752,"menu_order":0,"comment_status":"open","ping_status":"open","template":"","meta":[],"aioseo_notices":[],"_links":{"self":[{"href":"https:\/\/yachtcharter-connection.com\/de\/wp-json\/wp\/v2\/pages\/2348"}],"collection":[{"href":"https:\/\/yachtcharter-connection.com\/de\/wp-json\/wp\/v2\/pages"}],"about":[{"href":"https:\/\/yachtcharter-connection.com\/de\/wp-json\/wp\/v2\/types\/page"}],"author":[{"embeddable":true,"href":"https:\/\/yachtcharter-connection.com\/de\/wp-json\/wp\/v2\/users\/11"}],"replies":[{"embeddable":true,"href":"https:\/\/yachtcharter-connection.com\/de\/wp-json\/wp\/v2\/comments?post=2348"}],"version-history":[{"count":1,"href":"https:\/\/yachtcharter-connection.com\/de\/wp-json\/wp\/v2\/pages\/2348\/revisions"}],"predecessor-version":[{"id":13135,"href":"https:\/\/yachtcharter-connection.com\/de\/wp-json\/wp\/v2\/pages\/2348\/revisions\/13135"}],"up":[{"embeddable":true,"href":"https:\/\/yachtcharter-connection.com\/de\/wp-json\/wp\/v2\/pages\/752"}],"wp:attachment":[{"href":"https:\/\/yachtcharter-connection.com\/de\/wp-json\/wp\/v2\/media?parent=2348"}],"curies":[{"name":"wp","href":"https:\/\/api.w.org\/{rel}","templated":true}]}}