{"id":2349,"date":"2015-08-10T05:53:46","date_gmt":"2015-08-10T05:53:46","guid":{"rendered":"http:\/\/yachtcharter-connection.com.w01e47c6.kasserver.com\/orhaniye-231\/"},"modified":"2017-07-16T06:22:13","modified_gmt":"2017-07-16T04:22:13","slug":"orhaniye-231","status":"publish","type":"page","link":"https:\/\/yachtcharter-connection.com\/de\/regionen\/mittelmeer\/yachtcharter-tuerkische-kueste\/orhaniye-231\/","title":{"rendered":"Orhaniye"},"content":{"rendered":"<h3>Yachtcharter Orhaniye<\/h3>\n<p>\nDie Yachtcharter-Destination Orhaniye (Kecib\u00fck\u00fc) liegt am \u00e4u\u00dfersten s\u00fcd\u00f6stlichen Ende der malerischen Bucht  Hisar\u00f6n\u00fc K\u00f6rfezi, im S\u00fcden der Datca Halbinsel, die den Golf von Hisar\u00f6n\u00fc vom G\u00f6kova-Golf trennt. Der Yachthafen Marti Marina mit mehreren Yachtcharter-St\u00fctzpunkten bietet  175 Liegepl\u00e4tze. Ca. 35 Kilometer von Marmaris und 115 km entfernt vom internationalen Flughafen Dalaman findet man hier eine gelassene und entspannte Atmosph\u00e4re &#8211; ein idealer Ausgangspunkt f\u00fcr Yachtcharter Orhaniye-Crews. Die Marina bietet jeglichen Service f\u00fcr Yachtcharter: moderne Einrichtungen mit Sanit\u00e4ranlagen, einem Supermarkt, Einkaufszentrum, W\u00e4scherei, Bars und Restaurants, ein 5-Sterne Hotel sowie einen Shuttle-Service nach<a target=\"_blank\" href=\"https:\/\/yachtcharter-connection.com\/wp-content\/uploads\/converted_files\/19843\/19843-5624e330f2bd0.jpg\"> Mamaris<\/a>. <\/p>\n<p>\nDiese Yachtcharter-Destination wurde mit der &bdquo;Blauen Flagge&ldquo;  ausgezeichnet und steht damit f\u00fcr Sauberkeit und verst\u00e4rkten Umweltschutz. Auch die n\u00e4here Umgebung hat einiges zu bieten: Yachtcharter-Crews, die zum Ort Hisar\u00f6n\u00fc wandern, k\u00f6nnen dort die \u00dcberreste einer antiken Akropolis erkunden. Weiteres Highlights:  der Wasserfall in der N\u00e4he des Ortes Turgut. Auch die kleine Lagune Kizkumu (der Sand des M\u00e4dchens) sollten sich die Yachtcharter Orhaniye Crews nicht entgehen lassen. Wenn hier jemand entlangl\u00e4uft, sieht es so aus, als ob er auf dem Wasser wandelt.<\/p>\n<p>\nYachtcharter-T\u00f6rns ab Orhaniye f\u00fchren oft gen Westen Richtung <a href=\"https:\/\/yachtcharter-connection.com\/wp-content\/uploads\/converted_files\/19843\/19843-5624e331f0939.jpg\" target=\"_blank\">Bodrum<\/a> oder auf die griechischen Inseln des <a href=\"https:\/\/yachtcharter-connection.com\/wp-content\/uploads\/converted_files\/19843\/19843-5624e3330794b.jpg\" target=\"_blank\">Dodekanes<\/a>. <\/p>\n<p>\nIn Orhaniye stehen f\u00fcr Yachtcharter-Crews eine Charterflotte von Segelyachten fast aller gro\u00dfen Hersteller &ndash; Beneteau mit Oceanis , Elan, Bavaria, Jeanneau Sun Odyssey, Dufour sowie Segelkatamarane von Lagoon zur Verf\u00fcgung. Chartern Sie die beste  Yacht f\u00fcr Ihren Segelurlaub in der T\u00fcrkei ab Orhaniye online &ndash; oder fragen Sie uns nach Angeboten &ndash; wir beraten Sie gern. <\/p>\n","protected":false},"excerpt":{"rendered":"<p>Yachtcharter Orhaniye Die Yachtcharter-Destination Orhaniye (Kecib\u00fck\u00fc) liegt am \u00e4u\u00dfersten s\u00fcd\u00f6stlichen Ende der malerischen Bucht Hisar\u00f6n\u00fc K\u00f6rfezi, im S\u00fcden der Datca Halbinsel, die den Golf von Hisar\u00f6n\u00fc vom G\u00f6kova-Golf trennt. Der Yachthafen Marti Marina mit mehreren Yachtcharter-St\u00fctzpunkten bietet 175 Liegepl\u00e4tze. Ca. 35 Kilometer von Marmaris und 115 km entfernt vom internationalen<\/p>\n","protected":false},"author":11,"featured_media":0,"parent":740,"menu_order":0,"comment_status":"open","ping_status":"open","template":"","meta":[],"aioseo_notices":[],"_links":{"self":[{"href":"https:\/\/yachtcharter-connection.com\/de\/wp-json\/wp\/v2\/pages\/2349"}],"collection":[{"href":"https:\/\/yachtcharter-connection.com\/de\/wp-json\/wp\/v2\/pages"}],"about":[{"href":"https:\/\/yachtcharter-connection.com\/de\/wp-json\/wp\/v2\/types\/page"}],"author":[{"embeddable":true,"href":"https:\/\/yachtcharter-connection.com\/de\/wp-json\/wp\/v2\/users\/11"}],"replies":[{"embeddable":true,"href":"https:\/\/yachtcharter-connection.com\/de\/wp-json\/wp\/v2\/comments?post=2349"}],"version-history":[{"count":1,"href":"https:\/\/yachtcharter-connection.com\/de\/wp-json\/wp\/v2\/pages\/2349\/revisions"}],"predecessor-version":[{"id":13059,"href":"https:\/\/yachtcharter-connection.com\/de\/wp-json\/wp\/v2\/pages\/2349\/revisions\/13059"}],"up":[{"embeddable":true,"href":"https:\/\/yachtcharter-connection.com\/de\/wp-json\/wp\/v2\/pages\/740"}],"wp:attachment":[{"href":"https:\/\/yachtcharter-connection.com\/de\/wp-json\/wp\/v2\/media?parent=2349"}],"curies":[{"name":"wp","href":"https:\/\/api.w.org\/{rel}","templated":true}]}}