{"id":2351,"date":"2011-03-14T05:10:00","date_gmt":"2011-03-14T05:10:00","guid":{"rendered":"http:\/\/yachtcharter-connection.com.w01e47c6.kasserver.com\/kusadasi-891\/"},"modified":"2017-07-16T06:15:32","modified_gmt":"2017-07-16T04:15:32","slug":"kusadasi-891","status":"publish","type":"page","link":"https:\/\/yachtcharter-connection.com\/de\/regionen\/mittelmeer\/yachtcharter-tuerkische-kueste\/kusadasi-891\/","title":{"rendered":"Kusadasi"},"content":{"rendered":"<h3>Yachtcharter Kusadasi<\/h3>\n<p>\nKusadasi ist ein gepfleger Ferienort mit pittoresker Altstadt, urspr\u00fcnglichem Bauernmarkt, einer Festung am Meer. Ephesus, einer der gr\u00f6\u00dften St\u00e4dte der Antike im Orient, ist von hier aus in etwa einer halben Stunde erreichbar, auch die Terrassen von Pamukkale sollte man sich nicht entghen lassen. Die Gegend um Cesme bietet f\u00fcr Charter-Crews noch wenig erkundetes Neuland mit viel urspr\u00fcnglicher Natur. Die Infrastruktur wurde aber auch hier in den letzten Jahren verbessert, die Uferpromenade l\u00e4dt zu einem Bummel ein und zahlreiche Gesch\u00e4fte zum Shoppen. Sehenswert: die Karawanserei und die alte Genueser Festung.<\/p>\n","protected":false},"excerpt":{"rendered":"<p>Yachtcharter Kusadasi Kusadasi ist ein gepfleger Ferienort mit pittoresker Altstadt, urspr\u00fcnglichem Bauernmarkt, einer Festung am Meer. Ephesus, einer der gr\u00f6\u00dften St\u00e4dte der Antike im Orient, ist von hier aus in etwa einer halben Stunde erreichbar, auch die Terrassen von Pamukkale sollte man sich nicht entghen lassen. Die Gegend um Cesme<\/p>\n","protected":false},"author":11,"featured_media":0,"parent":740,"menu_order":0,"comment_status":"open","ping_status":"open","template":"","meta":[],"aioseo_notices":[],"_links":{"self":[{"href":"https:\/\/yachtcharter-connection.com\/de\/wp-json\/wp\/v2\/pages\/2351"}],"collection":[{"href":"https:\/\/yachtcharter-connection.com\/de\/wp-json\/wp\/v2\/pages"}],"about":[{"href":"https:\/\/yachtcharter-connection.com\/de\/wp-json\/wp\/v2\/types\/page"}],"author":[{"embeddable":true,"href":"https:\/\/yachtcharter-connection.com\/de\/wp-json\/wp\/v2\/users\/11"}],"replies":[{"embeddable":true,"href":"https:\/\/yachtcharter-connection.com\/de\/wp-json\/wp\/v2\/comments?post=2351"}],"version-history":[{"count":1,"href":"https:\/\/yachtcharter-connection.com\/de\/wp-json\/wp\/v2\/pages\/2351\/revisions"}],"predecessor-version":[{"id":13057,"href":"https:\/\/yachtcharter-connection.com\/de\/wp-json\/wp\/v2\/pages\/2351\/revisions\/13057"}],"up":[{"embeddable":true,"href":"https:\/\/yachtcharter-connection.com\/de\/wp-json\/wp\/v2\/pages\/740"}],"wp:attachment":[{"href":"https:\/\/yachtcharter-connection.com\/de\/wp-json\/wp\/v2\/media?parent=2351"}],"curies":[{"name":"wp","href":"https:\/\/api.w.org\/{rel}","templated":true}]}}