{"id":2354,"date":"2013-09-03T05:43:26","date_gmt":"2013-09-03T05:43:26","guid":{"rendered":"http:\/\/yachtcharter-connection.com.w01e47c6.kasserver.com\/cesme-marina-alacati-207\/"},"modified":"2017-07-16T05:56:32","modified_gmt":"2017-07-16T03:56:32","slug":"cesme-marina-alacati-207","status":"publish","type":"page","link":"https:\/\/yachtcharter-connection.com\/de\/regionen\/mittelmeer\/yachtcharter-tuerkische-kueste\/cesme-marina-alacati-207\/","title":{"rendered":"Cesme \/ Marina Ala\u00e7ati"},"content":{"rendered":"<h3>Yachtcharter Cesme<\/h3>\n<p>\n<img loading=\"lazy\" class=\"content-image\"  width=\"300\" height=\"201\" src=\"https:\/\/yachtcharter-connection.com\/wp-content\/uploads\/converted_files\/19848\/19848-5624e3340d2ae.jpg\" alt=\"Yachtcharter_T\u00fcrkei_Cesme\" \/>Die Yachtcharter-Destination Cesme an der t\u00fcrkischen \u00c4g\u00e4isk\u00fcste liegt etwa 100 Kilometer von Izmir entfernt und ist von dort in etwa 45 Minuten gut erreichbar. Viele Einwohner Istanbuls oder Izmirs haben Ferienh\u00e4user in dem Ort, der als exklusiver Ferienort gilt. <\/p>\n<p>Im historischen Kern von Cesme lohnt ein Ausflug zur alten Karawanserei und zur Burg. Der Hafen von Cesme selbst wurde mittlerweile zur modernen Marina mit aller f\u00fcr Yachtcharter Cesme wichtigen Infrastruktur ausgebaut. <\/p>\n<p>Die Marina Port Alacati mit ihrer Yachtcharter-Basis und allen wichtigen Einrichtungen f\u00fcr Yachtcharter-Crews inklusive Internet liegt in einer Bucht auf der Cesme-Halbinsel, etwa 20 Minunten vom St\u00e4dtchen Cesme entfernt. Die Bucht gilt wegen best\u00e4ndiger Nordwinde als auch interessanter Surf-Spot &#8211; f\u00fcr einen Yachtcharter-T\u00f6rn ist diese Region Richtung Norden bis Ayvalik und vor allem in der Kombination mit den griechischen Inseln Lesbos und Chios interessant<\/p>\n<p>Der Ort Alacati in der N\u00e4he ist reizvoll mit dem malerischen Charme eines traditionellen Fischerdorfes. In Alacati, aber auch in den angrenzenden Orten Ilica, Cesme und Dalyank\u00f6y finden Yachtcharter Cesme-Crews  eine Vielzahl von Restaurants, Cafes und Einkaufsm\u00f6glichkeiten. Daneben sind f\u00fcr Yachtcharter Cesme-Crews nat\u00fcrlich auch alle Einrichtungen einer modernen Ferienregion vorhanden. <\/p>\n<p><strong>Charteryachten Cesme: <\/strong>F\u00fcr Yachtcharter Cesme-Crews stehen in der Marina Alacati eine Reihe von Bavaria-Yachten zur Verf\u00fcgung.<\/p>\n<p><\/p>\n","protected":false},"excerpt":{"rendered":"<p>Yachtcharter Cesme Die Yachtcharter-Destination Cesme an der t\u00fcrkischen \u00c4g\u00e4isk\u00fcste liegt etwa 100 Kilometer von Izmir entfernt und ist von dort in etwa 45 Minuten gut erreichbar. Viele Einwohner Istanbuls oder Izmirs haben Ferienh\u00e4user in dem Ort, der als exklusiver Ferienort gilt. Im historischen Kern von Cesme lohnt ein Ausflug zur<\/p>\n","protected":false},"author":11,"featured_media":0,"parent":740,"menu_order":0,"comment_status":"open","ping_status":"open","template":"","meta":[],"aioseo_notices":[],"_links":{"self":[{"href":"https:\/\/yachtcharter-connection.com\/de\/wp-json\/wp\/v2\/pages\/2354"}],"collection":[{"href":"https:\/\/yachtcharter-connection.com\/de\/wp-json\/wp\/v2\/pages"}],"about":[{"href":"https:\/\/yachtcharter-connection.com\/de\/wp-json\/wp\/v2\/types\/page"}],"author":[{"embeddable":true,"href":"https:\/\/yachtcharter-connection.com\/de\/wp-json\/wp\/v2\/users\/11"}],"replies":[{"embeddable":true,"href":"https:\/\/yachtcharter-connection.com\/de\/wp-json\/wp\/v2\/comments?post=2354"}],"version-history":[{"count":1,"href":"https:\/\/yachtcharter-connection.com\/de\/wp-json\/wp\/v2\/pages\/2354\/revisions"}],"predecessor-version":[{"id":13046,"href":"https:\/\/yachtcharter-connection.com\/de\/wp-json\/wp\/v2\/pages\/2354\/revisions\/13046"}],"up":[{"embeddable":true,"href":"https:\/\/yachtcharter-connection.com\/de\/wp-json\/wp\/v2\/pages\/740"}],"wp:attachment":[{"href":"https:\/\/yachtcharter-connection.com\/de\/wp-json\/wp\/v2\/media?parent=2354"}],"curies":[{"name":"wp","href":"https:\/\/api.w.org\/{rel}","templated":true}]}}