{"id":2359,"date":"2011-03-14T05:09:11","date_gmt":"2011-03-14T05:09:11","guid":{"rendered":"http:\/\/yachtcharter-connection.com.w01e47c6.kasserver.com\/st-raphael-317\/"},"modified":"2017-07-15T20:19:08","modified_gmt":"2017-07-15T18:19:08","slug":"st-raphael-317","status":"publish","type":"page","link":"https:\/\/yachtcharter-connection.com\/de\/regionen\/mittelmeer\/yachtcharter-cote-dazur-ost\/st-raphael-317\/","title":{"rendered":"Saint-Rapha\u00ebl"},"content":{"rendered":"<p><a href=\"https:\/\/yachtcharter-connection.com\/wp-content\/uploads\/2014\/05\/French-Riviera-Saint-Raphael.jpg\"><img loading=\"lazy\" class=\"size-full wp-image-24228 aligncenter\" src=\"https:\/\/yachtcharter-connection.com\/wp-content\/uploads\/2014\/05\/French-Riviera-Saint-Raphael.jpg\" alt=\"Saint-Raphael\" width=\"837\" height=\"554\" srcset=\"https:\/\/yachtcharter-connection.com\/wp-content\/uploads\/2014\/05\/French-Riviera-Saint-Raphael.jpg 837w, https:\/\/yachtcharter-connection.com\/wp-content\/uploads\/2014\/05\/French-Riviera-Saint-Raphael-300x199.jpg 300w, https:\/\/yachtcharter-connection.com\/wp-content\/uploads\/2014\/05\/French-Riviera-Saint-Raphael-768x508.jpg 768w\" sizes=\"(max-width: 837px) 100vw, 837px\" \/><\/a><\/p>\n<p>Die Yachtcharter-Destination Saint-Rapha\u00ebl liegt an der franz\u00f6schen Riviera zwischen Cannes und St. Tropez, in der Bucht von Fr\u00e9jus &#8211; im Westen grenzt der quirlige Badeort direkt Fr\u00e9jus. An der Uferpromenade gibt es zahlreiche Shops und Restaurants, ein Spaziergang macht besonders in den verwinkelten Gassen der Altstadt Spass, in der es t\u00e4glich einen Markt gibt. Direkt am alten Hafen mit seinen Fischerbooten gibt es ein sehenswertes Casino.<\/p>\n<p>Im Osten der Stadt liegt die riesige Marina Santa Lucia , mit insgesamt \u00fcber 1600 Liegepl\u00e4tzen.<\/p>\n<p>Saint-Rapha\u00ebl ist ein perfekter Ausgangshafen f\u00fcr T\u00f6rns entlang der K\u00fcste der franz\u00f6schen Riviera und zu den \u00celes d&#8217;Hy\u00e8res.<\/p>\n<p><strong>Charteryachten in Saint-Rapha\u00ebl:<\/strong> In Saint-Rapha\u00ebl steht f\u00fcr Yachtcharter an der C\u00f4te d&#8217;Azur eine Charterflotte von Segelyachten und Katamaranen zur Verf\u00fcgung-. Chartern Sie die beste Yacht f\u00fcr Ihren Segelurlaub in S\u00fcdfrankreich ab Saint-Rapha\u00ebl online \u2013 oder fragen Sie uns nach Angeboten, auch f\u00fcr Luxus-Charteryachten mit Crew. Wir beraten Sie gern.<\/p>\n","protected":false},"excerpt":{"rendered":"<p>Die Yachtcharter-Destination Saint-Rapha\u00ebl liegt an der franz\u00f6schen Riviera zwischen Cannes und St. Tropez, in der Bucht von Fr\u00e9jus &#8211; im Westen grenzt der quirlige Badeort direkt Fr\u00e9jus. An der Uferpromenade gibt es zahlreiche Shops und Restaurants, ein Spaziergang macht besonders in den verwinkelten Gassen der Altstadt Spass, in der es<\/p>\n","protected":false},"author":11,"featured_media":0,"parent":743,"menu_order":0,"comment_status":"open","ping_status":"open","template":"","meta":[],"aioseo_notices":[],"_links":{"self":[{"href":"https:\/\/yachtcharter-connection.com\/de\/wp-json\/wp\/v2\/pages\/2359"}],"collection":[{"href":"https:\/\/yachtcharter-connection.com\/de\/wp-json\/wp\/v2\/pages"}],"about":[{"href":"https:\/\/yachtcharter-connection.com\/de\/wp-json\/wp\/v2\/types\/page"}],"author":[{"embeddable":true,"href":"https:\/\/yachtcharter-connection.com\/de\/wp-json\/wp\/v2\/users\/11"}],"replies":[{"embeddable":true,"href":"https:\/\/yachtcharter-connection.com\/de\/wp-json\/wp\/v2\/comments?post=2359"}],"version-history":[{"count":4,"href":"https:\/\/yachtcharter-connection.com\/de\/wp-json\/wp\/v2\/pages\/2359\/revisions"}],"predecessor-version":[{"id":24248,"href":"https:\/\/yachtcharter-connection.com\/de\/wp-json\/wp\/v2\/pages\/2359\/revisions\/24248"}],"up":[{"embeddable":true,"href":"https:\/\/yachtcharter-connection.com\/de\/wp-json\/wp\/v2\/pages\/743"}],"wp:attachment":[{"href":"https:\/\/yachtcharter-connection.com\/de\/wp-json\/wp\/v2\/media?parent=2359"}],"curies":[{"name":"wp","href":"https:\/\/api.w.org\/{rel}","templated":true}]}}