{"id":2366,"date":"2015-08-10T05:53:46","date_gmt":"2015-08-10T05:53:46","guid":{"rendered":"http:\/\/yachtcharter-connection.com.w01e47c6.kasserver.com\/angra-dos-reis-678\/"},"modified":"2016-10-29T18:54:50","modified_gmt":"2016-10-29T16:54:50","slug":"angra-dos-reis-678","status":"publish","type":"page","link":"https:\/\/yachtcharter-connection.com\/de\/regionen\/atlantik-s%c3%bcdamerika\/yachtcharter-brasilien-costa-verde\/angra-dos-reis-678\/","title":{"rendered":"Angra dos Reis"},"content":{"rendered":"<h3>Yachtcharter Brasilien \/ Angra dos Reis<\/h3>\n<p>\nAngra dos Reis mit der Marina Verolme liegt in einem gesch\u00fctzten Golf, der Bahia der Ilha Grande, mit unz\u00e4hligen Inseln und Inselchen, Dschungel, Wasserf\u00e4lle, unber\u00fchrten Str\u00e4nden, einer blauen Lagune wie aus dem Bilderbuch und m\u00e4rchenhaften Traum-Buchten.  In der Region gibt es gleich mehrere Nationalparks. <\/p>\n<p>Highlight im Westen der Bucht: die Hafenstadt Paraty, deren wei\u00dfen H\u00e4user mit bunten T\u00fcren und Fenstern schon von weitem leuchten. Sie steht wegen ihrer intakten kolonialen Architektur unter Denkmalschutz.  Das historische Zentrum ist autofrei, die Einwohner leben heute mehr von Tourismus als vom Hafen. Das Kultur- und K\u00fcnstlerleben ist vielf\u00e4ltig, Live-Musik und traditionelle Feste sorgen f\u00fcr Stimmung <\/p>\n<p>Zur vorgelagerten Ilha Grande sind es von der Yachtcharter-Basis nur zw\u00f6lf Seemeilen. Nur wenige tausend Einwohner leben auf rund 200 Quadratkilometern. Gro\u00dfe Teile der Insel sind Naturpark &ndash; wer einsame endlose Str\u00e4nde sucht, ab und zu Delphine, Br\u00fcllaffen oder Schildkr\u00f6ten sichten will, von Fauna und Flora nicht genug bekommen kann, wird sich hier wie im Paradies f\u00fchlen.  Auch hier dominiert die Mata Atlantica, der atlantische Regenwald. Gr\u00f6\u00dfter Ort auf der Insel ist Vila de Abraao &ndash; mit Anlegesteg und F\u00e4hranleger f\u00fcr Ausflugsboote, die von Angra dos Reis und Mangaratiba kommen.<\/p>\n<p><br type=\"_moz\" \/><\/p>\n","protected":false},"excerpt":{"rendered":"<p>Yachtcharter Brasilien \/ Angra dos Reis Angra dos Reis mit der Marina Verolme liegt in einem gesch\u00fctzten Golf, der Bahia der Ilha Grande, mit unz\u00e4hligen Inseln und Inselchen, Dschungel, Wasserf\u00e4lle, unber\u00fchrten Str\u00e4nden, einer blauen Lagune wie aus dem Bilderbuch und m\u00e4rchenhaften Traum-Buchten. In der Region gibt es gleich mehrere Nationalparks.<\/p>\n","protected":false},"author":11,"featured_media":0,"parent":758,"menu_order":0,"comment_status":"closed","ping_status":"open","template":"","meta":[],"aioseo_notices":[],"_links":{"self":[{"href":"https:\/\/yachtcharter-connection.com\/de\/wp-json\/wp\/v2\/pages\/2366"}],"collection":[{"href":"https:\/\/yachtcharter-connection.com\/de\/wp-json\/wp\/v2\/pages"}],"about":[{"href":"https:\/\/yachtcharter-connection.com\/de\/wp-json\/wp\/v2\/types\/page"}],"author":[{"embeddable":true,"href":"https:\/\/yachtcharter-connection.com\/de\/wp-json\/wp\/v2\/users\/11"}],"replies":[{"embeddable":true,"href":"https:\/\/yachtcharter-connection.com\/de\/wp-json\/wp\/v2\/comments?post=2366"}],"version-history":[{"count":1,"href":"https:\/\/yachtcharter-connection.com\/de\/wp-json\/wp\/v2\/pages\/2366\/revisions"}],"predecessor-version":[{"id":13536,"href":"https:\/\/yachtcharter-connection.com\/de\/wp-json\/wp\/v2\/pages\/2366\/revisions\/13536"}],"up":[{"embeddable":true,"href":"https:\/\/yachtcharter-connection.com\/de\/wp-json\/wp\/v2\/pages\/758"}],"wp:attachment":[{"href":"https:\/\/yachtcharter-connection.com\/de\/wp-json\/wp\/v2\/media?parent=2366"}],"curies":[{"name":"wp","href":"https:\/\/api.w.org\/{rel}","templated":true}]}}