{"id":2373,"date":"2011-12-19T17:26:22","date_gmt":"2011-12-19T17:26:22","guid":{"rendered":"http:\/\/yachtcharter-connection.com.w01e47c6.kasserver.com\/hyeres-658\/"},"modified":"2016-10-29T18:15:10","modified_gmt":"2016-10-29T16:15:10","slug":"hyeres-658","status":"publish","type":"page","link":"https:\/\/yachtcharter-connection.com\/de\/regionen\/mittelmeer\/yachtcharter-cote-dazur-west\/hyeres-658\/","title":{"rendered":"Hy\u00e8res"},"content":{"rendered":"<h3>Yachtcharter Hyi\u00e8res<\/h3>\n<p><img class=\"content-image\"  style=\"width: 300px; height: 200px;\" alt=\"yacht_charters_France_Riviera_Hyeres.jpg\" src=\"https:\/\/yachtcharter-connection.com\/wp-content\/uploads\/converted_files\/19867\/19867-5624e3366dae0.jpg\" \/><strong>Charteryachten Hy\u00e8res:<\/strong> F\u00fcr Yachtcharter Hy\u00e8res-Crews steht eine gro\u00dfe Flotte von Segelyachten in Hyeres an der franz\u00f6sischen Riviera zur Verf\u00fcgung, insbesondere Jeanneau Sun Odyssey mit den neuesten Modellen SUn Odyssey 379, 409, 439 und das Flaggschiff Sun Odyssey 509 sowie die gro\u00dfe Jeanneau 53. Angebote auf Anfrage!<\/p>\n","protected":false},"excerpt":{"rendered":"<p>Yachtcharter Hyi\u00e8res Charteryachten Hy\u00e8res: F\u00fcr Yachtcharter Hy\u00e8res-Crews steht eine gro\u00dfe Flotte von Segelyachten in Hyeres an der franz\u00f6sischen Riviera zur Verf\u00fcgung, insbesondere Jeanneau Sun Odyssey mit den neuesten Modellen SUn Odyssey 379, 409, 439 und das Flaggschiff Sun Odyssey 509 sowie die gro\u00dfe Jeanneau 53. Angebote auf Anfrage!<\/p>\n","protected":false},"author":11,"featured_media":0,"parent":810,"menu_order":0,"comment_status":"open","ping_status":"open","template":"","meta":[],"aioseo_notices":[],"_links":{"self":[{"href":"https:\/\/yachtcharter-connection.com\/de\/wp-json\/wp\/v2\/pages\/2373"}],"collection":[{"href":"https:\/\/yachtcharter-connection.com\/de\/wp-json\/wp\/v2\/pages"}],"about":[{"href":"https:\/\/yachtcharter-connection.com\/de\/wp-json\/wp\/v2\/types\/page"}],"author":[{"embeddable":true,"href":"https:\/\/yachtcharter-connection.com\/de\/wp-json\/wp\/v2\/users\/11"}],"replies":[{"embeddable":true,"href":"https:\/\/yachtcharter-connection.com\/de\/wp-json\/wp\/v2\/comments?post=2373"}],"version-history":[{"count":1,"href":"https:\/\/yachtcharter-connection.com\/de\/wp-json\/wp\/v2\/pages\/2373\/revisions"}],"predecessor-version":[{"id":13308,"href":"https:\/\/yachtcharter-connection.com\/de\/wp-json\/wp\/v2\/pages\/2373\/revisions\/13308"}],"up":[{"embeddable":true,"href":"https:\/\/yachtcharter-connection.com\/de\/wp-json\/wp\/v2\/pages\/810"}],"wp:attachment":[{"href":"https:\/\/yachtcharter-connection.com\/de\/wp-json\/wp\/v2\/media?parent=2373"}],"curies":[{"name":"wp","href":"https:\/\/api.w.org\/{rel}","templated":true}]}}