{"id":2381,"date":"2013-10-02T05:56:07","date_gmt":"2013-10-02T05:56:07","guid":{"rendered":"http:\/\/yachtcharter-connection.com.w01e47c6.kasserver.com\/marstrand-620\/"},"modified":"2016-10-29T17:56:34","modified_gmt":"2016-10-29T15:56:34","slug":"marstrand-620","status":"publish","type":"page","link":"https:\/\/yachtcharter-connection.com\/de\/regionen\/ostsee\/yachtcharter-west-schweden-bohusl%c3%a4n\/marstrand-620\/","title":{"rendered":"Marstrand"},"content":{"rendered":"<h3>Yachtcharter Marstrand<\/h3>\n<p>\nDie Stadt Marstrand ist zwar die kleinste Stadt Schwedens, verteilt sich aber gleich auf zwei Inseln: Marstrands\u00f6 und Ko\u00f6 im Skagerrak, rund 30 Kilometer von G\u00f6teborg entfernt. Ferieng\u00e4ste kamen schon im 19. Jahrhundert hierher. Ihre Villen und die Festung Carlsten pr\u00e4gen das Stadtbild. Marstrands\u00f6, der \u00e4ltere Stadtteil, ist autofrei. Ein bisschen mittelalterliches Flair mit vielen Holzh\u00e4usern lebt hier weiter.<br type=\"_moz\" \/><\/p>\n","protected":false},"excerpt":{"rendered":"<p>Yachtcharter Marstrand Die Stadt Marstrand ist zwar die kleinste Stadt Schwedens, verteilt sich aber gleich auf zwei Inseln: Marstrands\u00f6 und Ko\u00f6 im Skagerrak, rund 30 Kilometer von G\u00f6teborg entfernt. Ferieng\u00e4ste kamen schon im 19. Jahrhundert hierher. Ihre Villen und die Festung Carlsten pr\u00e4gen das Stadtbild. Marstrands\u00f6, der \u00e4ltere Stadtteil, ist<\/p>\n","protected":false},"author":11,"featured_media":0,"parent":756,"menu_order":0,"comment_status":"open","ping_status":"open","template":"","meta":[],"aioseo_notices":[],"_links":{"self":[{"href":"https:\/\/yachtcharter-connection.com\/de\/wp-json\/wp\/v2\/pages\/2381"}],"collection":[{"href":"https:\/\/yachtcharter-connection.com\/de\/wp-json\/wp\/v2\/pages"}],"about":[{"href":"https:\/\/yachtcharter-connection.com\/de\/wp-json\/wp\/v2\/types\/page"}],"author":[{"embeddable":true,"href":"https:\/\/yachtcharter-connection.com\/de\/wp-json\/wp\/v2\/users\/11"}],"replies":[{"embeddable":true,"href":"https:\/\/yachtcharter-connection.com\/de\/wp-json\/wp\/v2\/comments?post=2381"}],"version-history":[{"count":1,"href":"https:\/\/yachtcharter-connection.com\/de\/wp-json\/wp\/v2\/pages\/2381\/revisions"}],"predecessor-version":[{"id":12847,"href":"https:\/\/yachtcharter-connection.com\/de\/wp-json\/wp\/v2\/pages\/2381\/revisions\/12847"}],"up":[{"embeddable":true,"href":"https:\/\/yachtcharter-connection.com\/de\/wp-json\/wp\/v2\/pages\/756"}],"wp:attachment":[{"href":"https:\/\/yachtcharter-connection.com\/de\/wp-json\/wp\/v2\/media?parent=2381"}],"curies":[{"name":"wp","href":"https:\/\/api.w.org\/{rel}","templated":true}]}}