{"id":2382,"date":"2014-05-18T20:15:31","date_gmt":"2014-05-18T20:15:31","guid":{"rendered":"http:\/\/yachtcharter-connection.com.w01e47c6.kasserver.com\/mallorca-port-d-andratx-972\/"},"modified":"2016-10-29T18:14:54","modified_gmt":"2016-10-29T16:14:54","slug":"mallorca-port-d-andratx-972","status":"publish","type":"page","link":"https:\/\/yachtcharter-connection.com\/de\/regionen\/mittelmeer\/yachtcharter-balearen-mallorca-menorca-ibiza\/mallorca-port-d-andratx-972\/","title":{"rendered":"Mallorca \/ Port d&#39; Andratx"},"content":{"rendered":"<h3>Yachtcharter Port Andratx<\/h3>\n<p>\n<img loading=\"lazy\" class=\"content-image\"  width=\"300\" height=\"224\" alt=\"\" src=\"https:\/\/yachtcharter-connection.com\/wp-content\/uploads\/converted_files\/19876\/19876-5624e337afae7.jpg\" \/>Attraktive Hauptort der S\u00fcdwestk\u00fcste und Sitz kleinerer Yachtcharter-Anbieter ist Port Andratx in einer gro\u00dfen gesch\u00fctzten Bucht. Die gro\u00dfe Marina des Club de Vela, die alte Handelsmole oder der neue Schwimmsteg neben dem Fischerhafen bieten Platz f\u00fcr Gastlieger und Yachtcharter-Crews, im Vorhafen darf auch geankert werden. Port Andratx l\u00e4sst in Bezug auf Versorgung der Yachtcharter-Urlauber in Cafes, Bars, Restaurants, Diskotheken oder Boutiquen absolut nichts zu w\u00fcnschen \u00fcbrig.  <\/p>\n<p>F\u00fcr einen Zwischenstopp auf dem Yachtcharter-T\u00f6rn bieten sch\u00f6ne Ankerbuchten im S\u00fcdwesten an, dessen K\u00fcste von herrlichen, rot leuchtenden Felsformationen gepr\u00e4gt ist:  Cala Marmacen, Cala Llamp und Cala Fornells. Aber auch vor den Str\u00e4nden von Camp de Mar,  Paguera, Santa Ponsa und Port Adriano f\u00fchlen sich viele Yachtcharter-Crews vor Anker wohl. Sehr sicher liegt man im Hafen von Santa Ponsa, der verwinkelt ins Land ragt. <\/p>\n<p>Zum Yachtcharter-Angebot in Port Andratx geh\u00f6ren unter anderem gr\u00f6\u00dfere Motoryachten mit Crew, Segelyachten mit Crew sowie Motorboote f\u00fcr Yachtcharter-Skipper, die selbst fahren wollen.<\/p>\n<p><iframe loading=\"lazy\" width=\"560\" height=\"315\" src=\"https:\/\/www.youtube.com\/embed\/o1LQycU7NeA\" frameborder=\"0\" allowfullscreen><\/iframe><\/p>\n<p><\/p>\n","protected":false},"excerpt":{"rendered":"<p>Yachtcharter Port Andratx Attraktive Hauptort der S\u00fcdwestk\u00fcste und Sitz kleinerer Yachtcharter-Anbieter ist Port Andratx in einer gro\u00dfen gesch\u00fctzten Bucht. Die gro\u00dfe Marina des Club de Vela, die alte Handelsmole oder der neue Schwimmsteg neben dem Fischerhafen bieten Platz f\u00fcr Gastlieger und Yachtcharter-Crews, im Vorhafen darf auch geankert werden. Port Andratx<\/p>\n","protected":false},"author":11,"featured_media":0,"parent":762,"menu_order":0,"comment_status":"open","ping_status":"open","template":"","meta":[],"aioseo_notices":[],"_links":{"self":[{"href":"https:\/\/yachtcharter-connection.com\/de\/wp-json\/wp\/v2\/pages\/2382"}],"collection":[{"href":"https:\/\/yachtcharter-connection.com\/de\/wp-json\/wp\/v2\/pages"}],"about":[{"href":"https:\/\/yachtcharter-connection.com\/de\/wp-json\/wp\/v2\/types\/page"}],"author":[{"embeddable":true,"href":"https:\/\/yachtcharter-connection.com\/de\/wp-json\/wp\/v2\/users\/11"}],"replies":[{"embeddable":true,"href":"https:\/\/yachtcharter-connection.com\/de\/wp-json\/wp\/v2\/comments?post=2382"}],"version-history":[{"count":1,"href":"https:\/\/yachtcharter-connection.com\/de\/wp-json\/wp\/v2\/pages\/2382\/revisions"}],"predecessor-version":[{"id":13278,"href":"https:\/\/yachtcharter-connection.com\/de\/wp-json\/wp\/v2\/pages\/2382\/revisions\/13278"}],"up":[{"embeddable":true,"href":"https:\/\/yachtcharter-connection.com\/de\/wp-json\/wp\/v2\/pages\/762"}],"wp:attachment":[{"href":"https:\/\/yachtcharter-connection.com\/de\/wp-json\/wp\/v2\/media?parent=2382"}],"curies":[{"name":"wp","href":"https:\/\/api.w.org\/{rel}","templated":true}]}}