{"id":2399,"date":"2014-12-30T05:30:37","date_gmt":"2014-12-30T05:30:37","guid":{"rendered":"http:\/\/yachtcharter-connection.com.w01e47c6.kasserver.com\/venedig\/"},"modified":"2019-04-07T19:49:11","modified_gmt":"2019-04-07T17:49:11","slug":"venedig","status":"publish","type":"page","link":"https:\/\/yachtcharter-connection.com\/de\/regionen\/mittelmeer\/yachtcharter-adria-nord\/venedig\/","title":{"rendered":"Venedig"},"content":{"rendered":"<h1><strong>Yachtcharter Venedig &#8211; Segelyachten &amp; Luxusyachten<\/strong><\/h1>\n<p><a href=\"https:\/\/yachtcharter-connection.com\/wp-content\/uploads\/2019\/04\/Italy-Venice-Lagoon-island-600px.jpg\"><img loading=\"lazy\" class=\"alignleft size-full wp-image-27491\" src=\"https:\/\/yachtcharter-connection.com\/wp-content\/uploads\/2019\/04\/Italy-Venice-Lagoon-island-600px.jpg\" alt=\"\" width=\"600\" height=\"380\" srcset=\"https:\/\/yachtcharter-connection.com\/wp-content\/uploads\/2019\/04\/Italy-Venice-Lagoon-island-600px.jpg 600w, https:\/\/yachtcharter-connection.com\/wp-content\/uploads\/2019\/04\/Italy-Venice-Lagoon-island-600px-300x190.jpg 300w\" sizes=\"(max-width: 600px) 100vw, 600px\" \/><\/a><\/p>\n<p><a href=\"https:\/\/yachtcharter-connection.com\/wp-content\/uploads\/2019\/04\/Italy-Venice-Lagoon-600px.jpg\"><img loading=\"lazy\" class=\"alignleft size-full wp-image-27490\" src=\"https:\/\/yachtcharter-connection.com\/wp-content\/uploads\/2019\/04\/Italy-Venice-Lagoon-600px.jpg\" alt=\"Yacht charters Venice\" width=\"600\" height=\"352\" srcset=\"https:\/\/yachtcharter-connection.com\/wp-content\/uploads\/2019\/04\/Italy-Venice-Lagoon-600px.jpg 600w, https:\/\/yachtcharter-connection.com\/wp-content\/uploads\/2019\/04\/Italy-Venice-Lagoon-600px-300x176.jpg 300w\" sizes=\"(max-width: 600px) 100vw, 600px\" \/><\/a><\/p>\n<p>&nbsp;<\/p>\n<p>Yachtcharter Venedig: Chartern Sie Segelyachten, Katamarane, Motoryachten und Luxusyachten mit Crew und erkunden Sie die wundersch\u00f6ne Lagune von Venedig mit ihren malerischen Inseln.<\/p>\n<p>Murano ist ber\u00fchmt f\u00fcr das sch\u00f6ne Glas der lokalen Glasbl\u00e4ser, Burano f\u00fcr die gro\u00dfartige italienische K\u00fcche. Torcello und viele andere Inseln machen die Lagune von Venedig zu etwas ganz Besonderem.<\/p>\n<p>In Venedig und Caorle gibt es mehrere kleine Flotten von Charteryachten &#8211; fragen Sie einfach nach Angeboten. Nat\u00fcrlich bieten wir auch viele Yachten aus dem nahen Slowenien an.<\/p>\n","protected":false},"excerpt":{"rendered":"<p>Yachtcharter Venedig &#8211; Segelyachten &amp; Luxusyachten &nbsp; Yachtcharter Venedig: Chartern Sie Segelyachten, Katamarane, Motoryachten und Luxusyachten mit Crew und erkunden Sie die wundersch\u00f6ne Lagune von Venedig mit ihren malerischen Inseln. Murano ist ber\u00fchmt f\u00fcr das sch\u00f6ne Glas der lokalen Glasbl\u00e4ser, Burano f\u00fcr die gro\u00dfartige italienische K\u00fcche. Torcello und viele andere<\/p>\n","protected":false},"author":11,"featured_media":0,"parent":757,"menu_order":0,"comment_status":"open","ping_status":"open","template":"","meta":[],"aioseo_notices":[],"_links":{"self":[{"href":"https:\/\/yachtcharter-connection.com\/de\/wp-json\/wp\/v2\/pages\/2399"}],"collection":[{"href":"https:\/\/yachtcharter-connection.com\/de\/wp-json\/wp\/v2\/pages"}],"about":[{"href":"https:\/\/yachtcharter-connection.com\/de\/wp-json\/wp\/v2\/types\/page"}],"author":[{"embeddable":true,"href":"https:\/\/yachtcharter-connection.com\/de\/wp-json\/wp\/v2\/users\/11"}],"replies":[{"embeddable":true,"href":"https:\/\/yachtcharter-connection.com\/de\/wp-json\/wp\/v2\/comments?post=2399"}],"version-history":[{"count":4,"href":"https:\/\/yachtcharter-connection.com\/de\/wp-json\/wp\/v2\/pages\/2399\/revisions"}],"predecessor-version":[{"id":27498,"href":"https:\/\/yachtcharter-connection.com\/de\/wp-json\/wp\/v2\/pages\/2399\/revisions\/27498"}],"up":[{"embeddable":true,"href":"https:\/\/yachtcharter-connection.com\/de\/wp-json\/wp\/v2\/pages\/757"}],"wp:attachment":[{"href":"https:\/\/yachtcharter-connection.com\/de\/wp-json\/wp\/v2\/media?parent=2399"}],"curies":[{"name":"wp","href":"https:\/\/api.w.org\/{rel}","templated":true}]}}