{"id":2402,"date":"2011-03-14T05:09:55","date_gmt":"2011-03-14T05:09:55","guid":{"rendered":"http:\/\/yachtcharter-connection.com.w01e47c6.kasserver.com\/lysekil-434\/"},"modified":"2016-10-29T17:56:33","modified_gmt":"2016-10-29T15:56:33","slug":"lysekil-434","status":"publish","type":"page","link":"https:\/\/yachtcharter-connection.com\/de\/regionen\/ostsee\/yachtcharter-west-schweden-bohusl%c3%a4n\/lysekil-434\/","title":{"rendered":"Lysekil"},"content":{"rendered":"<h3>{#keyword\u00e4} Lysekil<\/h3>\n<p>\nLysekil am Gullmarsfjord, an der Westk\u00fcste in der N\u00e4he G\u00f6teborgs gelegen, ist Zentrum der schwedischen Meeresforschung. Hier gibt es nicht nur Nord- und S\u00fcdhafen, sondern auch ein Meeresaquarium, ein Haus des Meeres und ein Bootsmuseum. Vom Fischerdorf hat sich Lysekil im Lauf der Zeit zum beliebten Touristenort entwickelt<\/p>\n<p><br type=\"_moz\" \/><\/p>\n","protected":false},"excerpt":{"rendered":"<p>{#keyword\u00e4} Lysekil Lysekil am Gullmarsfjord, an der Westk\u00fcste in der N\u00e4he G\u00f6teborgs gelegen, ist Zentrum der schwedischen Meeresforschung. Hier gibt es nicht nur Nord- und S\u00fcdhafen, sondern auch ein Meeresaquarium, ein Haus des Meeres und ein Bootsmuseum. Vom Fischerdorf hat sich Lysekil im Lauf der Zeit zum beliebten Touristenort entwickelt<\/p>\n","protected":false},"author":11,"featured_media":0,"parent":756,"menu_order":0,"comment_status":"open","ping_status":"open","template":"","meta":[],"aioseo_notices":[],"_links":{"self":[{"href":"https:\/\/yachtcharter-connection.com\/de\/wp-json\/wp\/v2\/pages\/2402"}],"collection":[{"href":"https:\/\/yachtcharter-connection.com\/de\/wp-json\/wp\/v2\/pages"}],"about":[{"href":"https:\/\/yachtcharter-connection.com\/de\/wp-json\/wp\/v2\/types\/page"}],"author":[{"embeddable":true,"href":"https:\/\/yachtcharter-connection.com\/de\/wp-json\/wp\/v2\/users\/11"}],"replies":[{"embeddable":true,"href":"https:\/\/yachtcharter-connection.com\/de\/wp-json\/wp\/v2\/comments?post=2402"}],"version-history":[{"count":1,"href":"https:\/\/yachtcharter-connection.com\/de\/wp-json\/wp\/v2\/pages\/2402\/revisions"}],"predecessor-version":[{"id":12845,"href":"https:\/\/yachtcharter-connection.com\/de\/wp-json\/wp\/v2\/pages\/2402\/revisions\/12845"}],"up":[{"embeddable":true,"href":"https:\/\/yachtcharter-connection.com\/de\/wp-json\/wp\/v2\/pages\/756"}],"wp:attachment":[{"href":"https:\/\/yachtcharter-connection.com\/de\/wp-json\/wp\/v2\/media?parent=2402"}],"curies":[{"name":"wp","href":"https:\/\/api.w.org\/{rel}","templated":true}]}}