{"id":2407,"date":"2011-03-14T05:09:59","date_gmt":"2011-03-14T05:09:59","guid":{"rendered":"http:\/\/yachtcharter-connection.com.w01e47c6.kasserver.com\/ko-chang-ao-salak-phed-918\/"},"modified":"2016-10-29T18:13:32","modified_gmt":"2016-10-29T16:13:32","slug":"ko-chang-ao-salak-phed-918","status":"publish","type":"page","link":"https:\/\/yachtcharter-connection.com\/de\/regionen\/indischer-ozean\/yachtcharter-thailand-burma\/ko-chang-ao-salak-phed-918\/","title":{"rendered":"Ko Chang \/ Ao Salak Phed"},"content":{"rendered":"<h3>Yachtcharter Ko Chang \/ Ao Salak Phet<\/h3>\n<p><img loading=\"lazy\" class=\"content-image\"  width=\"300\" height=\"364\" src=\"https:\/\/yachtcharter-connection.com\/wp-content\/uploads\/converted_files\/19901\/19901-5624e3419c18e.jpg\" alt=\"\" \/>Die Grenze von Kambodscha liegt ganz in der N\u00e4he der Yachtcharter-Basis auf der Insel Ko Chang, Ao Salak Phet ist die gr\u00f6\u00dfte Bucht der Insel. Vor allem bei Einheimischen ist Ko Chang als Urlaubsort beliebt. Der riesige Meeresnationalpark Mu Ko Chang gilt als Paradies mit gro\u00dfen Fl\u00e4chen urspr\u00fcnglichen Regenwaldes. Ko Chang bietet noch viel unverbaute Natur mit sch\u00f6nen Str\u00e4nden, malerischen Wasserf\u00e4llen, Mangrovenw\u00e4lder und vielen Korallenriffs. Ausfl\u00fcge lohnen sich zu Kl\u00f6stern, Fischerd\u00f6rfern &ndash; oder auf dem R\u00fccken eines Elephanten. <\/p>\n<p>Die Ko Chang Marina an der Salakpet Beach im S\u00fcden der Insel ist der einzige Yachthafen im Ko Chang Nationalpark. Dazu geh\u00f6rt ein Resorthotel mit allen Service-Einrichtungen. Ein sch\u00f6ner Ankerplatz in der N\u00e4he bietet das Inselchen Koh Wai.<\/p>\n","protected":false},"excerpt":{"rendered":"<p>Yachtcharter Ko Chang \/ Ao Salak Phet Die Grenze von Kambodscha liegt ganz in der N\u00e4he der Yachtcharter-Basis auf der Insel Ko Chang, Ao Salak Phet ist die gr\u00f6\u00dfte Bucht der Insel. Vor allem bei Einheimischen ist Ko Chang als Urlaubsort beliebt. Der riesige Meeresnationalpark Mu Ko Chang gilt als<\/p>\n","protected":false},"author":11,"featured_media":0,"parent":752,"menu_order":0,"comment_status":"open","ping_status":"open","template":"","meta":[],"aioseo_notices":[],"_links":{"self":[{"href":"https:\/\/yachtcharter-connection.com\/de\/wp-json\/wp\/v2\/pages\/2407"}],"collection":[{"href":"https:\/\/yachtcharter-connection.com\/de\/wp-json\/wp\/v2\/pages"}],"about":[{"href":"https:\/\/yachtcharter-connection.com\/de\/wp-json\/wp\/v2\/types\/page"}],"author":[{"embeddable":true,"href":"https:\/\/yachtcharter-connection.com\/de\/wp-json\/wp\/v2\/users\/11"}],"replies":[{"embeddable":true,"href":"https:\/\/yachtcharter-connection.com\/de\/wp-json\/wp\/v2\/comments?post=2407"}],"version-history":[{"count":1,"href":"https:\/\/yachtcharter-connection.com\/de\/wp-json\/wp\/v2\/pages\/2407\/revisions"}],"predecessor-version":[{"id":13131,"href":"https:\/\/yachtcharter-connection.com\/de\/wp-json\/wp\/v2\/pages\/2407\/revisions\/13131"}],"up":[{"embeddable":true,"href":"https:\/\/yachtcharter-connection.com\/de\/wp-json\/wp\/v2\/pages\/752"}],"wp:attachment":[{"href":"https:\/\/yachtcharter-connection.com\/de\/wp-json\/wp\/v2\/media?parent=2407"}],"curies":[{"name":"wp","href":"https:\/\/api.w.org\/{rel}","templated":true}]}}