{"id":2408,"date":"2014-05-06T23:55:06","date_gmt":"2014-05-06T23:55:06","guid":{"rendered":"http:\/\/yachtcharter-connection.com.w01e47c6.kasserver.com\/seychellen-praslin\/"},"modified":"2016-10-29T18:13:31","modified_gmt":"2016-10-29T16:13:31","slug":"seychellen-praslin","status":"publish","type":"page","link":"https:\/\/yachtcharter-connection.com\/de\/regionen\/indischer-ozean\/yachtcharter-seychellen-archipel\/seychellen-praslin\/","title":{"rendered":"Seychellen \/ Praslin"},"content":{"rendered":"<h3>Yachtcharter Seychellen \/ Praslin<\/h3>\n<p>\n<img loading=\"lazy\" class=\"content-image\"  height=\"197\" width=\"300\" src=\"https:\/\/yachtcharter-connection.com\/wp-content\/uploads\/converted_files\/19902\/19902-5624e3430cd73.jpg\" alt=\"\" \/>Auf Praslin, nur 20 Seemeilen von Mahe entfernt, wachsen die ber\u00fchmten Riesenkokosn\u00fcsse &bdquo;Cocos de Mer&ldquo;. Auch der Seychellen-Papagei ist hier zuhause. &ndash; im Vall\u00e9es de Mai, Weltnaturerbe der Unesco. Drei verschiedene Arten von Riesenschildkr\u00f6ten leben auf den Inseln, auf Mahe und Silhouette quaken die Seychellenfr\u00f6sche. Die Seychellen-Grasm\u00fccke singt auf Aride und Cousin, rosafarbene Seeschwalben fliegen \u00fcber Aride. <\/p>\n<p><\/p>\n","protected":false},"excerpt":{"rendered":"<p>Yachtcharter Seychellen \/ Praslin Auf Praslin, nur 20 Seemeilen von Mahe entfernt, wachsen die ber\u00fchmten Riesenkokosn\u00fcsse &bdquo;Cocos de Mer&ldquo;. Auch der Seychellen-Papagei ist hier zuhause. &ndash; im Vall\u00e9es de Mai, Weltnaturerbe der Unesco. Drei verschiedene Arten von Riesenschildkr\u00f6ten leben auf den Inseln, auf Mahe und Silhouette quaken die Seychellenfr\u00f6sche. Die<\/p>\n","protected":false},"author":11,"featured_media":0,"parent":750,"menu_order":0,"comment_status":"open","ping_status":"open","template":"","meta":[],"aioseo_notices":[],"_links":{"self":[{"href":"https:\/\/yachtcharter-connection.com\/de\/wp-json\/wp\/v2\/pages\/2408"}],"collection":[{"href":"https:\/\/yachtcharter-connection.com\/de\/wp-json\/wp\/v2\/pages"}],"about":[{"href":"https:\/\/yachtcharter-connection.com\/de\/wp-json\/wp\/v2\/types\/page"}],"author":[{"embeddable":true,"href":"https:\/\/yachtcharter-connection.com\/de\/wp-json\/wp\/v2\/users\/11"}],"replies":[{"embeddable":true,"href":"https:\/\/yachtcharter-connection.com\/de\/wp-json\/wp\/v2\/comments?post=2408"}],"version-history":[{"count":1,"href":"https:\/\/yachtcharter-connection.com\/de\/wp-json\/wp\/v2\/pages\/2408\/revisions"}],"predecessor-version":[{"id":13128,"href":"https:\/\/yachtcharter-connection.com\/de\/wp-json\/wp\/v2\/pages\/2408\/revisions\/13128"}],"up":[{"embeddable":true,"href":"https:\/\/yachtcharter-connection.com\/de\/wp-json\/wp\/v2\/pages\/750"}],"wp:attachment":[{"href":"https:\/\/yachtcharter-connection.com\/de\/wp-json\/wp\/v2\/media?parent=2408"}],"curies":[{"name":"wp","href":"https:\/\/api.w.org\/{rel}","templated":true}]}}