{"id":2416,"date":"2011-03-14T05:09:37","date_gmt":"2011-03-14T05:09:37","guid":{"rendered":"http:\/\/yachtcharter-connection.com.w01e47c6.kasserver.com\/sardinien-carloforte\/"},"modified":"2018-03-06T21:36:57","modified_gmt":"2018-03-06T19:36:57","slug":"sardinien-carloforte","status":"publish","type":"page","link":"https:\/\/yachtcharter-connection.com\/de\/regionen\/mittelmeer\/yachtcharter-sardinien\/sardinien-carloforte\/","title":{"rendered":"Sardinien \/ Carloforte"},"content":{"rendered":"<h1><strong>Yachtcharter Sardinien &#8211; Carloforte<\/strong><\/h1>\n<p><img loading=\"lazy\" class=\"alignleft size-full wp-image-26137\" src=\"https:\/\/yachtcharter-connection.com\/wp-content\/uploads\/2014\/05\/Carloforte.jpg\" alt=\"Yachtcharter Carloforte\" width=\"420\" height=\"279\" srcset=\"https:\/\/yachtcharter-connection.com\/wp-content\/uploads\/2014\/05\/Carloforte.jpg 420w, https:\/\/yachtcharter-connection.com\/wp-content\/uploads\/2014\/05\/Carloforte-300x199.jpg 300w\" sizes=\"(max-width: 420px) 100vw, 420px\" \/>Die Yachtcharter-Destination Carloforte ist eine kleine Stadt auf der Insel San Pietro im S\u00fcdwesten Sardiniens. Das malerische Fischerst\u00e4dtchen, das heute auch beliebter F\u00e4hrhafen ist, geh\u00f6rt zur Vereinigung der sch\u00f6nsten Orte Italiens (I borghi pi\u00f9 belli d\u2019Italia). Schmale Gassen und belebte Piazzas laden zum Bummeln ebenso ein wie die Promenade am Meer, vom alten Castello-Viertel bzw. der Festung Forte Carlo Emanuele III aus hat man einen sch\u00f6nen Blick \u00fcber die Stadt. Die Bewohner Carlofortes kamen urspr\u00fcnglich aus Ligurien und sprechen unter sich heute noch einen alten ligurischen Dialekt. Fr\u00fcher lebten sie \u00fcberwiegend vom Thunfischfang.<\/p>\n<p>Die Isola San Pietro selbst ist \u00fcberwiegend gr\u00fcn, mit Olivenhainen und Weinreben. An der Steilk\u00fcste warten kleine Badebuchten wie die Cala Fico auf Schwimmer, Schnorchler und Taucher. Yachtcharter-Crews, die ab Carloforte segeln, werden auch die Nachbarinsel Sant&#8217; Antioco besuchen, die viertgr\u00f6sste Insel Italiens mit Ruinen, Findlingen und Bauwerken aus\u00fcber 7000 j\u00e4hriger Geschichte. Weitere Stationen eines Chartert\u00f6rns an der sardischen S\u00fcdk\u00fcste k\u00f6nnten bespielsweise Porto Pino, das Capo Spartivento und nat\u00fcrlich der Golf von Cagliari sein.<\/p>\n<h2>\n<strong>Charteryachten Carloforte<\/strong><\/h2>\n<p>In Carloforte gibt es eine Flotte von Segelyachten f\u00fcr Ihren Chartert\u00f6rn im S\u00fcden Sardiniens. Chartern Sie die beste Yacht f\u00fcr Ihren T\u00f6rn ab Carloforte online oder fragen Sie und nach Angeboten &#8211; auch f\u00fcr Luxusyachten und Katamarane mit Crew.<\/p>\n","protected":false},"excerpt":{"rendered":"<p>Yachtcharter Sardinien &#8211; Carloforte Die Yachtcharter-Destination Carloforte ist eine kleine Stadt auf der Insel San Pietro im S\u00fcdwesten Sardiniens. Das malerische Fischerst\u00e4dtchen, das heute auch beliebter F\u00e4hrhafen ist, geh\u00f6rt zur Vereinigung der sch\u00f6nsten Orte Italiens (I borghi pi\u00f9 belli d\u2019Italia). Schmale Gassen und belebte Piazzas laden zum Bummeln ebenso ein<\/p>\n","protected":false},"author":11,"featured_media":0,"parent":760,"menu_order":0,"comment_status":"open","ping_status":"open","template":"","meta":[],"aioseo_notices":[],"_links":{"self":[{"href":"https:\/\/yachtcharter-connection.com\/de\/wp-json\/wp\/v2\/pages\/2416"}],"collection":[{"href":"https:\/\/yachtcharter-connection.com\/de\/wp-json\/wp\/v2\/pages"}],"about":[{"href":"https:\/\/yachtcharter-connection.com\/de\/wp-json\/wp\/v2\/types\/page"}],"author":[{"embeddable":true,"href":"https:\/\/yachtcharter-connection.com\/de\/wp-json\/wp\/v2\/users\/11"}],"replies":[{"embeddable":true,"href":"https:\/\/yachtcharter-connection.com\/de\/wp-json\/wp\/v2\/comments?post=2416"}],"version-history":[{"count":3,"href":"https:\/\/yachtcharter-connection.com\/de\/wp-json\/wp\/v2\/pages\/2416\/revisions"}],"predecessor-version":[{"id":26141,"href":"https:\/\/yachtcharter-connection.com\/de\/wp-json\/wp\/v2\/pages\/2416\/revisions\/26141"}],"up":[{"embeddable":true,"href":"https:\/\/yachtcharter-connection.com\/de\/wp-json\/wp\/v2\/pages\/760"}],"wp:attachment":[{"href":"https:\/\/yachtcharter-connection.com\/de\/wp-json\/wp\/v2\/media?parent=2416"}],"curies":[{"name":"wp","href":"https:\/\/api.w.org\/{rel}","templated":true}]}}