{"id":2419,"date":"2015-08-10T05:53:47","date_gmt":"2015-08-10T05:53:47","guid":{"rendered":"http:\/\/yachtcharter-connection.com.w01e47c6.kasserver.com\/cienfuegos-951\/"},"modified":"2016-10-29T18:13:37","modified_gmt":"2016-10-29T16:13:37","slug":"cienfuegos-951","status":"publish","type":"page","link":"https:\/\/yachtcharter-connection.com\/de\/regionen\/karibik\/yachtcharter-kuba-cayo-largo\/cienfuegos-951\/","title":{"rendered":"Cienfuegos"},"content":{"rendered":"<h3>Yachtcharter Cienfuegos<\/h3>\n<p>\n<img loading=\"lazy\" class=\"content-image\"  width=\"297\" height=\"397\" alt=\"Kuba_Marinero_im_Dinghy\" src=\"https:\/\/yachtcharter-connection.com\/wp-content\/uploads\/converted_files\/19913\/19913-5624e349b2787.jpg\" \/>Cienfuegos, Sitz mehrerer Yachtcharter-St\u00fctzpunkte und das Yachtcharter-Zentrum Kubas \u00fcberhaupt, lohnt auch einen ausf\u00fchrlichen Besuch. Die Stadt hat sich viel von ihrem kolonialen Charme bewahrt und geh\u00f6rt zum Weltkulturerbe der Unesco. Christoph Kolumbus war schon 1494 hier &#8211; 1745 wurde zur Verteidigung gegen Piraten eine Festung gebaut. Aber erst Franzosen gr\u00fcndeten sp\u00e4ter die Stadt, ihren Einfluss sp\u00fcrt man noch an der Architekur der Stadt: auch hier gibt es einen Triumphbogen.<\/p>\n<p>Die Einwohner von Cienfuegos leben \u00fcberwiegend vom Handel in ihrem Hafen, vom Krabbenfang und Zuckerexport, und mittlerweile auch von petrochemischer Industrie.<\/p>\n<p>Inzwischen gibt es zahlreiche Yachtcharter-Angebote f\u00fcr Yachtcharter ab Cienfuego: gleich mehrere Yachtcharter-Unternehmer haben neue Yachtcharter-St\u00fctzpunkte gegr\u00fcndet &#8211; und die Marina in Cienfuegos ist perfekt f\u00fcr Yachtcharter ausger\u00fcstet.<\/p>\n","protected":false},"excerpt":{"rendered":"<p>Yachtcharter Cienfuegos Cienfuegos, Sitz mehrerer Yachtcharter-St\u00fctzpunkte und das Yachtcharter-Zentrum Kubas \u00fcberhaupt, lohnt auch einen ausf\u00fchrlichen Besuch. Die Stadt hat sich viel von ihrem kolonialen Charme bewahrt und geh\u00f6rt zum Weltkulturerbe der Unesco. Christoph Kolumbus war schon 1494 hier &#8211; 1745 wurde zur Verteidigung gegen Piraten eine Festung gebaut. Aber erst<\/p>\n","protected":false},"author":11,"featured_media":0,"parent":771,"menu_order":0,"comment_status":"open","ping_status":"open","template":"","meta":[],"aioseo_notices":[],"_links":{"self":[{"href":"https:\/\/yachtcharter-connection.com\/de\/wp-json\/wp\/v2\/pages\/2419"}],"collection":[{"href":"https:\/\/yachtcharter-connection.com\/de\/wp-json\/wp\/v2\/pages"}],"about":[{"href":"https:\/\/yachtcharter-connection.com\/de\/wp-json\/wp\/v2\/types\/page"}],"author":[{"embeddable":true,"href":"https:\/\/yachtcharter-connection.com\/de\/wp-json\/wp\/v2\/users\/11"}],"replies":[{"embeddable":true,"href":"https:\/\/yachtcharter-connection.com\/de\/wp-json\/wp\/v2\/comments?post=2419"}],"version-history":[{"count":1,"href":"https:\/\/yachtcharter-connection.com\/de\/wp-json\/wp\/v2\/pages\/2419\/revisions"}],"predecessor-version":[{"id":13139,"href":"https:\/\/yachtcharter-connection.com\/de\/wp-json\/wp\/v2\/pages\/2419\/revisions\/13139"}],"up":[{"embeddable":true,"href":"https:\/\/yachtcharter-connection.com\/de\/wp-json\/wp\/v2\/pages\/771"}],"wp:attachment":[{"href":"https:\/\/yachtcharter-connection.com\/de\/wp-json\/wp\/v2\/media?parent=2419"}],"curies":[{"name":"wp","href":"https:\/\/api.w.org\/{rel}","templated":true}]}}