{"id":2423,"date":"2015-08-10T05:53:47","date_gmt":"2015-08-10T05:53:47","guid":{"rendered":"http:\/\/yachtcharter-connection.com.w01e47c6.kasserver.com\/teneriffa-puerto-deportivo-radazul\/"},"modified":"2017-07-13T01:09:02","modified_gmt":"2017-07-12T23:09:02","slug":"teneriffa-puerto-deportivo-radazul","status":"publish","type":"page","link":"https:\/\/yachtcharter-connection.com\/de\/regionen\/atlantik-westafrika\/yachtcharter-kanarische-inseln\/teneriffa-puerto-deportivo-radazul\/","title":{"rendered":"Teneriffa \/ Puerto Deportivo Radazul"},"content":{"rendered":"<h3>Yachtcharter Teneriffa \/ Puerto Deportivo Radazul<\/h3>\n<p><img loading=\"lazy\" class=\"content-image\"  width=\"300\" height=\"200\" src=\"https:\/\/yachtcharter-connection.com\/wp-content\/uploads\/converted_files\/19917\/19917-5624e34e021f9.jpg\" alt=\"\" \/>Die moderne Yachtcharter Marina Puerto Radazul liegt nur wenige Meilen von der Inselhauptstadt Santa Cruz de Tenerife entfernt. Die Yachtcharter-Crews, die ihre Segelyachten hier \u00fcbernehmen, reisen am besten \u00fcber den Flughafen Teneriffa Nord an. Die Marina Puerto Deportivo Radazul bietet Yachtcharter-Crews die komplette Infrastruktur f\u00fcr Yachtcharter-Tourismus. Einen Ausflug nach Santa Cruz sollten Yachtcharter-Crews in jedem Fall machen &#8211; und wer zur Karnevalszeit dort ist, kann den typisch-kanarischen Karneval dort am besten genie\u00dfen.<\/p>\n<p>Yachtcharter-Segler in Teneriffa k\u00f6nnen von Puerto Deportive Radazul gen S\u00fcden starten und die Ost- und S\u00fcdk\u00fcste der Insel erkunden. Vor allem im S\u00fcden locken lange Str\u00e4nde. <\/p>\n<p>Das Hafenst\u00e4dtchen Puerto de la Cruz im Nordwesten bietet Yachtcharter-Crews zwar nur wenig Anlegem\u00f6glichkeiten, ein Besuch lohnt der Stadt mit altspanischem Flair lohnt sich aber trotzdem. Empfehlenswert f\u00fcr einen &quot;Layday&quot; beim Yachtcharter-T\u00f6rn: ein Ausflug auf den Teide.<\/p>\n","protected":false},"excerpt":{"rendered":"<p>Yachtcharter Teneriffa \/ Puerto Deportivo Radazul Die moderne Yachtcharter Marina Puerto Radazul liegt nur wenige Meilen von der Inselhauptstadt Santa Cruz de Tenerife entfernt. Die Yachtcharter-Crews, die ihre Segelyachten hier \u00fcbernehmen, reisen am besten \u00fcber den Flughafen Teneriffa Nord an. Die Marina Puerto Deportivo Radazul bietet Yachtcharter-Crews die komplette Infrastruktur<\/p>\n","protected":false},"author":11,"featured_media":0,"parent":746,"menu_order":0,"comment_status":"open","ping_status":"open","template":"","meta":[],"aioseo_notices":[],"_links":{"self":[{"href":"https:\/\/yachtcharter-connection.com\/de\/wp-json\/wp\/v2\/pages\/2423"}],"collection":[{"href":"https:\/\/yachtcharter-connection.com\/de\/wp-json\/wp\/v2\/pages"}],"about":[{"href":"https:\/\/yachtcharter-connection.com\/de\/wp-json\/wp\/v2\/types\/page"}],"author":[{"embeddable":true,"href":"https:\/\/yachtcharter-connection.com\/de\/wp-json\/wp\/v2\/users\/11"}],"replies":[{"embeddable":true,"href":"https:\/\/yachtcharter-connection.com\/de\/wp-json\/wp\/v2\/comments?post=2423"}],"version-history":[{"count":1,"href":"https:\/\/yachtcharter-connection.com\/de\/wp-json\/wp\/v2\/pages\/2423\/revisions"}],"predecessor-version":[{"id":13553,"href":"https:\/\/yachtcharter-connection.com\/de\/wp-json\/wp\/v2\/pages\/2423\/revisions\/13553"}],"up":[{"embeddable":true,"href":"https:\/\/yachtcharter-connection.com\/de\/wp-json\/wp\/v2\/pages\/746"}],"wp:attachment":[{"href":"https:\/\/yachtcharter-connection.com\/de\/wp-json\/wp\/v2\/media?parent=2423"}],"curies":[{"name":"wp","href":"https:\/\/api.w.org\/{rel}","templated":true}]}}