{"id":2428,"date":"2015-08-10T05:53:47","date_gmt":"2015-08-10T05:53:47","guid":{"rendered":"http:\/\/yachtcharter-connection.com.w01e47c6.kasserver.com\/flensburg-320\/"},"modified":"2017-07-14T01:44:06","modified_gmt":"2017-07-13T23:44:06","slug":"flensburg-320","status":"publish","type":"page","link":"https:\/\/yachtcharter-connection.com\/de\/regionen\/ostsee\/yachtcharter-deutsche-ostsee\/flensburg-320\/","title":{"rendered":"Flensburg"},"content":{"rendered":"<h3>Yachtcharter Flensburg<\/h3>\n<p><img loading=\"lazy\" class=\"content-image\"  width=\"300\" height=\"225\" src=\"https:\/\/yachtcharter-connection.com\/wp-content\/uploads\/converted_files\/19922\/19922-5624e351105d4.jpg\" alt=\"Yachtcharter Flensburg Yachthafen\" \/>Das Yachtcharter-Revier an der Flensburger F\u00f6rde, auch Flensburg Fjord genannt, ist per se schon einen Urlaub wert &ndash; mit vielen Sportbooth\u00e4fen in kurzer Entfernung. Von hier aus, dem westlichsten Punkt des Yachtcharter-Revieres Ostsee und dem n\u00f6rdlichsten Hafen Deutschlands, segeln die meisten Yachtcharter-Crews aus aber auch weiter: in die d\u00e4nische S\u00fcdsee, den Kleinen Belt, Richtung Sams\u00f6, oder den klassischen Yachtcharter-T\u00f6rn &bdquo;rund F\u00fcnen.&ldquo;  In Flensburg gibt es mehrere Yachtcharter-Marinas &ndash; wie Gallwik im Bereich des Handelshafens und die Marina Flensburg Sonwik &ndash; die alle gut ausgestattet sind.<\/p>\n<p>\nDie Stadt Flensburg selbst l\u00e4dt Yachtcharter-Crews mit historische Altstadt, alten Kapit\u00e4nshofen, bunten Fischerh\u00e4uschen und skandinavischem Flair zum Bummeln und mit vielen Kneipen und Restaurants zum Verweilen ein.<\/p>\n<p><\/p>\n","protected":false},"excerpt":{"rendered":"<p>Yachtcharter Flensburg Das Yachtcharter-Revier an der Flensburger F\u00f6rde, auch Flensburg Fjord genannt, ist per se schon einen Urlaub wert &ndash; mit vielen Sportbooth\u00e4fen in kurzer Entfernung. Von hier aus, dem westlichsten Punkt des Yachtcharter-Revieres Ostsee und dem n\u00f6rdlichsten Hafen Deutschlands, segeln die meisten Yachtcharter-Crews aus aber auch weiter: in die<\/p>\n","protected":false},"author":11,"featured_media":0,"parent":747,"menu_order":0,"comment_status":"open","ping_status":"open","template":"","meta":[],"aioseo_notices":[],"_links":{"self":[{"href":"https:\/\/yachtcharter-connection.com\/de\/wp-json\/wp\/v2\/pages\/2428"}],"collection":[{"href":"https:\/\/yachtcharter-connection.com\/de\/wp-json\/wp\/v2\/pages"}],"about":[{"href":"https:\/\/yachtcharter-connection.com\/de\/wp-json\/wp\/v2\/types\/page"}],"author":[{"embeddable":true,"href":"https:\/\/yachtcharter-connection.com\/de\/wp-json\/wp\/v2\/users\/11"}],"replies":[{"embeddable":true,"href":"https:\/\/yachtcharter-connection.com\/de\/wp-json\/wp\/v2\/comments?post=2428"}],"version-history":[{"count":1,"href":"https:\/\/yachtcharter-connection.com\/de\/wp-json\/wp\/v2\/pages\/2428\/revisions"}],"predecessor-version":[{"id":13100,"href":"https:\/\/yachtcharter-connection.com\/de\/wp-json\/wp\/v2\/pages\/2428\/revisions\/13100"}],"up":[{"embeddable":true,"href":"https:\/\/yachtcharter-connection.com\/de\/wp-json\/wp\/v2\/pages\/747"}],"wp:attachment":[{"href":"https:\/\/yachtcharter-connection.com\/de\/wp-json\/wp\/v2\/media?parent=2428"}],"curies":[{"name":"wp","href":"https:\/\/api.w.org\/{rel}","templated":true}]}}