{"id":2433,"date":"2011-03-14T05:09:55","date_gmt":"2011-03-14T05:09:55","guid":{"rendered":"http:\/\/yachtcharter-connection.com.w01e47c6.kasserver.com\/stockholm-saltsj%c3%b6baden-309\/"},"modified":"2016-10-29T17:56:10","modified_gmt":"2016-10-29T15:56:10","slug":"stockholm-saltsj%c3%b6baden-309","status":"publish","type":"page","link":"https:\/\/yachtcharter-connection.com\/de\/regionen\/ostsee\/yachtcharter-ost-schweden-finnland\/stockholm-saltsj%c3%b6baden-309\/","title":{"rendered":"Stockholm \/ Saltsj\u00f6baden"},"content":{"rendered":"<h3>Yachtcharter Stockholm \/ Saltsj\u00f6baden<\/h3>\n<p>\nSaltsj\u00f6baden, s\u00fcdlicher Vorort von Stockholm, hei\u00dft Salzmeerbad und wurde gezielt als Erholungsort angelegt.<br type=\"_moz\" \/><\/p>\n","protected":false},"excerpt":{"rendered":"<p>Yachtcharter Stockholm \/ Saltsj\u00f6baden Saltsj\u00f6baden, s\u00fcdlicher Vorort von Stockholm, hei\u00dft Salzmeerbad und wurde gezielt als Erholungsort angelegt.<\/p>\n","protected":false},"author":11,"featured_media":0,"parent":748,"menu_order":0,"comment_status":"open","ping_status":"open","template":"","meta":[],"aioseo_notices":[],"_links":{"self":[{"href":"https:\/\/yachtcharter-connection.com\/de\/wp-json\/wp\/v2\/pages\/2433"}],"collection":[{"href":"https:\/\/yachtcharter-connection.com\/de\/wp-json\/wp\/v2\/pages"}],"about":[{"href":"https:\/\/yachtcharter-connection.com\/de\/wp-json\/wp\/v2\/types\/page"}],"author":[{"embeddable":true,"href":"https:\/\/yachtcharter-connection.com\/de\/wp-json\/wp\/v2\/users\/11"}],"replies":[{"embeddable":true,"href":"https:\/\/yachtcharter-connection.com\/de\/wp-json\/wp\/v2\/comments?post=2433"}],"version-history":[{"count":1,"href":"https:\/\/yachtcharter-connection.com\/de\/wp-json\/wp\/v2\/pages\/2433\/revisions"}],"predecessor-version":[{"id":12805,"href":"https:\/\/yachtcharter-connection.com\/de\/wp-json\/wp\/v2\/pages\/2433\/revisions\/12805"}],"up":[{"embeddable":true,"href":"https:\/\/yachtcharter-connection.com\/de\/wp-json\/wp\/v2\/pages\/748"}],"wp:attachment":[{"href":"https:\/\/yachtcharter-connection.com\/de\/wp-json\/wp\/v2\/media?parent=2433"}],"curies":[{"name":"wp","href":"https:\/\/api.w.org\/{rel}","templated":true}]}}