{"id":2435,"date":"2015-08-10T05:53:47","date_gmt":"2015-08-10T05:53:47","guid":{"rendered":"http:\/\/yachtcharter-connection.com.w01e47c6.kasserver.com\/stenungssund-320\/"},"modified":"2016-10-29T17:56:37","modified_gmt":"2016-10-29T15:56:37","slug":"stenungssund-320","status":"publish","type":"page","link":"https:\/\/yachtcharter-connection.com\/de\/regionen\/ostsee\/yachtcharter-west-schweden-bohusl%c3%a4n\/stenungssund-320\/","title":{"rendered":"Stenungssund"},"content":{"rendered":"<h3>Yachtcharter Stenungssund<\/h3>\n<p>\nStenungsund liegt knapp 50 Kilometer n\u00f6rdlich von G\u00f6teborg &ndash; der Ort am Festland ist mit den Inseln Tj\u00f6rn und Orust verbunden. Hier gab es zuerst den Anlegeplatz f\u00fcr Schiffe, eher sich ein Badeort entwickelte. Stenungsund gilt als wichtiges Segelzentrum an der schwedischen Westk\u00fcste.<br type=\"_moz\" \/><\/p>\n","protected":false},"excerpt":{"rendered":"<p>Yachtcharter Stenungssund Stenungsund liegt knapp 50 Kilometer n\u00f6rdlich von G\u00f6teborg &ndash; der Ort am Festland ist mit den Inseln Tj\u00f6rn und Orust verbunden. Hier gab es zuerst den Anlegeplatz f\u00fcr Schiffe, eher sich ein Badeort entwickelte. Stenungsund gilt als wichtiges Segelzentrum an der schwedischen Westk\u00fcste.<\/p>\n","protected":false},"author":11,"featured_media":0,"parent":756,"menu_order":0,"comment_status":"open","ping_status":"open","template":"","meta":[],"aioseo_notices":[],"_links":{"self":[{"href":"https:\/\/yachtcharter-connection.com\/de\/wp-json\/wp\/v2\/pages\/2435"}],"collection":[{"href":"https:\/\/yachtcharter-connection.com\/de\/wp-json\/wp\/v2\/pages"}],"about":[{"href":"https:\/\/yachtcharter-connection.com\/de\/wp-json\/wp\/v2\/types\/page"}],"author":[{"embeddable":true,"href":"https:\/\/yachtcharter-connection.com\/de\/wp-json\/wp\/v2\/users\/11"}],"replies":[{"embeddable":true,"href":"https:\/\/yachtcharter-connection.com\/de\/wp-json\/wp\/v2\/comments?post=2435"}],"version-history":[{"count":1,"href":"https:\/\/yachtcharter-connection.com\/de\/wp-json\/wp\/v2\/pages\/2435\/revisions"}],"predecessor-version":[{"id":12853,"href":"https:\/\/yachtcharter-connection.com\/de\/wp-json\/wp\/v2\/pages\/2435\/revisions\/12853"}],"up":[{"embeddable":true,"href":"https:\/\/yachtcharter-connection.com\/de\/wp-json\/wp\/v2\/pages\/756"}],"wp:attachment":[{"href":"https:\/\/yachtcharter-connection.com\/de\/wp-json\/wp\/v2\/media?parent=2435"}],"curies":[{"name":"wp","href":"https:\/\/api.w.org\/{rel}","templated":true}]}}