{"id":2440,"date":"2015-08-10T05:53:47","date_gmt":"2015-08-10T05:53:47","guid":{"rendered":"http:\/\/yachtcharter-connection.com.w01e47c6.kasserver.com\/primosten-marina-kremik-576\/"},"modified":"2017-07-15T03:54:38","modified_gmt":"2017-07-15T01:54:38","slug":"primosten-marina-kremik-576","status":"publish","type":"page","link":"https:\/\/yachtcharter-connection.com\/de\/regionen\/mittelmeer\/yachtcharter-adria-sued\/primosten-marina-kremik-576\/","title":{"rendered":"Primosten \/ Marina Kremik"},"content":{"rendered":"<h3>Yachtcharter Marina Kremik<\/h3>\n<p>\nI<img loading=\"lazy\" class=\"content-image\"  height=\"225\" width=\"300\" src=\"https:\/\/yachtcharter-connection.com\/wp-content\/uploads\/converted_files\/19934\/19934-5624e3525a0de.jpg\" alt=\"Segelrevier_Kroatien_Hvar\" \/>n der N\u00e4he von <a href=\"~\/Yachtcharter_kroatien\/primosten.html\" target=\"_blank\">Primosten<\/a>, s\u00fcdlich von Sibenik und etwa 30 Kilometer n\u00f6rdlich von Split, liegt die Marina Kremik in einer Bucht, die tief ins Land hineinragt und von Weinbergen umgeben ist. Als Yachtcharter-Basis ist die Marina Kremik beliebt bei Crews, die in die nur 30 Meilen entfernten Kornaten oder in den Krka-Nationalpark segeln wollen. Auch die s\u00fcdlicheren Inseln Korcula und Hvar (foto) sind gut erreichbar. Ein Shuttlebus verbindet die Marina mit Primosten: Hier gibt es eine malerische Altstadt und alle Shopping-M\u00f6glichkeiten. <\/p>\n<p><\/p>\n","protected":false},"excerpt":{"rendered":"<p>Yachtcharter Marina Kremik In der N\u00e4he von Primosten, s\u00fcdlich von Sibenik und etwa 30 Kilometer n\u00f6rdlich von Split, liegt die Marina Kremik in einer Bucht, die tief ins Land hineinragt und von Weinbergen umgeben ist. Als Yachtcharter-Basis ist die Marina Kremik beliebt bei Crews, die in die nur 30 Meilen<\/p>\n","protected":false},"author":11,"featured_media":0,"parent":744,"menu_order":0,"comment_status":"open","ping_status":"open","template":"","meta":[],"aioseo_notices":[],"_links":{"self":[{"href":"https:\/\/yachtcharter-connection.com\/de\/wp-json\/wp\/v2\/pages\/2440"}],"collection":[{"href":"https:\/\/yachtcharter-connection.com\/de\/wp-json\/wp\/v2\/pages"}],"about":[{"href":"https:\/\/yachtcharter-connection.com\/de\/wp-json\/wp\/v2\/types\/page"}],"author":[{"embeddable":true,"href":"https:\/\/yachtcharter-connection.com\/de\/wp-json\/wp\/v2\/users\/11"}],"replies":[{"embeddable":true,"href":"https:\/\/yachtcharter-connection.com\/de\/wp-json\/wp\/v2\/comments?post=2440"}],"version-history":[{"count":1,"href":"https:\/\/yachtcharter-connection.com\/de\/wp-json\/wp\/v2\/pages\/2440\/revisions"}],"predecessor-version":[{"id":13222,"href":"https:\/\/yachtcharter-connection.com\/de\/wp-json\/wp\/v2\/pages\/2440\/revisions\/13222"}],"up":[{"embeddable":true,"href":"https:\/\/yachtcharter-connection.com\/de\/wp-json\/wp\/v2\/pages\/744"}],"wp:attachment":[{"href":"https:\/\/yachtcharter-connection.com\/de\/wp-json\/wp\/v2\/media?parent=2440"}],"curies":[{"name":"wp","href":"https:\/\/api.w.org\/{rel}","templated":true}]}}