{"id":2446,"date":"2015-08-10T05:53:47","date_gmt":"2015-08-10T05:53:47","guid":{"rendered":"http:\/\/yachtcharter-connection.com.w01e47c6.kasserver.com\/sizilien-trapani\/"},"modified":"2017-07-16T05:21:11","modified_gmt":"2017-07-16T03:21:11","slug":"sizilien-trapani","status":"publish","type":"page","link":"https:\/\/yachtcharter-connection.com\/de\/regionen\/mittelmeer\/yachtcharter-sizilien-aeolische-inseln-kalabrien\/sizilien-trapani\/","title":{"rendered":"Sizilien \/ Trapani"},"content":{"rendered":"<h3>Yachtcharter Sizilien \/ Trapani<\/h3>\n<p>\n<img class=\"content-image\"  src=\"https:\/\/yachtcharter-connection.com\/wp-content\/uploads\/converted_files\/19940\/19940-5624e354a01d1.jpg\" alt=\"Yachtcharter-Sizilien-Trapani.jpg\" style=\"width: 300px; height: 200px;\" \/>Die Yachtcharter-Destination Trapani liegt im \u00e4u\u00dfersten Nordwesten <a href=\"https:\/\/yachtcharter-connection.com\/wp-content\/uploads\/converted_files\/19940\/19940-5624e355c0670.jpg\">Siziliens<\/a> &#8211; ein idealer Ausgangspunkt f\u00fcr T\u00f6rns zu den vorgelagerten \u00c4gadischen Inseln. Die Geschichte Trapanis, Hauptstadt der gleichnamigen Provinz und siebtgr\u00f6\u00dfte Stadt Siziliens, reicht zur\u00fcck bis in die griechische Mythologie zu Zeiten des Kriegs um Troja. Der Name stammt vom griechischen Wort f\u00fcr &quot;Mondsichel&quot; Drepanum &#8211; benannt nach einem sichelf\u00f6rmigen Riff s\u00fcdwestlich der Altstadt. Ph\u00f6nizier, Karthager, sp\u00e4ter dann Araber und Normannen siedelten hier und hinterlie\u00dfen ihre Spuren im Stadtbild. Fischerei, Landwirtschaft, Salzgewinnung in den gro\u00dfen Salinen und Weinbau pr\u00e4gten lange das wirtschaftliche Leben. Die Mattanza, die  Thunfischjagd zwischen Trapani und der Insel Favignana, galt lange als traditionelle touristische Attraktion. Die historische Altstadt wurde ebenso wie der Hafen 2005 renoviert &#8211; seitdem wird der Tourismus immer wichtiger.<\/p>\n<p>Die Altstadt mit vielen herrschaftlichen H\u00e4usern, Palazzi und Kirchen l\u00e4dt Yachtcharter Trapani-Crews zum Bummeln ein. Wer Zeit hat, kann auch die Salinen und das Salzmuseum besichtigen. Auf dem Fischmarkt gibt es jeden Morgen frische Meeresfr\u00fcchte f\u00fcr die Pantry.<\/p>\n<p>\nTrapani, \u00fcberragt vom Berg Monte Giuliano, ist ein wichtiger F\u00e4hr- und Frachthafen f\u00fcr das s\u00fcdliche Mittelmeer, auch immer mehr Kreuzfahrtschiffe legen hier an. Das Kastell auf der gro\u00dfen Au\u00dfenmole ist vom Meer aus schon von weitem sichtbar. Innerhalb des gro\u00dfen Hafens gibt es mehrere kleine Marinas f\u00fcr Yachten und Yachtcharter Trapani-St\u00fctzpunkte. \u00d6stlich der Mole liegen kann man auch gut ankern. Yachtcharter Trapani-Crews erreichen die Marina \u00fcber den nur 18 Kilometer entfernten Flughafen Trapani.<\/p>\n<p>Die meisten Yachtcharter Trapani-Crews segeln zu den \u00c4gadischen Inseln: zur Hauptinsel Favignano (im Sommer touristischer Anziehungspunkt), nach Maraone, Marettimo und Formica. Auch ein Abstecher ins nahegelegene <a href=\"~\/Yachtcharter_italien\/sizilien_marsala.html\">Marsala<\/a> lohnt sich. Aber auch ein T\u00f6rn entlang der n\u00f6rdlichen K\u00fcste Siziliens Richtung <a href=\"~\/Yachtcharter_italien\/sizilien_palermo.html\">Palermo<\/a> ist interessant, mit einem Stopp im malerischen Fischerort Castellammare del Golfo.<\/p>\n<p><strong>Charteryachten Sizilien \/ Trapani: F\u00fcr Yachtcharter Sizilien-Crews stehen Segelyachten in Trapani unter anderem von Beneteau und Bavaria zur Verf\u00fcgung.<\/strong><\/p>\n","protected":false},"excerpt":{"rendered":"<p>Yachtcharter Sizilien \/ Trapani Die Yachtcharter-Destination Trapani liegt im \u00e4u\u00dfersten Nordwesten Siziliens &#8211; ein idealer Ausgangspunkt f\u00fcr T\u00f6rns zu den vorgelagerten \u00c4gadischen Inseln. Die Geschichte Trapanis, Hauptstadt der gleichnamigen Provinz und siebtgr\u00f6\u00dfte Stadt Siziliens, reicht zur\u00fcck bis in die griechische Mythologie zu Zeiten des Kriegs um Troja. Der Name stammt<\/p>\n","protected":false},"author":11,"featured_media":0,"parent":761,"menu_order":0,"comment_status":"open","ping_status":"open","template":"","meta":[],"aioseo_notices":[],"_links":{"self":[{"href":"https:\/\/yachtcharter-connection.com\/de\/wp-json\/wp\/v2\/pages\/2446"}],"collection":[{"href":"https:\/\/yachtcharter-connection.com\/de\/wp-json\/wp\/v2\/pages"}],"about":[{"href":"https:\/\/yachtcharter-connection.com\/de\/wp-json\/wp\/v2\/types\/page"}],"author":[{"embeddable":true,"href":"https:\/\/yachtcharter-connection.com\/de\/wp-json\/wp\/v2\/users\/11"}],"replies":[{"embeddable":true,"href":"https:\/\/yachtcharter-connection.com\/de\/wp-json\/wp\/v2\/comments?post=2446"}],"version-history":[{"count":1,"href":"https:\/\/yachtcharter-connection.com\/de\/wp-json\/wp\/v2\/pages\/2446\/revisions"}],"predecessor-version":[{"id":13023,"href":"https:\/\/yachtcharter-connection.com\/de\/wp-json\/wp\/v2\/pages\/2446\/revisions\/13023"}],"up":[{"embeddable":true,"href":"https:\/\/yachtcharter-connection.com\/de\/wp-json\/wp\/v2\/pages\/761"}],"wp:attachment":[{"href":"https:\/\/yachtcharter-connection.com\/de\/wp-json\/wp\/v2\/media?parent=2446"}],"curies":[{"name":"wp","href":"https:\/\/api.w.org\/{rel}","templated":true}]}}