{"id":2447,"date":"2011-03-14T05:09:04","date_gmt":"2011-03-14T05:09:04","guid":{"rendered":"http:\/\/yachtcharter-connection.com.w01e47c6.kasserver.com\/yasawa-ils-viti-levu-809\/"},"modified":"2016-10-29T17:56:53","modified_gmt":"2016-10-29T15:56:53","slug":"yasawa-ils-viti-levu-809","status":"publish","type":"page","link":"https:\/\/yachtcharter-connection.com\/de\/regionen\/pazifik\/yachtcharter-fiji-inseln\/yasawa-ils-viti-levu-809\/","title":{"rendered":"Yasawa Ils. \/ Viti Levu"},"content":{"rendered":"<h3>Yachtcharter Fiji &#8211; Yasawa Islands \/ Viti Levu<\/h3>\n<p><img loading=\"lazy\" class=\"content-image\"  height=\"199\" width=\"300\" src=\"https:\/\/yachtcharter-connection.com\/wp-content\/uploads\/converted_files\/19941\/19941-5624e358e0e5b.jpg\" alt=\"Segelrevier Fiji-Inseln\" \/>Viti Levu  ist die gr\u00f6\u00dfte Insel des Fiji-Archipels mit mehr als 10.000 Quadratkilometern Fl\u00e4che. Sie ist vulkanischen Ursprungs, ebenso wie die zweitgr\u00f6\u00dfte Insel Vanua Lavu und die meisten anderen Inseln &#8211; lediglich die kleineren sind aus Korallenriffen entstanden.<\/p>\n<p>Yachtcharter-Crews landen bei der Anreise meist auf dem internationalen Flughafen in der Hauptstadt Suva auf Viti Levu. <\/p>\n","protected":false},"excerpt":{"rendered":"<p>Yachtcharter Fiji &#8211; Yasawa Islands \/ Viti Levu Viti Levu ist die gr\u00f6\u00dfte Insel des Fiji-Archipels mit mehr als 10.000 Quadratkilometern Fl\u00e4che. Sie ist vulkanischen Ursprungs, ebenso wie die zweitgr\u00f6\u00dfte Insel Vanua Lavu und die meisten anderen Inseln &#8211; lediglich die kleineren sind aus Korallenriffen entstanden. Yachtcharter-Crews landen bei der<\/p>\n","protected":false},"author":11,"featured_media":0,"parent":774,"menu_order":0,"comment_status":"open","ping_status":"open","template":"","meta":[],"aioseo_notices":[],"_links":{"self":[{"href":"https:\/\/yachtcharter-connection.com\/de\/wp-json\/wp\/v2\/pages\/2447"}],"collection":[{"href":"https:\/\/yachtcharter-connection.com\/de\/wp-json\/wp\/v2\/pages"}],"about":[{"href":"https:\/\/yachtcharter-connection.com\/de\/wp-json\/wp\/v2\/types\/page"}],"author":[{"embeddable":true,"href":"https:\/\/yachtcharter-connection.com\/de\/wp-json\/wp\/v2\/users\/11"}],"replies":[{"embeddable":true,"href":"https:\/\/yachtcharter-connection.com\/de\/wp-json\/wp\/v2\/comments?post=2447"}],"version-history":[{"count":1,"href":"https:\/\/yachtcharter-connection.com\/de\/wp-json\/wp\/v2\/pages\/2447\/revisions"}],"predecessor-version":[{"id":12879,"href":"https:\/\/yachtcharter-connection.com\/de\/wp-json\/wp\/v2\/pages\/2447\/revisions\/12879"}],"up":[{"embeddable":true,"href":"https:\/\/yachtcharter-connection.com\/de\/wp-json\/wp\/v2\/pages\/774"}],"wp:attachment":[{"href":"https:\/\/yachtcharter-connection.com\/de\/wp-json\/wp\/v2\/media?parent=2447"}],"curies":[{"name":"wp","href":"https:\/\/api.w.org\/{rel}","templated":true}]}}