{"id":2451,"date":"2015-08-10T05:53:47","date_gmt":"2015-08-10T05:53:47","guid":{"rendered":"http:\/\/yachtcharter-connection.com.w01e47c6.kasserver.com\/mallorca-cala-d-or-155\/"},"modified":"2018-05-25T18:45:18","modified_gmt":"2018-05-25T16:45:18","slug":"mallorca-cala-d-or-155","status":"publish","type":"page","link":"https:\/\/yachtcharter-connection.com\/de\/regionen\/mittelmeer\/yachtcharter-balearen-mallorca-menorca-ibiza\/mallorca-cala-d-or-155\/","title":{"rendered":"Mallorca \/ Cala d&#8217; Or"},"content":{"rendered":"<h1>Yachtcharter Mallorca \/ Cala d&#8217;Or<\/h1>\n<p><img loading=\"lazy\" class=\"content-image\" src=\"https:\/\/yachtcharter-connection.com\/wp-content\/uploads\/converted_files\/19945\/19945-5624e35a165a2.jpg\" alt=\"\" width=\"300\" height=\"200\" \/>Der tief ins Land ragende Yachtcharter-Hafen von Cala d\u2019Or hat einen ganz eigenen Charakter \u2013 mond\u00e4ner als die anderen H\u00e4fen und Yachtcharter-St\u00fctzpunkte an der Ostk\u00fcste, die wei\u00dfen H\u00e4user des Ortes erinnern mit ihrer Architektur eher an Ibiza. Der Yachtclub Cala d\u2019Or ist eher Treffpunkt der Business People als der Yachtcharter-Crews oder einfacher Yachtclub \u2013 mit Spitzenrestaurant, Bar, vielen Ausstellungen und selbst ein Designer-St\u00fcck.<\/p>\n<p><b>Von der Yachtcharter-Basis Cala d&#8217;Or bieten wir neben Segelyachten auch verschiedene Motoryachten mit und ohne Crew an.<\/b><\/p>\n<p>&nbsp;<\/p>\n","protected":false},"excerpt":{"rendered":"<p>Yachtcharter Mallorca \/ Cala d&#8217;Or Der tief ins Land ragende Yachtcharter-Hafen von Cala d\u2019Or hat einen ganz eigenen Charakter \u2013 mond\u00e4ner als die anderen H\u00e4fen und Yachtcharter-St\u00fctzpunkte an der Ostk\u00fcste, die wei\u00dfen H\u00e4user des Ortes erinnern mit ihrer Architektur eher an Ibiza. Der Yachtclub Cala d\u2019Or ist eher Treffpunkt der<\/p>\n","protected":false},"author":11,"featured_media":0,"parent":762,"menu_order":0,"comment_status":"open","ping_status":"open","template":"","meta":[],"aioseo_notices":[],"_links":{"self":[{"href":"https:\/\/yachtcharter-connection.com\/de\/wp-json\/wp\/v2\/pages\/2451"}],"collection":[{"href":"https:\/\/yachtcharter-connection.com\/de\/wp-json\/wp\/v2\/pages"}],"about":[{"href":"https:\/\/yachtcharter-connection.com\/de\/wp-json\/wp\/v2\/types\/page"}],"author":[{"embeddable":true,"href":"https:\/\/yachtcharter-connection.com\/de\/wp-json\/wp\/v2\/users\/11"}],"replies":[{"embeddable":true,"href":"https:\/\/yachtcharter-connection.com\/de\/wp-json\/wp\/v2\/comments?post=2451"}],"version-history":[{"count":3,"href":"https:\/\/yachtcharter-connection.com\/de\/wp-json\/wp\/v2\/pages\/2451\/revisions"}],"predecessor-version":[{"id":26278,"href":"https:\/\/yachtcharter-connection.com\/de\/wp-json\/wp\/v2\/pages\/2451\/revisions\/26278"}],"up":[{"embeddable":true,"href":"https:\/\/yachtcharter-connection.com\/de\/wp-json\/wp\/v2\/pages\/762"}],"wp:attachment":[{"href":"https:\/\/yachtcharter-connection.com\/de\/wp-json\/wp\/v2\/media?parent=2451"}],"curies":[{"name":"wp","href":"https:\/\/api.w.org\/{rel}","templated":true}]}}