{"id":2460,"date":"2015-03-22T06:01:56","date_gmt":"2015-03-22T06:01:56","guid":{"rendered":"http:\/\/yachtcharter-connection.com.w01e47c6.kasserver.com\/sao-vincente-229\/"},"modified":"2016-10-29T18:55:04","modified_gmt":"2016-10-29T16:55:04","slug":"sao-vincente-229","status":"publish","type":"page","link":"https:\/\/yachtcharter-connection.com\/de\/regionen\/atlantik-westafrika\/yachtcharter-kapverdische-inseln\/sao-vincente-229\/","title":{"rendered":"Sao Vincente"},"content":{"rendered":"<h3>Yachtcharter Sao Vincente &#8211; Mindelo<\/h3>\n<p>\n<img loading=\"lazy\" class=\"content-image\"  width=\"300\" height=\"222\" src=\"https:\/\/yachtcharter-connection.com\/wp-content\/uploads\/converted_files\/19954\/19954-5624e35c9c2e3.jpg\" alt=\"Yachtcharter-Kapverden-Mindelo\" \/>Mindelo, heimliche Hauptstadt der Inseln auf Sao Vicente und Sitz der Yachtcharter-Basis, war in Kriegszeiten schon deutsche U-Boot-Basis und Tummelplatz von Geheimagenten jeglicher Couleur. Jetzt ist die Stadt, die an einer gro\u00dfen Naturbucht auf einer der neun bewohnten Inseln des kapverdischen Archipels liegt, Heimathafen einer kleinen Yachtcharter-Flotte.<\/p>\n<p><img loading=\"lazy\" class=\"content-image\"  width=\"300\" height=\"400\" src=\"https:\/\/yachtcharter-connection.com\/wp-content\/uploads\/converted_files\/19954\/19954-5624e35dd7765.jpg\" alt=\"Yachtcharter-Kapverden-Mindelo\" \/>In der weitl\u00e4ufigen Bucht ankern Yachten, einige auf Zwischenstopp w\u00e4hrend der Atlanktik-\u00dcberquerung. Frachter, Seelenverk\u00e4ufer, der bunte Schiffspark vor Anker ist h\u00f6chst vielf\u00e4ltig und f\u00fcr Yachtcharter-Crew  h\u00f6chst interessant anzusehen. In Mindelo gibt es sogar einen Yachtclub in der N\u00e4he der Yachtcharter-Basis, diverse zum Teil schon recht moderne Cafes, Kultur und Kolonialbauten, und einen sehenswerten Fischmarkt &#8211; ideal f\u00fcrs erste Catering vor dem Yachtcharter-T\u00f6rm. <\/p>\n<p>Die moderne Yachtcharter-Marina Mindelo wurde 2007 er\u00f6ffnet. Kapverden-Yachtcharter-Crews finden hier 145 Liegepl\u00e4tze an Schwimmstegen vor, Sanit\u00e4ranlagen, Tankstelle, Restaurant und W-LAN.<\/p>\n","protected":false},"excerpt":{"rendered":"<p>Yachtcharter Sao Vincente &#8211; Mindelo Mindelo, heimliche Hauptstadt der Inseln auf Sao Vicente und Sitz der Yachtcharter-Basis, war in Kriegszeiten schon deutsche U-Boot-Basis und Tummelplatz von Geheimagenten jeglicher Couleur. Jetzt ist die Stadt, die an einer gro\u00dfen Naturbucht auf einer der neun bewohnten Inseln des kapverdischen Archipels liegt, Heimathafen einer<\/p>\n","protected":false},"author":11,"featured_media":0,"parent":779,"menu_order":0,"comment_status":"open","ping_status":"open","template":"","meta":[],"aioseo_notices":[],"_links":{"self":[{"href":"https:\/\/yachtcharter-connection.com\/de\/wp-json\/wp\/v2\/pages\/2460"}],"collection":[{"href":"https:\/\/yachtcharter-connection.com\/de\/wp-json\/wp\/v2\/pages"}],"about":[{"href":"https:\/\/yachtcharter-connection.com\/de\/wp-json\/wp\/v2\/types\/page"}],"author":[{"embeddable":true,"href":"https:\/\/yachtcharter-connection.com\/de\/wp-json\/wp\/v2\/users\/11"}],"replies":[{"embeddable":true,"href":"https:\/\/yachtcharter-connection.com\/de\/wp-json\/wp\/v2\/comments?post=2460"}],"version-history":[{"count":1,"href":"https:\/\/yachtcharter-connection.com\/de\/wp-json\/wp\/v2\/pages\/2460\/revisions"}],"predecessor-version":[{"id":13558,"href":"https:\/\/yachtcharter-connection.com\/de\/wp-json\/wp\/v2\/pages\/2460\/revisions\/13558"}],"up":[{"embeddable":true,"href":"https:\/\/yachtcharter-connection.com\/de\/wp-json\/wp\/v2\/pages\/779"}],"wp:attachment":[{"href":"https:\/\/yachtcharter-connection.com\/de\/wp-json\/wp\/v2\/media?parent=2460"}],"curies":[{"name":"wp","href":"https:\/\/api.w.org\/{rel}","templated":true}]}}