{"id":2466,"date":"2011-03-14T05:09:03","date_gmt":"2011-03-14T05:09:03","guid":{"rendered":"http:\/\/yachtcharter-connection.com.w01e47c6.kasserver.com\/helsinki-403\/"},"modified":"2016-10-29T18:05:06","modified_gmt":"2016-10-29T16:05:06","slug":"helsinki-403","status":"publish","type":"page","link":"https:\/\/yachtcharter-connection.com\/de\/regionen\/ostsee\/yachtcharter-ost-schweden-finnland\/helsinki-403\/","title":{"rendered":"Helsinki"},"content":{"rendered":"<h3>Yachtcharter Helsinki<\/h3>\n<p>\n<img loading=\"lazy\" class=\"content-image\"  height=\"200\" width=\"300\" src=\"https:\/\/yachtcharter-connection.com\/wp-content\/uploads\/converted_files\/19960\/19960-5624e3604e78b.jpg\" alt=\"Finnland Hafen Helsiinki\" \/>Im S\u00fcden Finnlands liegt die Hauptstadt Helsinki an der K\u00fcste des Finnischen Meerbusens &ndash; gegen\u00fcber liegt Estland. Mehr als zwei Drittel des Stadtgebietes besteht aus Wasser &ndash; \u00fcber 300 Sch\u00e4ren sind der Stadt vorgelagert, die K\u00fcste ist stark gegliedert mit vielen Halbinseln und Buchten. Die bekanntesten Inseln sind Suomenlinna mit einer alten Festung, die zum Weltkulturerbe der Unesco geh\u00f6rt, Korkeasaari mit einem Zoo und Seurasaari mit einem Freilichtmuseum. Wer von Helsinki aus zum Segelt\u00f6rn startet, wird sich auch das pulsierende Stadtleben auf den Flaniermeilen Esplanadi und Aleksanterinkatu nicht entgehen lassen, die klassizistische und funktionalistische Architektur oder die orthodoxe Kathedrale bewundern oder in einer langen nordischen Nacht vielleicht ein Open Air Festival besuchen. Einen Strand gibt es \u00fcbrigens auch: in der Hietanemi-Bucht im Westen Helsinkis.<br type=\"_moz\" \/><\/p>\n","protected":false},"excerpt":{"rendered":"<p>Yachtcharter Helsinki Im S\u00fcden Finnlands liegt die Hauptstadt Helsinki an der K\u00fcste des Finnischen Meerbusens &ndash; gegen\u00fcber liegt Estland. Mehr als zwei Drittel des Stadtgebietes besteht aus Wasser &ndash; \u00fcber 300 Sch\u00e4ren sind der Stadt vorgelagert, die K\u00fcste ist stark gegliedert mit vielen Halbinseln und Buchten. Die bekanntesten Inseln sind<\/p>\n","protected":false},"author":11,"featured_media":0,"parent":748,"menu_order":0,"comment_status":"open","ping_status":"open","template":"","meta":[],"aioseo_notices":[],"_links":{"self":[{"href":"https:\/\/yachtcharter-connection.com\/de\/wp-json\/wp\/v2\/pages\/2466"}],"collection":[{"href":"https:\/\/yachtcharter-connection.com\/de\/wp-json\/wp\/v2\/pages"}],"about":[{"href":"https:\/\/yachtcharter-connection.com\/de\/wp-json\/wp\/v2\/types\/page"}],"author":[{"embeddable":true,"href":"https:\/\/yachtcharter-connection.com\/de\/wp-json\/wp\/v2\/users\/11"}],"replies":[{"embeddable":true,"href":"https:\/\/yachtcharter-connection.com\/de\/wp-json\/wp\/v2\/comments?post=2466"}],"version-history":[{"count":1,"href":"https:\/\/yachtcharter-connection.com\/de\/wp-json\/wp\/v2\/pages\/2466\/revisions"}],"predecessor-version":[{"id":13118,"href":"https:\/\/yachtcharter-connection.com\/de\/wp-json\/wp\/v2\/pages\/2466\/revisions\/13118"}],"up":[{"embeddable":true,"href":"https:\/\/yachtcharter-connection.com\/de\/wp-json\/wp\/v2\/pages\/748"}],"wp:attachment":[{"href":"https:\/\/yachtcharter-connection.com\/de\/wp-json\/wp\/v2\/media?parent=2466"}],"curies":[{"name":"wp","href":"https:\/\/api.w.org\/{rel}","templated":true}]}}