{"id":2467,"date":"2011-03-14T05:09:03","date_gmt":"2011-03-14T05:09:03","guid":{"rendered":"http:\/\/yachtcharter-connection.com.w01e47c6.kasserver.com\/turku-752\/"},"modified":"2016-10-29T17:56:13","modified_gmt":"2016-10-29T15:56:13","slug":"turku-752","status":"publish","type":"page","link":"https:\/\/yachtcharter-connection.com\/de\/regionen\/ostsee\/yachtcharter-ost-schweden-finnland\/turku-752\/","title":{"rendered":"Turku"},"content":{"rendered":"<h3>Yachtcharter Turku<\/h3>\n<p>\nTurku, die f\u00fcnftgr\u00f6\u00dfte Stadt Finnlands, liegt an der M\u00fcndung des Flusses Aurajoki im S\u00fcdwesten Finnlands und ist Hauptstadt der Provinz Westfinnland. Das vorgelagete Sch\u00e4renmeer besteht aus \u00fcber 20.000 Inseln. Schiffbau-Industrie hat in Turku Tradition, auch Schiffsmotoren werden dort hergestellt. Inzwischen gilt Turku mit mehreren Universit\u00e4ten und High-Tech-Unternehmen auch als Forschungszentrum. Sehenswert sind unter anderem die Burg Turku am Nordufer des Flusses in Hafenn\u00e4he &ndash; im gr\u00f6\u00dften erhaltenen mittelalterlichen Geb\u00e4ude des Landes befindet sich ein historisches Museum. Neben mehreren Kirchen lohnt auch das Freilicht-Handwerksmuseum einen Besuch. F\u00fcr Segler am interessantesten sind sicher das Seefahrtsmuseum Forum Marinum und die historischen Schiffe Suomen Joutsen und Sigyn auf dem Aurajoki.<\/p>\n","protected":false},"excerpt":{"rendered":"<p>Yachtcharter Turku Turku, die f\u00fcnftgr\u00f6\u00dfte Stadt Finnlands, liegt an der M\u00fcndung des Flusses Aurajoki im S\u00fcdwesten Finnlands und ist Hauptstadt der Provinz Westfinnland. Das vorgelagete Sch\u00e4renmeer besteht aus \u00fcber 20.000 Inseln. Schiffbau-Industrie hat in Turku Tradition, auch Schiffsmotoren werden dort hergestellt. Inzwischen gilt Turku mit mehreren Universit\u00e4ten und High-Tech-Unternehmen auch<\/p>\n","protected":false},"author":11,"featured_media":0,"parent":748,"menu_order":0,"comment_status":"open","ping_status":"open","template":"","meta":[],"aioseo_notices":[],"_links":{"self":[{"href":"https:\/\/yachtcharter-connection.com\/de\/wp-json\/wp\/v2\/pages\/2467"}],"collection":[{"href":"https:\/\/yachtcharter-connection.com\/de\/wp-json\/wp\/v2\/pages"}],"about":[{"href":"https:\/\/yachtcharter-connection.com\/de\/wp-json\/wp\/v2\/types\/page"}],"author":[{"embeddable":true,"href":"https:\/\/yachtcharter-connection.com\/de\/wp-json\/wp\/v2\/users\/11"}],"replies":[{"embeddable":true,"href":"https:\/\/yachtcharter-connection.com\/de\/wp-json\/wp\/v2\/comments?post=2467"}],"version-history":[{"count":1,"href":"https:\/\/yachtcharter-connection.com\/de\/wp-json\/wp\/v2\/pages\/2467\/revisions"}],"predecessor-version":[{"id":12809,"href":"https:\/\/yachtcharter-connection.com\/de\/wp-json\/wp\/v2\/pages\/2467\/revisions\/12809"}],"up":[{"embeddable":true,"href":"https:\/\/yachtcharter-connection.com\/de\/wp-json\/wp\/v2\/pages\/748"}],"wp:attachment":[{"href":"https:\/\/yachtcharter-connection.com\/de\/wp-json\/wp\/v2\/media?parent=2467"}],"curies":[{"name":"wp","href":"https:\/\/api.w.org\/{rel}","templated":true}]}}