{"id":2468,"date":"2011-03-14T05:09:03","date_gmt":"2011-03-14T05:09:03","guid":{"rendered":"http:\/\/yachtcharter-connection.com.w01e47c6.kasserver.com\/taalintehdas-199\/"},"modified":"2017-07-14T01:14:28","modified_gmt":"2017-07-13T23:14:28","slug":"taalintehdas-199","status":"publish","type":"page","link":"https:\/\/yachtcharter-connection.com\/de\/regionen\/ostsee\/yachtcharter-ost-schweden-finnland\/taalintehdas-199\/","title":{"rendered":"Taalintehdas"},"content":{"rendered":"<h3>Yachtcharter Taalintehdas<\/h3>\n<p>\nTaalintehdas, ca. 45 Kilometer s\u00fcdwestlich von Turku, wird auch Dalsbruk genannt. Der Hauptort der Region Dragsfjard im \u00f6stlichen Sch\u00e4renmeer liegt auf der Insel Kimito\u00f6n, der zweitgr\u00f6\u00dften finnischen Ostseeinsel. Dragsfjard hei\u00dft auch ein gro\u00dfer Binnensee auf der Insel. Zur Gemeinde z\u00e4hlen auch die Hittinen-Inseln, Hitis. Das Gebiet umfasst ingesamt rund 2000 Felsklippen und Inseln.<\/p>\n","protected":false},"excerpt":{"rendered":"<p>Yachtcharter Taalintehdas Taalintehdas, ca. 45 Kilometer s\u00fcdwestlich von Turku, wird auch Dalsbruk genannt. Der Hauptort der Region Dragsfjard im \u00f6stlichen Sch\u00e4renmeer liegt auf der Insel Kimito\u00f6n, der zweitgr\u00f6\u00dften finnischen Ostseeinsel. Dragsfjard hei\u00dft auch ein gro\u00dfer Binnensee auf der Insel. Zur Gemeinde z\u00e4hlen auch die Hittinen-Inseln, Hitis. Das Gebiet umfasst ingesamt<\/p>\n","protected":false},"author":11,"featured_media":0,"parent":748,"menu_order":0,"comment_status":"open","ping_status":"open","template":"","meta":[],"aioseo_notices":[],"_links":{"self":[{"href":"https:\/\/yachtcharter-connection.com\/de\/wp-json\/wp\/v2\/pages\/2468"}],"collection":[{"href":"https:\/\/yachtcharter-connection.com\/de\/wp-json\/wp\/v2\/pages"}],"about":[{"href":"https:\/\/yachtcharter-connection.com\/de\/wp-json\/wp\/v2\/types\/page"}],"author":[{"embeddable":true,"href":"https:\/\/yachtcharter-connection.com\/de\/wp-json\/wp\/v2\/users\/11"}],"replies":[{"embeddable":true,"href":"https:\/\/yachtcharter-connection.com\/de\/wp-json\/wp\/v2\/comments?post=2468"}],"version-history":[{"count":1,"href":"https:\/\/yachtcharter-connection.com\/de\/wp-json\/wp\/v2\/pages\/2468\/revisions"}],"predecessor-version":[{"id":12808,"href":"https:\/\/yachtcharter-connection.com\/de\/wp-json\/wp\/v2\/pages\/2468\/revisions\/12808"}],"up":[{"embeddable":true,"href":"https:\/\/yachtcharter-connection.com\/de\/wp-json\/wp\/v2\/pages\/748"}],"wp:attachment":[{"href":"https:\/\/yachtcharter-connection.com\/de\/wp-json\/wp\/v2\/media?parent=2468"}],"curies":[{"name":"wp","href":"https:\/\/api.w.org\/{rel}","templated":true}]}}