{"id":2469,"date":"2011-03-14T05:09:03","date_gmt":"2011-03-14T05:09:03","guid":{"rendered":"http:\/\/yachtcharter-connection.com.w01e47c6.kasserver.com\/mariehamn-868\/"},"modified":"2016-10-29T18:05:08","modified_gmt":"2016-10-29T16:05:08","slug":"mariehamn-868","status":"publish","type":"page","link":"https:\/\/yachtcharter-connection.com\/de\/regionen\/ostsee\/yachtcharter-ost-schweden-finnland\/mariehamn-868\/","title":{"rendered":"Mariehamn"},"content":{"rendered":"<h3>Yachtcharter Mariehamn<\/h3>\n<p>\n<img loading=\"lazy\" class=\"content-image\"  height=\"200\" width=\"300\" src=\"https:\/\/yachtcharter-connection.com\/wp-content\/uploads\/converted_files\/19963\/19963-5624e3618d89c.jpg\" alt=\"Finnland - Aland Inseln\" \/>Der Ferienort Mariehamn ist Hauptstadt und mit rund 11.000 Einwohnern auch einzige Stadt der Aland-Inseln, einer autonomen Provinz im S\u00fcdwesten Finnlands. Der F\u00e4hrhafen spielt im Schiffsverkehr zwischen finnischen und schwedischen H\u00e4fen eine wichtige Rolle, mehrere Reedereien haben in Mariehamn ihren Hauptsitz. Fr\u00fcher waren hier auch gro\u00dfe Windjammer-Flotten und einige der ber\u00fchmten Flying P-Liner stationiert &ndash; die &bdquo;Pommern&ldquo; liegt als Museumsschiff im Hafen. <\/p>\n<p>Natur und Naturschutz spielen auf den Aland-Inseln eine wesentliche Rolle. Neben zahlreichen Laub- und Nadelbaumarten wachsen hier sogar verschiedene Orchideenarten. Viele Seeadler und andere Vogelarten kreisen \u00fcber den Inseln, Rothirsche und Rehe leben in den W\u00e4ldern. Rund 50 Pflanzenarten und fast alle Tiere stehen unter Naturschutz.<\/p>\n","protected":false},"excerpt":{"rendered":"<p>Yachtcharter Mariehamn Der Ferienort Mariehamn ist Hauptstadt und mit rund 11.000 Einwohnern auch einzige Stadt der Aland-Inseln, einer autonomen Provinz im S\u00fcdwesten Finnlands. Der F\u00e4hrhafen spielt im Schiffsverkehr zwischen finnischen und schwedischen H\u00e4fen eine wichtige Rolle, mehrere Reedereien haben in Mariehamn ihren Hauptsitz. Fr\u00fcher waren hier auch gro\u00dfe Windjammer-Flotten und<\/p>\n","protected":false},"author":11,"featured_media":0,"parent":748,"menu_order":0,"comment_status":"open","ping_status":"open","template":"","meta":[],"aioseo_notices":[],"_links":{"self":[{"href":"https:\/\/yachtcharter-connection.com\/de\/wp-json\/wp\/v2\/pages\/2469"}],"collection":[{"href":"https:\/\/yachtcharter-connection.com\/de\/wp-json\/wp\/v2\/pages"}],"about":[{"href":"https:\/\/yachtcharter-connection.com\/de\/wp-json\/wp\/v2\/types\/page"}],"author":[{"embeddable":true,"href":"https:\/\/yachtcharter-connection.com\/de\/wp-json\/wp\/v2\/users\/11"}],"replies":[{"embeddable":true,"href":"https:\/\/yachtcharter-connection.com\/de\/wp-json\/wp\/v2\/comments?post=2469"}],"version-history":[{"count":1,"href":"https:\/\/yachtcharter-connection.com\/de\/wp-json\/wp\/v2\/pages\/2469\/revisions"}],"predecessor-version":[{"id":13122,"href":"https:\/\/yachtcharter-connection.com\/de\/wp-json\/wp\/v2\/pages\/2469\/revisions\/13122"}],"up":[{"embeddable":true,"href":"https:\/\/yachtcharter-connection.com\/de\/wp-json\/wp\/v2\/pages\/748"}],"wp:attachment":[{"href":"https:\/\/yachtcharter-connection.com\/de\/wp-json\/wp\/v2\/media?parent=2469"}],"curies":[{"name":"wp","href":"https:\/\/api.w.org\/{rel}","templated":true}]}}