{"id":2475,"date":"2015-08-10T05:53:47","date_gmt":"2015-08-10T05:53:47","guid":{"rendered":"http:\/\/yachtcharter-connection.com.w01e47c6.kasserver.com\/losinj-789\/"},"modified":"2017-07-14T17:28:57","modified_gmt":"2017-07-14T15:28:57","slug":"losinj-789","status":"publish","type":"page","link":"https:\/\/yachtcharter-connection.com\/de\/regionen\/mittelmeer\/yachtcharter-adria-nord\/losinj-789\/","title":{"rendered":"Losinj"},"content":{"rendered":"<h3>Yachtcharter Losinj<\/h3>\n<p>\n<img loading=\"lazy\" class=\"content-image\"  height=\"200\" width=\"300\" src=\"https:\/\/yachtcharter-connection.com\/wp-content\/uploads\/converted_files\/19969\/19969-5624e3655e9fa.jpg\" alt=\"Kroatien_kvarner_bucht_mali_losinj\" \/>Viele Pinien, Palmen, Zitrusb\u00e4ume, andere subtropische Pflanzen und Blumen schm\u00fccken die Insel Losinj in der Kvarner Bucht, die zu den sonnigsten Gegenden Europas z\u00e4hlt. Zusammen mit der Nachbarinsel Cres bildete Losinj fr\u00fcher eine gr\u00f6\u00dfere Insel. Schon vor 2000 Jahren bauten die R\u00f6mer einen zwischen  Losinj und Cres gebaut, die heute durch eine drehbare Br\u00fccke verbunden sind. Losinj selbst wird inzwischen durch den Privlaka-Kanal zweigeteilt. Hier befindet sich auch die Marina Losinj nahe bei Mali Losinj mit einer Yachtcharter-Basis.<\/p>\n<p>Mali Losinj &#8211; Klein-Losinj &#8211; hei\u00dft der gr\u00f6\u00dfere n\u00f6rdliche Teil der Stadt. Veli Losinj &#8211; Gro\u00df-Losinj &#8211; ist der historische Kern der Insel. In Mali Losinj gibt es auch einen malerischen Altstadthafen, in dem sich mit ein bisschen Gl\u00fcck ein Liegeplatz f\u00fcr eine \u00dcbernachtung finden l\u00e4sst. <\/p>\n<p>Als T\u00f6rnziele von Losinj aus bieten sich die anderen Inseln in der Kvarner Bucht, Istrien oder die n\u00f6rdlichen Kornaten an.<br type=\"_moz\" \/><\/p>\n","protected":false},"excerpt":{"rendered":"<p>Yachtcharter Losinj Viele Pinien, Palmen, Zitrusb\u00e4ume, andere subtropische Pflanzen und Blumen schm\u00fccken die Insel Losinj in der Kvarner Bucht, die zu den sonnigsten Gegenden Europas z\u00e4hlt. Zusammen mit der Nachbarinsel Cres bildete Losinj fr\u00fcher eine gr\u00f6\u00dfere Insel. Schon vor 2000 Jahren bauten die R\u00f6mer einen zwischen Losinj und Cres gebaut,<\/p>\n","protected":false},"author":11,"featured_media":0,"parent":757,"menu_order":0,"comment_status":"open","ping_status":"open","template":"","meta":[],"aioseo_notices":[],"_links":{"self":[{"href":"https:\/\/yachtcharter-connection.com\/de\/wp-json\/wp\/v2\/pages\/2475"}],"collection":[{"href":"https:\/\/yachtcharter-connection.com\/de\/wp-json\/wp\/v2\/pages"}],"about":[{"href":"https:\/\/yachtcharter-connection.com\/de\/wp-json\/wp\/v2\/types\/page"}],"author":[{"embeddable":true,"href":"https:\/\/yachtcharter-connection.com\/de\/wp-json\/wp\/v2\/users\/11"}],"replies":[{"embeddable":true,"href":"https:\/\/yachtcharter-connection.com\/de\/wp-json\/wp\/v2\/comments?post=2475"}],"version-history":[{"count":1,"href":"https:\/\/yachtcharter-connection.com\/de\/wp-json\/wp\/v2\/pages\/2475\/revisions"}],"predecessor-version":[{"id":13180,"href":"https:\/\/yachtcharter-connection.com\/de\/wp-json\/wp\/v2\/pages\/2475\/revisions\/13180"}],"up":[{"embeddable":true,"href":"https:\/\/yachtcharter-connection.com\/de\/wp-json\/wp\/v2\/pages\/757"}],"wp:attachment":[{"href":"https:\/\/yachtcharter-connection.com\/de\/wp-json\/wp\/v2\/media?parent=2475"}],"curies":[{"name":"wp","href":"https:\/\/api.w.org\/{rel}","templated":true}]}}