{"id":2476,"date":"2011-03-14T05:09:28","date_gmt":"2011-03-14T05:09:28","guid":{"rendered":"http:\/\/yachtcharter-connection.com.w01e47c6.kasserver.com\/rab-895\/"},"modified":"2016-10-29T18:14:05","modified_gmt":"2016-10-29T16:14:05","slug":"rab-895","status":"publish","type":"page","link":"https:\/\/yachtcharter-connection.com\/de\/regionen\/mittelmeer\/yachtcharter-adria-nord\/rab-895\/","title":{"rendered":"Rab"},"content":{"rendered":"<h3>Yachtcharter Rab<\/h3>\n<p>\n<img loading=\"lazy\" class=\"content-image\"  height=\"190\" width=\"300\" src=\"https:\/\/yachtcharter-connection.com\/wp-content\/uploads\/converted_files\/19970\/19970-5624e36693508.jpg\" alt=\"Kroatien_Kvarner_Rab\" \/>Die Insel Rab in der Kvarner Bucht ist rund 22 Kilometer lang und liegt zwischen den Inseln Krk und Pag. Mit rund 2.500 Sonnenstunden pro Jahr z\u00e4hlt sie zu den sonnigsten Regionen Europas. Fast die H\u00e4lfte der Insel ist bewaldet. Vom zwei Kilometer entfernten Festland trennt Rab der Velebiter Kanal. Illyrer, R\u00f6mer, Veneziane, Italiener und slawische V\u00f6lker haben hier ihre Spuren hinterlassen. Die Inselhauptstadt Rab liegt an der S\u00dcdwestk\u00fcste, das St\u00e4dtchen liegt zwischen dem Hafen und der Bucht St. Eufemia auf einer Halbinsel. Wahrzeichen der Stadt sind die vier Glockent\u00fcrme, die das Stadtbild pr\u00e4gen. Beim St\u00e4dtchen Lopar, etwa 15 Kilometer von der Altstadt Rab entfernt, l\u00e4dt der Sandstrand San Marino zum Baden ein.<\/p>\n<p>Die ACI-Marina Rab liegt direkt im Stadthafen, eine weitere ACI-Marina befindet sich in Supetarska Draga.<br \/>\n<br type=\"_moz\" \/><\/p>\n","protected":false},"excerpt":{"rendered":"<p>Yachtcharter Rab Die Insel Rab in der Kvarner Bucht ist rund 22 Kilometer lang und liegt zwischen den Inseln Krk und Pag. Mit rund 2.500 Sonnenstunden pro Jahr z\u00e4hlt sie zu den sonnigsten Regionen Europas. Fast die H\u00e4lfte der Insel ist bewaldet. Vom zwei Kilometer entfernten Festland trennt Rab der<\/p>\n","protected":false},"author":11,"featured_media":0,"parent":757,"menu_order":0,"comment_status":"open","ping_status":"open","template":"","meta":[],"aioseo_notices":[],"_links":{"self":[{"href":"https:\/\/yachtcharter-connection.com\/de\/wp-json\/wp\/v2\/pages\/2476"}],"collection":[{"href":"https:\/\/yachtcharter-connection.com\/de\/wp-json\/wp\/v2\/pages"}],"about":[{"href":"https:\/\/yachtcharter-connection.com\/de\/wp-json\/wp\/v2\/types\/page"}],"author":[{"embeddable":true,"href":"https:\/\/yachtcharter-connection.com\/de\/wp-json\/wp\/v2\/users\/11"}],"replies":[{"embeddable":true,"href":"https:\/\/yachtcharter-connection.com\/de\/wp-json\/wp\/v2\/comments?post=2476"}],"version-history":[{"count":1,"href":"https:\/\/yachtcharter-connection.com\/de\/wp-json\/wp\/v2\/pages\/2476\/revisions"}],"predecessor-version":[{"id":13192,"href":"https:\/\/yachtcharter-connection.com\/de\/wp-json\/wp\/v2\/pages\/2476\/revisions\/13192"}],"up":[{"embeddable":true,"href":"https:\/\/yachtcharter-connection.com\/de\/wp-json\/wp\/v2\/pages\/757"}],"wp:attachment":[{"href":"https:\/\/yachtcharter-connection.com\/de\/wp-json\/wp\/v2\/media?parent=2476"}],"curies":[{"name":"wp","href":"https:\/\/api.w.org\/{rel}","templated":true}]}}