{"id":2544,"date":"2015-08-10T05:53:47","date_gmt":"2015-08-10T05:53:47","guid":{"rendered":"http:\/\/yachtcharter-connection.com.w01e47c6.kasserver.com\/marina-kastela-673\/"},"modified":"2017-07-22T16:05:06","modified_gmt":"2017-07-22T14:05:06","slug":"marina-kastela-673","status":"publish","type":"page","link":"https:\/\/yachtcharter-connection.com\/de\/regionen\/mittelmeer\/yachtcharter-adria-sued\/marina-kastela-673\/","title":{"rendered":"Marina Kastela"},"content":{"rendered":"<h3>Yachtcharter Marina Kastela<\/h3>\n<p>\n<img loading=\"lazy\" class=\"content-image\"  height=\"225\" width=\"300\" src=\"https:\/\/yachtcharter-connection.com\/wp-content\/uploads\/converted_files\/20038\/20038-5624e36a68f99.jpg\" alt=\"Kroatien_Dalmatien_Split\" \/>Die Bucht von Kastela ist etwa acht Seemeilen lang und damit eine der gr\u00f6\u00dften Buchten Kroatiens. Sie liegt direkt zwischen den St\u00e4dten <a target=\"_blank\" href=\"~\/Yachtcharter_kroatien\/trogir.html\">Trogir<\/a> und <a target=\"_blank\" href=\"~\/Yachtcharter_kroatien\/split.html\">Split<\/a>, die beide viel mittelalterliches Flair bieten. Im Westen der Bucht liegt der Kanal von Trogir, im S\u00fcden die Halbinseln Ciovo und Marjan,im Osten die Stadt Split.<\/p>\n<p>Die moderne Marina Kastela ist Sitz zahlreicher Yachtcharter-St\u00fctzpunkte und bietet den Crews allen Komfort.<\/p>\n<p><\/p>\n","protected":false},"excerpt":{"rendered":"<p>Yachtcharter Marina Kastela Die Bucht von Kastela ist etwa acht Seemeilen lang und damit eine der gr\u00f6\u00dften Buchten Kroatiens. Sie liegt direkt zwischen den St\u00e4dten Trogir und Split, die beide viel mittelalterliches Flair bieten. Im Westen der Bucht liegt der Kanal von Trogir, im S\u00fcden die Halbinseln Ciovo und Marjan,im<\/p>\n","protected":false},"author":11,"featured_media":0,"parent":744,"menu_order":0,"comment_status":"open","ping_status":"open","template":"","meta":[],"aioseo_notices":[],"_links":{"self":[{"href":"https:\/\/yachtcharter-connection.com\/de\/wp-json\/wp\/v2\/pages\/2544"}],"collection":[{"href":"https:\/\/yachtcharter-connection.com\/de\/wp-json\/wp\/v2\/pages"}],"about":[{"href":"https:\/\/yachtcharter-connection.com\/de\/wp-json\/wp\/v2\/types\/page"}],"author":[{"embeddable":true,"href":"https:\/\/yachtcharter-connection.com\/de\/wp-json\/wp\/v2\/users\/11"}],"replies":[{"embeddable":true,"href":"https:\/\/yachtcharter-connection.com\/de\/wp-json\/wp\/v2\/comments?post=2544"}],"version-history":[{"count":2,"href":"https:\/\/yachtcharter-connection.com\/de\/wp-json\/wp\/v2\/pages\/2544\/revisions"}],"predecessor-version":[{"id":24273,"href":"https:\/\/yachtcharter-connection.com\/de\/wp-json\/wp\/v2\/pages\/2544\/revisions\/24273"}],"up":[{"embeddable":true,"href":"https:\/\/yachtcharter-connection.com\/de\/wp-json\/wp\/v2\/pages\/744"}],"wp:attachment":[{"href":"https:\/\/yachtcharter-connection.com\/de\/wp-json\/wp\/v2\/media?parent=2544"}],"curies":[{"name":"wp","href":"https:\/\/api.w.org\/{rel}","templated":true}]}}