{"id":2556,"date":"2015-08-10T05:53:43","date_gmt":"2015-08-10T05:53:43","guid":{"rendered":"http:\/\/yachtcharter-connection.com.w01e47c6.kasserver.com\/kalamaki-athen-784\/"},"modified":"2017-10-15T23:13:17","modified_gmt":"2017-10-15T21:13:17","slug":"kalamaki-athen-784","status":"publish","type":"page","link":"https:\/\/yachtcharter-connection.com\/de\/regionen\/mittelmeer\/yachtcharter-aegaeis-saronischer-golf-kykladen\/kalamaki-athen-784\/","title":{"rendered":"Kalamaki (Athen)"},"content":{"rendered":"<h3>Yachtcharter Kalamaki<\/h3>\n<p>\n<img loading=\"lazy\" class=\"content-image\"  width=\"300\" height=\"200\" alt=\"\" src=\"https:\/\/yachtcharter-connection.com\/wp-content\/uploads\/converted_files\/20052\/20052-5624e370667b9.jpg\" \/>Der Vorort Kalamaki, mit vielen Yachtcharter-St\u00fctzpunkten das Herz des griechischen Yachtcharter-Tourismus, liegt im S\u00fcden der Hauptstadt Athen, etwa 15 km vom Stadtzentrum entfernt, 8 km s\u00fcdlich vom Hafen Pir\u00e4us. Die Marina Kalamaki ist eine der gr\u00f6\u00dften Griechenlands, mit etwa 1000 Liegepl\u00e4tzen &#8211;  die meisten Yachtcharter-Unternehmendort  haben ihre Yachtcharter-Flotten in dem auch als Alimos Marina bezeichneten Bereich. <\/p>\n<p>Vom Flughafen ist dieser Yachtcharter-Hafen in etwa 45 Minuten per Bus erreichbar, die Athener Altstadt Plaka in eta 20 Minuten per Taxi. In der Marina selbst und in Kalamaki gibt es zahlreiche Bars und Tavernen, ganz in der N\u00e4he des Hafens einen Supermarkt und weitere Einkaufsm\u00f6glichkeiten f\u00fcr Yachtcharter-Crews. Nah bei Kalamaki liegt auch Vougliagmeni (Foto), edler Lieblings-Vorort der Athener an der griechischen Riviera.<\/p>\n<p>Von hier f\u00fchren einw\u00f6chige Yachtcharter-T\u00f6rns meist zu den Inseln im Saronischen Golf, wie Poros, Aegina, Hydra, Spetsai oder Portocheli -Yachtcharter-Crews, die mehr Zeit haben, segeln oft in die Inselwelt der Kykladen.<\/p>\n","protected":false},"excerpt":{"rendered":"<p>Yachtcharter Kalamaki Der Vorort Kalamaki, mit vielen Yachtcharter-St\u00fctzpunkten das Herz des griechischen Yachtcharter-Tourismus, liegt im S\u00fcden der Hauptstadt Athen, etwa 15 km vom Stadtzentrum entfernt, 8 km s\u00fcdlich vom Hafen Pir\u00e4us. Die Marina Kalamaki ist eine der gr\u00f6\u00dften Griechenlands, mit etwa 1000 Liegepl\u00e4tzen &#8211; die meisten Yachtcharter-Unternehmendort haben ihre Yachtcharter-Flotten<\/p>\n","protected":false},"author":11,"featured_media":0,"parent":741,"menu_order":0,"comment_status":"open","ping_status":"open","template":"","meta":[],"aioseo_notices":[],"_links":{"self":[{"href":"https:\/\/yachtcharter-connection.com\/de\/wp-json\/wp\/v2\/pages\/2556"}],"collection":[{"href":"https:\/\/yachtcharter-connection.com\/de\/wp-json\/wp\/v2\/pages"}],"about":[{"href":"https:\/\/yachtcharter-connection.com\/de\/wp-json\/wp\/v2\/types\/page"}],"author":[{"embeddable":true,"href":"https:\/\/yachtcharter-connection.com\/de\/wp-json\/wp\/v2\/users\/11"}],"replies":[{"embeddable":true,"href":"https:\/\/yachtcharter-connection.com\/de\/wp-json\/wp\/v2\/comments?post=2556"}],"version-history":[{"count":1,"href":"https:\/\/yachtcharter-connection.com\/de\/wp-json\/wp\/v2\/pages\/2556\/revisions"}],"predecessor-version":[{"id":13245,"href":"https:\/\/yachtcharter-connection.com\/de\/wp-json\/wp\/v2\/pages\/2556\/revisions\/13245"}],"up":[{"embeddable":true,"href":"https:\/\/yachtcharter-connection.com\/de\/wp-json\/wp\/v2\/pages\/741"}],"wp:attachment":[{"href":"https:\/\/yachtcharter-connection.com\/de\/wp-json\/wp\/v2\/media?parent=2556"}],"curies":[{"name":"wp","href":"https:\/\/api.w.org\/{rel}","templated":true}]}}