{"id":2558,"date":"2015-08-10T05:53:43","date_gmt":"2015-08-10T05:53:43","guid":{"rendered":"http:\/\/yachtcharter-connection.com.w01e47c6.kasserver.com\/rhodos-974\/"},"modified":"2017-10-16T18:17:47","modified_gmt":"2017-10-16T16:17:47","slug":"rhodos-974","status":"publish","type":"page","link":"https:\/\/yachtcharter-connection.com\/de\/regionen\/mittelmeer\/yachtcharter-aegaeis-dodekanes\/rhodos-974\/","title":{"rendered":"Rhodos"},"content":{"rendered":"<h3>Yachtcharter Rhodos<\/h3>\n<p><img loading=\"lazy\" class=\"content-image\"  width=\"300\" height=\"225\" alt=\"Griechenland_Rhodos\" src=\"https:\/\/yachtcharter-connection.com\/wp-content\/uploads\/converted_files\/20064\/20064-5624e373544a0.jpg\" \/>Rhodos, die Hauptinsel des Yachtcharter-Reviers Dodekanes, z\u00e4hlt pro Jahr \u00fcber 3000 Sonnenstunden und ist damit eine der sonnigsten Regionen Europas. Die Insel, Heimat mehrerer Yachtcharter-St\u00fctzpunkte, liegt im S\u00fcdwesten des Archipels auf der Linie zwischen \u00c4g\u00e4is und levantinischem Meer, zur t\u00fcrkischen Festlandk\u00fcste sind es nur etwa 10 Seemeilen. Auf Yachtcharter-T\u00f6rns zu den anderen nordwestlich gelegenen Dodekanes-Inseln muss man zwar h\u00e4ufig gegen die Hauptwindrichtung ankreuzen, daf\u00fcr bietet der R\u00fcckweg zur Yachtcharter-Basis dann oft genussvolle Raumschots-Kurse. Viele  Yachtcharter-Crews segeln von Rhodos auch zum t\u00fcrkischen Festland. An der Westk\u00fcste von Rhodos liegen die sogenannten Sch\u00e4ferinseln &ndash; Chalki und Alimia sind nur wenige Meilen entfernt. Auch die beliebte Insel Symi liegt in der N\u00e4he.<\/p>\n<p>\nIn der Stadt Rhodos im Norden der Insel liegen der F\u00e4hr- und Kreuzfahrthafen und die Yachtcharter-Marina Mandraki Harbour direkt nebeneinander. Yachtcharter-Crews, die in Rhodos einchecken, erreichen den Yachthafen vom Flughafen aus per Taxi in etwa 20 Minuten. Der Hafen ist laut und quirlig, daf\u00fcr erreichen Yachtcharter-Crews das Zentrum von Rhodos bequem zu Fu\u00df. Die Hafeneinfahrt ist leicht zu erkennen: Auf zwei S\u00e4ulen stehen die Wappentiere von Rhodos, Hirsch und Hirschkuh. Auf der Mole, die zu einem Spaziergang einl\u00e4dt, stehen die Festung Agios Nikolaos aus dem 15. Jahrhundert und einige vermutlich ebenso alte Windm\u00fchlen. Gegen\u00fcber der Yachtcharter-Marina liegt die Agora sowie zahlreiche Caf\u00e9s und Restaurants, im Zentrum gibt es zahlreiche Shops und Restaurants. Sehensw\u00fcrdigkeiten: der Gro\u00dfmeisterpalast und die Murad-Reis-Moschee.<\/p>\n<p>\nDie Yachtcharter-Destination Rhodos lebt \u00fcberwiegend vom Tourismus &#8211; aber auch Weinbau, Olivenanbau und Viehzucht wird intensiv betrieben. Die Westk\u00fcste ist mit Hotels, Diskotheken und Bars komplett auf Tourismus ausgerichtet, Zentrum des Tourismus ist wegen des milderen Klimas aber die Ostk\u00fcste mit dem Touristenzentrum Faliraki. Ausflugsziele f\u00fcr Yachtcharter-Crews: das Tal der Schmetterlinge im Nordwesten, die Thermen von Kallithea, die Ruinen der alten Stadt Kameiros im Westen oder die Ruine von Monolithos an der S\u00fcdk\u00fcste. <\/p>\n","protected":false},"excerpt":{"rendered":"<p>Yachtcharter Rhodos Rhodos, die Hauptinsel des Yachtcharter-Reviers Dodekanes, z\u00e4hlt pro Jahr \u00fcber 3000 Sonnenstunden und ist damit eine der sonnigsten Regionen Europas. Die Insel, Heimat mehrerer Yachtcharter-St\u00fctzpunkte, liegt im S\u00fcdwesten des Archipels auf der Linie zwischen \u00c4g\u00e4is und levantinischem Meer, zur t\u00fcrkischen Festlandk\u00fcste sind es nur etwa 10 Seemeilen. Auf<\/p>\n","protected":false},"author":11,"featured_media":0,"parent":763,"menu_order":0,"comment_status":"open","ping_status":"open","template":"","meta":[],"aioseo_notices":[],"_links":{"self":[{"href":"https:\/\/yachtcharter-connection.com\/de\/wp-json\/wp\/v2\/pages\/2558"}],"collection":[{"href":"https:\/\/yachtcharter-connection.com\/de\/wp-json\/wp\/v2\/pages"}],"about":[{"href":"https:\/\/yachtcharter-connection.com\/de\/wp-json\/wp\/v2\/types\/page"}],"author":[{"embeddable":true,"href":"https:\/\/yachtcharter-connection.com\/de\/wp-json\/wp\/v2\/users\/11"}],"replies":[{"embeddable":true,"href":"https:\/\/yachtcharter-connection.com\/de\/wp-json\/wp\/v2\/comments?post=2558"}],"version-history":[{"count":1,"href":"https:\/\/yachtcharter-connection.com\/de\/wp-json\/wp\/v2\/pages\/2558\/revisions"}],"predecessor-version":[{"id":13236,"href":"https:\/\/yachtcharter-connection.com\/de\/wp-json\/wp\/v2\/pages\/2558\/revisions\/13236"}],"up":[{"embeddable":true,"href":"https:\/\/yachtcharter-connection.com\/de\/wp-json\/wp\/v2\/pages\/763"}],"wp:attachment":[{"href":"https:\/\/yachtcharter-connection.com\/de\/wp-json\/wp\/v2\/media?parent=2558"}],"curies":[{"name":"wp","href":"https:\/\/api.w.org\/{rel}","templated":true}]}}