{"id":2562,"date":"2015-08-10T05:53:43","date_gmt":"2015-08-10T05:53:43","guid":{"rendered":"http:\/\/yachtcharter-connection.com.w01e47c6.kasserver.com\/sardinien-portisco\/"},"modified":"2018-03-05T18:14:06","modified_gmt":"2018-03-05T16:14:06","slug":"sardinien-portisco","status":"publish","type":"page","link":"https:\/\/yachtcharter-connection.com\/de\/regionen\/mittelmeer\/yachtcharter-sardinien\/sardinien-portisco\/","title":{"rendered":"Sardinien \/ Portisco"},"content":{"rendered":"<h1><strong>Yachtcharter Sardinien &#8211; Portisco<\/strong><\/h1>\n<p><a href=\"https:\/\/yachtcharter-connection.com\/wp-content\/uploads\/2015\/08\/Portisco-Marina.jpg\"><img loading=\"lazy\" class=\"alignleft size-full wp-image-26110\" src=\"https:\/\/yachtcharter-connection.com\/wp-content\/uploads\/2015\/08\/Portisco-Marina.jpg\" alt=\"Yachtcharter Marina di Portisco\" width=\"423\" height=\"276\" srcset=\"https:\/\/yachtcharter-connection.com\/wp-content\/uploads\/2015\/08\/Portisco-Marina.jpg 423w, https:\/\/yachtcharter-connection.com\/wp-content\/uploads\/2015\/08\/Portisco-Marina-300x196.jpg 300w\" sizes=\"(max-width: 423px) 100vw, 423px\" \/><\/a>Die Yachtcharter-Destination Portisco an der Nordostk\u00fcste <span style=\"color: #003366;\"><strong><a style=\"color: #003366;\" href=\"https:\/\/yachtcharter-connection.com\/de\/regionen\/mittelmeer\/yachtcharter-sardinien\/\" target=\"_blank\">Sardiniens<\/a><\/strong><\/span> ist f\u00fcr Yachtcharter Sardinien-Crews ein beliebter Ausgangspunkt f\u00fcr Segelt\u00f6rns an der Costa Smeralda, der Smaragdk\u00fcste, und zum Maddalena Archipel. Portisco, ein idyllischer Ferienort am Golfo di Cugnana, liegt zwischen den mond\u00e4nen Yachth\u00e4fen <span style=\"color: #003366;\"><strong><a style=\"color: #003366;\" href=\"https:\/\/yachtcharter-connection.com\/de\/regionen\/mittelmeer\/yachtcharter-sardinien\/sardinien-porto-cervo\/\" target=\"_blank\">Porto Cervo<\/a><\/strong><\/span> und <strong><span style=\"color: #003366;\"><a style=\"color: #003366;\" href=\"https:\/\/yachtcharter-connection.com\/de\/regionen\/mittelmeer\/yachtcharter-sardinien\/sardinien-porto-rotondo\/\" target=\"_blank\">Porto Rotondo<\/a><\/span><\/strong>. Im Gegensatz zu diesen \u00e4u\u00dferst beliebten Treffpunkten der High Society geht es in Portisco noch etwas ruhiger zu. Yachtcharter Sardinien-Portisco Crews erreichen den Hafen vom Flughafen Olbia aus &#8211; dieser ist rund 30 Kilometer entfernt, die Stadt <strong><span style=\"color: #003366;\"><a style=\"color: #003366;\" href=\"https:\/\/yachtcharter-connection.com\/de\/regionen\/mittelmeer\/yachtcharter-sardinien\/sardinien-olbia\/\" target=\"_blank\">Olbia<\/a><\/span><\/strong> etwa 20 Kilometer.<\/p>\n<p>Yachtcharter Portisco-Crews erwartet ein tolles Revier mit typischem Mittelmeerklima, zahlreichen Buchten und vorgelagerten Inseln in wundersch\u00f6ner Lage &#8211; und bei Landausfl\u00fcgen ein spannendes Umfeld zwischem stylish-exklusivem Flair mit Designershops und Nobelrestaurants der Costa Smeralda, landschaftlich sehr reizvollem Hinterland oder Kultur, Historie und Stadtleben im lebhaften Olbia. Ein absoluter Traum f\u00fcr alle Yachtcharter Portisco-Crews sind T\u00f6rns zum \u201eMaddalena Archipel\u201c, dem unter Naturschutz stehenden Nationalpark mit glasklarem smaragdgr\u00fcnen Wasser und manchmal sogar pinkfarben glitzernden Sandstr\u00e4nden.<\/p>\n<h2><strong>Charteryachten Portisco &#8211; Luxusyachten und Bareboat-Charteryachten<\/strong><\/h2>\n<p>In Portisco gibt es eine gro\u00dfe Charterflotte von Segelyachten und Katamaranen aller Gr\u00f6\u00dfen f\u00fcr das Segeln in Sardinien. Und nat\u00fcrlich stehen auch viele Luxusyachten, Motoryachten und Katamarane mit Crew f\u00fcr Ihren Traumurlaub zur Verf\u00fcgung. Chartern Sie die beste Yacht f\u00fcr Ihren Segelt\u00f6rn in Sardinien von Portisco online oder fragen Sie uns einfach nach Angeboten!<\/p>\n<p>&nbsp;<\/p>\n<h3><strong>Yachtcharter Portisco &#8211; der Yachthafen Marina di Portisco<\/strong><\/h3>\n<p><img loading=\"lazy\" class=\"content-image\" src=\"https:\/\/yachtcharter-connection.com\/wp-content\/uploads\/converted_files\/20096\/20096-5624e37a7f8a5.jpg\" alt=\"Yachtcharter_Sardinien_Portisco\" width=\"300\" height=\"200\" \/>Die Marina di Portisco mit dem gr\u00f6\u00dften Angebot an Charteryachten in Sardinien ist ein moderner Hafen mit fast 600 Liegepl\u00e4tzen (auch f\u00fcr Superyachten bis 90 Meter) und bietet Yachtcharter Portisco-Crews alle Annehmlichkeiten. Auch bei heftigen Mistralwinden, die in dieser Region vorkommen k\u00f6nnen, bieten die dreiarmigen Wellenbrecher Yachtcharter Sardinien-Crews guten Schutz. Die Marina di Portisco verf\u00fcgt unter anderem \u00fcber nette Cafes, Bars und Restaurants, Supermarkt, Hotel und einer Tankstelle. Sogar einen Hubschrauberlandeplatz gibt es ganz in der N\u00e4he. Wegen des klaren und sauberen Wassers wurde dieser Yachtcharter Sardinien-Hafen mit der europ\u00e4ischen Blauen Flagge ausgezeichnet.<\/p>\n<p>&nbsp;<\/p>\n<h3><strong>Yachtcharter Portisco &#8211; Cala dei Sardi<\/strong><\/h3>\n<p><a href=\"https:\/\/yachtcharter-connection.com\/wp-content\/uploads\/2015\/08\/PortiscoCala-dei-Sari-1-6.jpg\"><img loading=\"lazy\" class=\"alignleft wp-image-26111\" src=\"https:\/\/yachtcharter-connection.com\/wp-content\/uploads\/2015\/08\/PortiscoCala-dei-Sari-1-6.jpg\" alt=\"Yachtcharter Portisco Cala dei Sardi\" width=\"423\" height=\"317\" srcset=\"https:\/\/yachtcharter-connection.com\/wp-content\/uploads\/2015\/08\/PortiscoCala-dei-Sari-1-6.jpg 600w, https:\/\/yachtcharter-connection.com\/wp-content\/uploads\/2015\/08\/PortiscoCala-dei-Sari-1-6-300x225.jpg 300w\" sizes=\"(max-width: 423px) 100vw, 423px\" \/><\/a>Nur ein paar hundert Meter s\u00fcdlich von der gro\u00dfen Marina von Portisco gibt es eine sch\u00f6ne kleine Marina namens Cala dei Sardi. Es ist der Heimathafen einer gro\u00dfen Yachtcharter Sardinien-Basis mit einer gro\u00dfen Flotte von Segelyachten und Katamaranen &#8211; und ein toller Ausgangshafen f\u00fcr einen entspannten Charterurlaub zu beginnen. W\u00e4hrend Sie auf Ihr Boot warten, k\u00f6nnen Sie sich auf den Terrassen entspannen, schwimmen gehen, einen Drink im kleinen Caf\u00e9 genie\u00dfen &#8211; die Marina Cala dei Sardi \u00e4hnelt eher einem Beachclub.<\/p>\n<p>&nbsp;<\/p>\n<p>Charteryachten Portisco: In Portisco stehen f\u00fcr Yachtcharter Sardinien-Crews eine Charterflotte von Segelyachten von 30 bis 54 Fu\u00df mehrerer gro\u00dfer Hersteller zur Verf\u00fcgung: unter anderem Bavaria, Jeanneau Sun Odyssey und Beneteau Oceanis, au\u00dferdem Segelkatamarane von Lagoon sowie Motoryachten. Chartern Sie die beste Yacht f\u00fcr Ihren Segelt\u00f6rn in Sardinien ab Portisco online oder fragen Sie uns nach Angeboten \u2013 wir beraten Sie gern.<\/p>\n","protected":false},"excerpt":{"rendered":"<p>Yachtcharter Sardinien &#8211; Portisco Die Yachtcharter-Destination Portisco an der Nordostk\u00fcste Sardiniens ist f\u00fcr Yachtcharter Sardinien-Crews ein beliebter Ausgangspunkt f\u00fcr Segelt\u00f6rns an der Costa Smeralda, der Smaragdk\u00fcste, und zum Maddalena Archipel. Portisco, ein idyllischer Ferienort am Golfo di Cugnana, liegt zwischen den mond\u00e4nen Yachth\u00e4fen Porto Cervo und Porto Rotondo. Im Gegensatz<\/p>\n","protected":false},"author":11,"featured_media":0,"parent":760,"menu_order":0,"comment_status":"open","ping_status":"open","template":"","meta":[],"aioseo_notices":[],"_links":{"self":[{"href":"https:\/\/yachtcharter-connection.com\/de\/wp-json\/wp\/v2\/pages\/2562"}],"collection":[{"href":"https:\/\/yachtcharter-connection.com\/de\/wp-json\/wp\/v2\/pages"}],"about":[{"href":"https:\/\/yachtcharter-connection.com\/de\/wp-json\/wp\/v2\/types\/page"}],"author":[{"embeddable":true,"href":"https:\/\/yachtcharter-connection.com\/de\/wp-json\/wp\/v2\/users\/11"}],"replies":[{"embeddable":true,"href":"https:\/\/yachtcharter-connection.com\/de\/wp-json\/wp\/v2\/comments?post=2562"}],"version-history":[{"count":5,"href":"https:\/\/yachtcharter-connection.com\/de\/wp-json\/wp\/v2\/pages\/2562\/revisions"}],"predecessor-version":[{"id":26126,"href":"https:\/\/yachtcharter-connection.com\/de\/wp-json\/wp\/v2\/pages\/2562\/revisions\/26126"}],"up":[{"embeddable":true,"href":"https:\/\/yachtcharter-connection.com\/de\/wp-json\/wp\/v2\/pages\/760"}],"wp:attachment":[{"href":"https:\/\/yachtcharter-connection.com\/de\/wp-json\/wp\/v2\/media?parent=2562"}],"curies":[{"name":"wp","href":"https:\/\/api.w.org\/{rel}","templated":true}]}}