{"id":2563,"date":"2015-08-10T05:53:43","date_gmt":"2015-08-10T05:53:43","guid":{"rendered":"http:\/\/yachtcharter-connection.com.w01e47c6.kasserver.com\/piombino-marina-salivoli-188\/"},"modified":"2017-07-16T14:59:12","modified_gmt":"2017-07-16T12:59:12","slug":"piombino-marina-salivoli-188","status":"publish","type":"page","link":"https:\/\/yachtcharter-connection.com\/de\/regionen\/mittelmeer\/yachtcharter-ligurien-korsika-toskana-elba\/piombino-marina-salivoli-188\/","title":{"rendered":"Piombino \/ Marina Salivoli"},"content":{"rendered":"<h3>Yachtcharter Piombino &ndash; Marina Salivoli<\/h3>\n<p>\nDie Yachtcharter-Destination Piombino mit der Marina Salivoli, Hafenstadt in der Toskana mit \u00fcber 35.000 Einwohnern liegt am gleichnamigen Golf des Tyrrhenischen Meers, direkt gegen\u00fcber der bei Yachtcharter-Crews \u00e4u\u00dferst beliebten Insel Elba gegen\u00fcber.<\/p>\n<h4>Yachtcharter Piombino &#8211; Marina Salivolo &#8211; die Destination<\/h4>\n<p>Fr\u00fcher war Piombino Hauptstadt des gleichnamigen F\u00fcrstentums. Die alte Etruskerstadt Piombino hat zwar eine spannende Vergangenheit  &ndash; erst Napoleon Bonaparte beendete hier in seinem ersten Exil die Freiheit des Kleinstaats &#8211; ist heute aber \u00fcberwiegend industriell gepr\u00e4gt (piombo hei\u00dft &bdquo;Blei&ldquo;) mit Metallverarbeitung und Hoch\u00f6fen. Aber Yachtcharter Piombino-Crews, die ihren Yachtcharter-T\u00f6rn durch das toskanische Archipel in der Marina Salivoli starten, sollten sich trotzdem Zeit nehmen f\u00fcr einen Bummel durch die erstaunlich gut erhaltene Altstadt: mit Kirchen wie der Chiesa della Misericordia aus dem 13. Jahrhundert und die Abteikirche Sant&lsquo; Antimo aus dem 14. Jahrhundert, und Sehensw\u00fcrdigkeiten wie dem Torrione, einem 1212 erbauten Wehrturm,  oder dem Stadttor aus dem 15. Jahrhundert. Die Urspr\u00fcnge des F\u00e4hrhafens mit der Verbindung nach Portoferraio auf Elba  reichen gar bis zu 500 Jahren vor Christus zur\u00fcck &ndash; das Tor zum toskanischen Archipel hatte schon fr\u00fcher eine gro\u00dfe Bedeutung f\u00fcr die Stadt am Mittelmeer, und heute f\u00fcr den Yachtcharter-Tourismus in der Toskana umso mehr.<\/p>\n<p><\/p>\n<h3>Yachtcharter Piombino &#8211; die Umgebung<\/h3>\n<p>Die Yachtcharter-St\u00fctzpunkte in der modernen Marina di Salivoli liegen nur wenige Autominuten vom F\u00e4hrhafen entfernt . Ein idealer Ausganspunkt f\u00fcr Yachtcharter-Crews,  die ihren Segelt\u00f6rn nach Elba oder entlang der abwechslungsreichen und reizvollen K\u00fcste der Toskana starten wollen. Der Canale de Piombino und damit nur f\u00fcnf Seemeilen trennen die Yachtcharter-Destination Piombino von der Insel Elba.  Wei\u00dfe Str\u00e4nde, sanfte gr\u00fcne H\u00fcgel, schroffe Felsk\u00fcsten pr\u00e4gen die Landschaft rund um die Marina Salivoli. Yachtcharter Piombino-Crews k\u00f6nnen n\u00f6rdlich von Piombino die Ruinen der alten etruskischen Handelsstadt Populonia mit dem Hafen Porto Baratti erkunden, eine Stadt, in der vor allem Seehandel betrieben wurde. Die Landschaft Maremma, auch als beliebte Weinregion bekannt, dehnt sich nach Osten hin aus und ist einen Ausflug wert. Viele Yachtcharter-Crews segeln auch von der Marina di Salivoli aus via Elba gen Westen nach Korsika oder Sardinien. <\/p>\n<h4>Yachtcharter Marina di Salivoli &#8211; Hafen und Charterflotte<\/h4>\n<p>Die Marina di Salivoli mit mehreren Yachtcharter Piombino-S\u00fctzpunkten  ist durch einen 300 Meter langen Wellenbrecher gut gesch\u00fctzt und  nimmt Schiffe mit einer Gr\u00f6\u00dfe von bis zu 18 Metern auf. Yachtcharter-Crews finden hier alles, was sie brauchen: neben der \u00fcblichen Infrastruktur Einkaufszentrum, Bars und Restaurants auch Tankstelle, Wetterservice und beleuchtete Docks.  <\/p>\n<p>\nIn der Marina di Salivoli in Piombino stehen f\u00fcr Yachtcharter-Crews eine Charterflotte von Segelyachten fast aller gro\u00dfen Hersteller &ndash; Beneteau mit Oceanis und Cyclades, Bavaria, Jeanneau Sun Odyssey, Dufour, Segelkatamarane von Lagoon und Fountaine Pajot und  auch Motoryachten zur Verf\u00fcgung. Chartern Sie die beste  Yacht f\u00fcr Ihren Segelurlaub in der Toskana und Elba online &ndash; oder fragen Sie uns nach Angeboten &ndash; wir beraten Sie gern. <\/p>\n<p><\/p>\n","protected":false},"excerpt":{"rendered":"<p>Yachtcharter Piombino &ndash; Marina Salivoli Die Yachtcharter-Destination Piombino mit der Marina Salivoli, Hafenstadt in der Toskana mit \u00fcber 35.000 Einwohnern liegt am gleichnamigen Golf des Tyrrhenischen Meers, direkt gegen\u00fcber der bei Yachtcharter-Crews \u00e4u\u00dferst beliebten Insel Elba gegen\u00fcber. Yachtcharter Piombino &#8211; Marina Salivolo &#8211; die Destination Fr\u00fcher war Piombino Hauptstadt des<\/p>\n","protected":false},"author":11,"featured_media":0,"parent":759,"menu_order":0,"comment_status":"open","ping_status":"open","template":"","meta":[],"aioseo_notices":[],"_links":{"self":[{"href":"https:\/\/yachtcharter-connection.com\/de\/wp-json\/wp\/v2\/pages\/2563"}],"collection":[{"href":"https:\/\/yachtcharter-connection.com\/de\/wp-json\/wp\/v2\/pages"}],"about":[{"href":"https:\/\/yachtcharter-connection.com\/de\/wp-json\/wp\/v2\/types\/page"}],"author":[{"embeddable":true,"href":"https:\/\/yachtcharter-connection.com\/de\/wp-json\/wp\/v2\/users\/11"}],"replies":[{"embeddable":true,"href":"https:\/\/yachtcharter-connection.com\/de\/wp-json\/wp\/v2\/comments?post=2563"}],"version-history":[{"count":1,"href":"https:\/\/yachtcharter-connection.com\/de\/wp-json\/wp\/v2\/pages\/2563\/revisions"}],"predecessor-version":[{"id":12968,"href":"https:\/\/yachtcharter-connection.com\/de\/wp-json\/wp\/v2\/pages\/2563\/revisions\/12968"}],"up":[{"embeddable":true,"href":"https:\/\/yachtcharter-connection.com\/de\/wp-json\/wp\/v2\/pages\/759"}],"wp:attachment":[{"href":"https:\/\/yachtcharter-connection.com\/de\/wp-json\/wp\/v2\/media?parent=2563"}],"curies":[{"name":"wp","href":"https:\/\/api.w.org\/{rel}","templated":true}]}}