{"id":2565,"date":"2015-08-10T05:53:44","date_gmt":"2015-08-10T05:53:44","guid":{"rendered":"http:\/\/yachtcharter-connection.com.w01e47c6.kasserver.com\/sibenik-638\/"},"modified":"2016-10-29T18:14:08","modified_gmt":"2016-10-29T16:14:08","slug":"sibenik-638","status":"publish","type":"page","link":"https:\/\/yachtcharter-connection.com\/de\/regionen\/mittelmeer\/yachtcharter-adria-nord\/sibenik-638\/","title":{"rendered":"Sibenik"},"content":{"rendered":"<h3>Yachtcharter Sibenik<\/h3>\n<p><img loading=\"lazy\" class=\"content-image\"  height=\"163\" width=\"300\" alt=\"Krka-Wasserf\u00e4lle\" src=\"https:\/\/yachtcharter-connection.com\/wp-content\/uploads\/converted_files\/20133\/20133-5624e37bedf0b.jpg\" \/>Sibenik, Standort mehrerer gro\u00dfer Yachtcharter-Basen, ist ein idealer Ausgangspunkt sowohl f\u00fcr T\u00f6rns in die Kornaten als auch nach Mittel- und S\u00fcddalmatien. Die fast 1000 Jahre alte Stadt liegt nah der M\u00fcndung des Flusses Krka in die Adria an einem gro\u00dfen gesch\u00fctzen Naturhafen mit mehreren Marinas, der durch den Kanal  Sveti Ante angesteuert wird. Die Kathedrale von Sibenik, Sveti Jakov, wurde im 15. und 16. Jahrhundert mit Stilelementen der Renaissance und der Gothik komplett aus wei\u00dfem Marmor von der Insel Brac gebaut &#8211; heute geh\u00f6rt sie zum Weltkulturerbe der Unesco. Beim Landgang warten vier alte festungen auf Besucher. Die Festung des Heiligen Nikolaus &quot;bewacht&quot; den Adria-Zugang, von der Festung St. Anna hat man einen herrlichen Blick auf die Altstadt: Hier locken enge Gassen mit venezianischen Stadth\u00e4usern und zahlreichen Kirchen zum Bummeln. <\/p>\n<p>Die meisten Yachtcharter-Crews werden sich einen Ausflug in den Krka-Nationalpark mit seinen ber\u00fchmten Wasserf\u00e4llen kaum entgehen lassen: Tagestouren kann man in Sibenik direkt buchen &#8211; oder man f\u00e4hrt auf eigenem Kiel den Fluss hinauf bis zur Marina Skradin.<\/p>\n<p><br type=\"_moz\" \/><\/p>\n","protected":false},"excerpt":{"rendered":"<p>Yachtcharter Sibenik Sibenik, Standort mehrerer gro\u00dfer Yachtcharter-Basen, ist ein idealer Ausgangspunkt sowohl f\u00fcr T\u00f6rns in die Kornaten als auch nach Mittel- und S\u00fcddalmatien. Die fast 1000 Jahre alte Stadt liegt nah der M\u00fcndung des Flusses Krka in die Adria an einem gro\u00dfen gesch\u00fctzen Naturhafen mit mehreren Marinas, der durch den<\/p>\n","protected":false},"author":11,"featured_media":0,"parent":757,"menu_order":0,"comment_status":"open","ping_status":"open","template":"","meta":[],"aioseo_notices":[],"_links":{"self":[{"href":"https:\/\/yachtcharter-connection.com\/de\/wp-json\/wp\/v2\/pages\/2565"}],"collection":[{"href":"https:\/\/yachtcharter-connection.com\/de\/wp-json\/wp\/v2\/pages"}],"about":[{"href":"https:\/\/yachtcharter-connection.com\/de\/wp-json\/wp\/v2\/types\/page"}],"author":[{"embeddable":true,"href":"https:\/\/yachtcharter-connection.com\/de\/wp-json\/wp\/v2\/users\/11"}],"replies":[{"embeddable":true,"href":"https:\/\/yachtcharter-connection.com\/de\/wp-json\/wp\/v2\/comments?post=2565"}],"version-history":[{"count":1,"href":"https:\/\/yachtcharter-connection.com\/de\/wp-json\/wp\/v2\/pages\/2565\/revisions"}],"predecessor-version":[{"id":13197,"href":"https:\/\/yachtcharter-connection.com\/de\/wp-json\/wp\/v2\/pages\/2565\/revisions\/13197"}],"up":[{"embeddable":true,"href":"https:\/\/yachtcharter-connection.com\/de\/wp-json\/wp\/v2\/pages\/757"}],"wp:attachment":[{"href":"https:\/\/yachtcharter-connection.com\/de\/wp-json\/wp\/v2\/media?parent=2565"}],"curies":[{"name":"wp","href":"https:\/\/api.w.org\/{rel}","templated":true}]}}